{"id":1401,"date":"2022-09-05T17:11:08","date_gmt":"2022-09-05T20:11:08","guid":{"rendered":"https:\/\/portal.unisepe.com.br\/fasupi\/?page_id=1401"},"modified":"2022-09-12T16:22:11","modified_gmt":"2022-09-12T19:22:11","slug":"formularios","status":"publish","type":"page","link":"https:\/\/portal.unisepe.com.br\/fasupi\/cpex\/formularios\/","title":{"rendered":"Formul\u00e1rios"},"content":{"rendered":"<p><strong>Qualifica\u00e7\u00e3o Docente<\/strong><\/p>\n<hr \/>\n<ul>\n<li><a href=\"https:\/\/portal.unisepe.com.br\/fasupi\/wp-content\/uploads\/sites\/10010\/2022\/09\/formul\u00e1rio-de-solicita\u00e7\u00e3o-de-apoio.pdf\">Formul\u00e1rio de Solicita\u00e7\u00e3o de Apoio<\/a><\/li>\n<\/ul>\n<p>&nbsp;<\/p>\n<p><strong>Pesquisa<\/strong><\/p>\n<hr \/>\n<ul>\n<li><a href=\"https:\/\/portal.unisepe.com.br\/fasupi\/wp-content\/uploads\/sites\/10010\/2022\/09\/Modelo-de-projeto-de-pesquisa.pdf\">Modelo de projeto de pesquisa<\/a><\/li>\n<\/ul>\n<p>&nbsp;<\/p>\n<p><strong>Monitoria<\/strong><\/p>\n<hr \/>\n<ul>\n<li>Orientadores\n<ul>\n<li><a href=\"https:\/\/portal.unisepe.com.br\/fasupi\/wp-content\/uploads\/sites\/10010\/2022\/09\/Relat\u00f3rio-de-atividades-monitoria.pdf\">Relat\u00f3rio de atividades monitoria<\/a><\/li>\n<li><a href=\"https:\/\/portal.unisepe.com.br\/fasupi\/wp-content\/uploads\/sites\/10010\/2022\/09\/Formul\u00e1rio-de-acompanhameto-monitoria.pdf\">Formul\u00e1rio de acompanhameto monitoria<\/a><\/li>\n<li><a href=\"https:\/\/portal.unisepe.com.br\/fasupi\/wp-content\/uploads\/sites\/10010\/2022\/09\/Avalia\u00e7\u00e3o-de-relat\u00f3rio-monitoria.pdf\">Avalia\u00e7\u00e3o de relat\u00f3rio monitoria<\/a><\/li>\n<\/ul>\n<\/li>\n<li>Alunos\n<ul>\n<li><a href=\"https:\/\/portal.unisepe.com.br\/fasupi\/wp-content\/uploads\/sites\/10010\/2022\/09\/Relat\u00f3rio-de-atividades-monitoria-1.pdf\">Relat\u00f3rio de atividades monitoria<\/a><\/li>\n<li><a href=\"https:\/\/portal.unisepe.com.br\/fasupi\/wp-content\/uploads\/sites\/10010\/2022\/09\/Plano-de-trabalho-monitoria.pdf\">Plano de trabalho monitoria<\/a><\/li>\n<li><a href=\"https:\/\/portal.unisepe.com.br\/fasupi\/wp-content\/uploads\/sites\/10010\/2022\/09\/Formul\u00e1rio-de-atendimento-monitoria.pdf\">Formul\u00e1rio de atendimento monitoria<\/a><\/li>\n<li><a href=\"https:\/\/portal.unisepe.com.br\/fasupi\/wp-content\/uploads\/sites\/10010\/2022\/09\/Formul\u00e1rio-Cancelamento-de-Monitoria-e-IC.pdf\">Formul\u00e1rio de Cancelamento de Monitoria e IC<\/a><\/li>\n<\/ul>\n<\/li>\n<\/ul>\n<p>&nbsp;<\/p>\n<p>&nbsp;<\/p>\n<p><strong>Inicia\u00e7\u00e3o Cient\u00edfica<\/strong><\/p>\n<hr \/>\n<ul>\n<li><a href=\"https:\/\/portal.unisepe.com.br\/fasupi\/wp-content\/uploads\/sites\/10010\/2022\/09\/Relat\u00f3rio-de-inicia\u00e7\u00e3o-cient\u00edfica.pdf\">Relat\u00f3rio de inicia\u00e7\u00e3o cient\u00edfica<\/a><\/li>\n<li><a href=\"https:\/\/portal.unisepe.com.br\/fasupi\/wp-content\/uploads\/sites\/10010\/2022\/09\/Projeto-de-inicia\u00e7\u00e3o-cient\u00edfica.pdf\">Projeto de inicia\u00e7\u00e3o cient\u00edfica<\/a><\/li>\n<li><a href=\"https:\/\/portal.unisepe.com.br\/fasupi\/wp-content\/uploads\/sites\/10010\/2022\/09\/Formul\u00e1rio-Cancelamento-de-Monitoria-e-IC-1.pdf\">Formul\u00e1rio Cancelamento de Monitoria e IC<\/a><\/li>\n<li><a href=\"https:\/\/portal.unisepe.com.br\/fasupi\/wp-content\/uploads\/sites\/10010\/2022\/09\/Formul\u00e1rio-Acompanhamento-de-Orientacao.pdf\">Formul\u00e1rio Acompanhamento de Orientacao<\/a><\/li>\n<\/ul>\n<p>&nbsp;<\/p>\n<p><strong>Grupo de Pesquisa<\/strong><\/p>\n<hr \/>\n<ul>\n<li><a href=\"https:\/\/portal.unisepe.com.br\/fasupi\/wp-content\/uploads\/sites\/10010\/2022\/09\/Relatorio-de-Grupo-de-Pesquisa-CPEx-1.pdf\">Relat\u00f3rio de Grupo de Pesquisa CPEx<\/a><\/li>\n<li><a href=\"https:\/\/portal.unisepe.com.br\/fasupi\/wp-content\/uploads\/sites\/10010\/2022\/09\/Formulario-de-Grupo-de-Pesquisa-1-1.pdf\">Formul\u00e1rio de Grupo de Pesquisa<\/a><\/li>\n<\/ul>\n<p>&nbsp;<\/p>\n<p><strong>Grupo de Estudo<\/strong><\/p>\n<hr \/>\n<ul>\n<li><a href=\"https:\/\/portal.unisepe.com.br\/fasupi\/wp-content\/uploads\/sites\/10010\/2022\/09\/Relatorio-de-Atividades-Grupos-de-Estudos-1.pdf\">Relatorio de Atividades Grupos de Estudos<\/a><\/li>\n<li><a href=\"https:\/\/portal.unisepe.com.br\/fasupi\/wp-content\/uploads\/sites\/10010\/2022\/09\/Lista-de-presen\u00e7a-Grupos-de-Estudos-1.pdf\">Lista de presen\u00e7a &#8211; Grupos de Estudos<\/a><\/li>\n<li><a href=\"https:\/\/portal.unisepe.com.br\/fasupi\/wp-content\/uploads\/sites\/10010\/2022\/09\/Formul\u00e1rio-de-Proposi\u00e7\u00e3o-de-Grupos-de-Estudo-1-1.pdf\">Formul\u00e1rio de Proposi\u00e7\u00e3o de Grupos de Estudo<\/a><\/li>\n<\/ul>\n<p>&nbsp;<\/p>\n<p><strong>Extens\u00e3o<\/strong><\/p>\n<hr \/>\n<ul>\n<li><a href=\"https:\/\/portal.unisepe.com.br\/fasupi\/wp-content\/uploads\/sites\/10010\/2022\/09\/Lista-de-Presenca-Eventos-1.pdf\">Lista de Presen\u00e7a Eventos<\/a><\/li>\n<li><a href=\"https:\/\/portal.unisepe.com.br\/fasupi\/wp-content\/uploads\/sites\/10010\/2022\/09\/Lista-de-Presenca-Atividades-de-Extensao-1.pdf\">Lista de Presen\u00e7a Atividades de Extensao<\/a><\/li>\n<li><a href=\"https:\/\/portal.unisepe.com.br\/fasupi\/wp-content\/uploads\/sites\/10010\/2022\/09\/Formulario-de-Extensao-Visita-tecnica-1.pdf\">Formul\u00e1rio de Extensao Visita tecnica<\/a><\/li>\n<li><a href=\"https:\/\/portal.unisepe.com.br\/fasupi\/wp-content\/uploads\/sites\/10010\/2022\/09\/Formulario-de-Extensao-Projeto-e-Programa-1.pdf\">Formul\u00e1rio de Extensao Projeto e Programa<\/a><\/li>\n<li><a href=\"https:\/\/portal.unisepe.com.br\/fasupi\/wp-content\/uploads\/sites\/10010\/2022\/09\/Formulario-de-Extensao-Eventos-e-Outros-1.pdf\">Formul\u00e1rio de Extensao Eventos e Outros<\/a><\/li>\n<li><a href=\"https:\/\/portal.unisepe.com.br\/fasupi\/wp-content\/uploads\/sites\/10010\/2022\/09\/Formulario-de-Extensao-Cursos-1.pdf\">Formul\u00e1rio de Extensao Cursos <\/a><\/li>\n<li><a href=\"https:\/\/portal.unisepe.com.br\/fasupi\/wp-content\/uploads\/sites\/10010\/2022\/09\/Formulario-de-atividade-Comunitarias-e-parcerias.docx-1.pdf\">Formul\u00e1rio de atividade Comunitarias e parcerias<\/a><\/li>\n<\/ul>\n","protected":false},"excerpt":{"rendered":"<p>Qualifica\u00e7\u00e3o Docente Formul\u00e1rio de Solicita\u00e7\u00e3o de Apoio &nbsp; Pesquisa Modelo de projeto de pesquisa &nbsp; Monitoria Orientadores Relat\u00f3rio de atividades monitoria Formul\u00e1rio de acompanhameto monitoria Avalia\u00e7\u00e3o de relat\u00f3rio monitoria Alunos Relat\u00f3rio de atividades monitoria Plano de trabalho monitoria Formul\u00e1rio de atendimento monitoria Formul\u00e1rio de Cancelamento de Monitoria e IC &nbsp;<\/p>\n","protected":false},"author":6,"featured_media":0,"parent":1162,"menu_order":0,"comment_status":"closed","ping_status":"closed","template":"templates\/template-pagina_menu_vertical.php","meta":{"footnotes":""},"categories":[],"tags":[],"class_list":["post-1401","page","type-page","status-publish","hentry"],"_links":{"self":[{"href":"https:\/\/portal.unisepe.com.br\/fasupi\/wp-json\/wp\/v2\/pages\/1401","targetHints":{"allow":["GET"]}}],"collection":[{"href":"https:\/\/portal.unisepe.com.br\/fasupi\/wp-json\/wp\/v2\/pages"}],"about":[{"href":"https:\/\/portal.unisepe.com.br\/fasupi\/wp-json\/wp\/v2\/types\/page"}],"author":[{"embeddable":true,"href":"https:\/\/portal.unisepe.com.br\/fasupi\/wp-json\/wp\/v2\/users\/6"}],"replies":[{"embeddable":true,"href":"https:\/\/portal.unisepe.com.br\/fasupi\/wp-json\/wp\/v2\/comments?post=1401"}],"version-history":[{"count":6,"href":"https:\/\/portal.unisepe.com.br\/fasupi\/wp-json\/wp\/v2\/pages\/1401\/revisions"}],"predecessor-version":[{"id":1511,"href":"https:\/\/portal.unisepe.com.br\/fasupi\/wp-json\/wp\/v2\/pages\/1401\/revisions\/1511"}],"up":[{"embeddable":true,"href":"https:\/\/portal.unisepe.com.br\/fasupi\/wp-json\/wp\/v2\/pages\/1162"}],"wp:attachment":[{"href":"https:\/\/portal.unisepe.com.br\/fasupi\/wp-json\/wp\/v2\/media?parent=1401"}],"wp:term":[{"taxonomy":"category","embeddable":true,"href":"https:\/\/portal.unisepe.com.br\/fasupi\/wp-json\/wp\/v2\/categories?post=1401"},{"taxonomy":"post_tag","embeddable":true,"href":"https:\/\/portal.unisepe.com.br\/fasupi\/wp-json\/wp\/v2\/tags?post=1401"}],"curies":[{"name":"wp","href":"https:\/\/api.w.org\/{rel}","templated":true}]}}