{"id":1403,"date":"2022-09-05T17:17:07","date_gmt":"2022-09-05T20:17:07","guid":{"rendered":"https:\/\/portal.unisepe.com.br\/fasupi\/?page_id=1403"},"modified":"2022-09-06T20:47:37","modified_gmt":"2022-09-06T23:47:37","slug":"plano-de-extensao","status":"publish","type":"page","link":"https:\/\/portal.unisepe.com.br\/fasupi\/cpex\/plano-de-extensao\/","title":{"rendered":"Plano de Extens\u00e3o"},"content":{"rendered":"<p><span style=\"font-weight: 400\">Na FASUPI, a pol\u00edtica institucional de extens\u00e3o deve ser capaz de oportunizar a\u00e7\u00f5es e atividades que possam contribuir especificamente para o desenvolvimento do ensino e de inicia\u00e7\u00e3o a pesquisa, levando para a sociedade os produtos deste processo, vinculando as a\u00e7\u00f5es sociais, acad\u00eamicas e de pesquisa inerentes as fun\u00e7\u00f5es da FASUPI. Caracterizando assim, um processo de forma\u00e7\u00e3o de pessoas e gera\u00e7\u00e3o de conhecimento, que tenha o aluno como protagonista e proporcionado uma uni\u00e3o bilateral entre universidade e comunidade.<\/span><span style=\"font-weight: 400\"><br \/>\n<\/span><span style=\"font-weight: 400\">Para tanto, a FASUPI define quatro diretrizes, que s\u00e3o o alicerce das Pol\u00edticas de Extens\u00e3o.<\/span><\/p>\n<p>&nbsp;<\/p>\n<p><a href=\"https:\/\/portal.unisepe.com.br\/fasupi\/wp-content\/uploads\/sites\/10010\/2022\/09\/Plano-de-extens\u00e3o.png\"><img loading=\"lazy\" decoding=\"async\" src=\"https:\/\/portal.unisepe.com.br\/fasupi\/wp-content\/uploads\/sites\/10010\/2022\/09\/Plano-de-extens\u00e3o.png\" alt=\"\" width=\"601\" height=\"442\" class=\"aligncenter size-full wp-image-1460\" srcset=\"https:\/\/portal.unisepe.com.br\/fasupi\/wp-content\/uploads\/sites\/10010\/2022\/09\/Plano-de-extens\u00e3o.png 601w, https:\/\/portal.unisepe.com.br\/fasupi\/wp-content\/uploads\/sites\/10010\/2022\/09\/Plano-de-extens\u00e3o-300x221.png 300w\" sizes=\"auto, (max-width: 601px) 100vw, 601px\" \/><\/a><\/p>\n<p>&nbsp;<\/p>\n<p style=\"text-align: center\"><span style=\"font-weight: 400\">Figura 01 \u2013 Diretrizes para Extens\u00e3o<\/span><\/p>\n<p><span style=\"font-weight: 400\">\u00a0<\/span><\/p>\n<p><span style=\"font-weight: 400\">O Plano Institucional de Extens\u00e3o da FASUPI desenvolve a\u00e7\u00f5es junto \u00e0 comunidade, envolvendo alicerces de ensino e pesquisa, contemplados dentro dos programas de extens\u00e3o. Os programas devem contemplar um ou mais eixos extensionistas definidos nos documentos oficiais e no Regulamento Institucional de Extens\u00e3o da FASUPI. Para tanto, diferentes propostas defendidas por cada projeto somam e fortalecem nossos programas, abordando diferentes aspectos acad\u00eamicos, sociais e de pesquisa. Assim, cada programa de extens\u00e3o estabelecido, deve garantir: Projetos, Eventos, Cursos e Oficinas, Presta\u00e7\u00e3o de servi\u00e7os e Produ\u00e7\u00e3o e Publica\u00e7\u00e3o.<\/span><\/p>\n<p>&nbsp;<\/p>\n<p><a href=\"https:\/\/portal.unisepe.com.br\/fasupi\/wp-content\/uploads\/sites\/10010\/2022\/09\/eixo-extensionistas.png\"><img loading=\"lazy\" decoding=\"async\" src=\"https:\/\/portal.unisepe.com.br\/fasupi\/wp-content\/uploads\/sites\/10010\/2022\/09\/eixo-extensionistas.png\" alt=\"\" width=\"600\" height=\"445\" class=\"aligncenter size-full wp-image-1461\" srcset=\"https:\/\/portal.unisepe.com.br\/fasupi\/wp-content\/uploads\/sites\/10010\/2022\/09\/eixo-extensionistas.png 600w, https:\/\/portal.unisepe.com.br\/fasupi\/wp-content\/uploads\/sites\/10010\/2022\/09\/eixo-extensionistas-300x223.png 300w\" sizes=\"auto, (max-width: 600px) 100vw, 600px\" \/><\/a><\/p>\n<p style=\"text-align: center\"><span>Figura 02 \u2013 Programas e Eixos Extensionistas<\/span><\/p>\n","protected":false},"excerpt":{"rendered":"<p>Na FASUPI, a pol\u00edtica institucional de extens\u00e3o deve ser capaz de oportunizar a\u00e7\u00f5es e atividades que possam contribuir especificamente para o desenvolvimento do ensino e de inicia\u00e7\u00e3o a pesquisa, levando para a sociedade os produtos deste processo, vinculando as a\u00e7\u00f5es sociais, acad\u00eamicas e de pesquisa inerentes as fun\u00e7\u00f5es da FASUPI.<\/p>\n","protected":false},"author":6,"featured_media":0,"parent":1162,"menu_order":0,"comment_status":"closed","ping_status":"closed","template":"templates\/template-pagina_menu_vertical.php","meta":{"footnotes":""},"categories":[],"tags":[],"class_list":["post-1403","page","type-page","status-publish","hentry"],"_links":{"self":[{"href":"https:\/\/portal.unisepe.com.br\/fasupi\/wp-json\/wp\/v2\/pages\/1403","targetHints":{"allow":["GET"]}}],"collection":[{"href":"https:\/\/portal.unisepe.com.br\/fasupi\/wp-json\/wp\/v2\/pages"}],"about":[{"href":"https:\/\/portal.unisepe.com.br\/fasupi\/wp-json\/wp\/v2\/types\/page"}],"author":[{"embeddable":true,"href":"https:\/\/portal.unisepe.com.br\/fasupi\/wp-json\/wp\/v2\/users\/6"}],"replies":[{"embeddable":true,"href":"https:\/\/portal.unisepe.com.br\/fasupi\/wp-json\/wp\/v2\/comments?post=1403"}],"version-history":[{"count":5,"href":"https:\/\/portal.unisepe.com.br\/fasupi\/wp-json\/wp\/v2\/pages\/1403\/revisions"}],"predecessor-version":[{"id":1462,"href":"https:\/\/portal.unisepe.com.br\/fasupi\/wp-json\/wp\/v2\/pages\/1403\/revisions\/1462"}],"up":[{"embeddable":true,"href":"https:\/\/portal.unisepe.com.br\/fasupi\/wp-json\/wp\/v2\/pages\/1162"}],"wp:attachment":[{"href":"https:\/\/portal.unisepe.com.br\/fasupi\/wp-json\/wp\/v2\/media?parent=1403"}],"wp:term":[{"taxonomy":"category","embeddable":true,"href":"https:\/\/portal.unisepe.com.br\/fasupi\/wp-json\/wp\/v2\/categories?post=1403"},{"taxonomy":"post_tag","embeddable":true,"href":"https:\/\/portal.unisepe.com.br\/fasupi\/wp-json\/wp\/v2\/tags?post=1403"}],"curies":[{"name":"wp","href":"https:\/\/api.w.org\/{rel}","templated":true}]}}