{"id":1556,"date":"2022-09-30T11:23:42","date_gmt":"2022-09-30T14:23:42","guid":{"rendered":"https:\/\/portal.unisepe.com.br\/fasupi\/?page_id=1556"},"modified":"2022-09-30T11:33:10","modified_gmt":"2022-09-30T14:33:10","slug":"avaliacao-comunidade-externa","status":"publish","type":"page","link":"https:\/\/portal.unisepe.com.br\/fasupi\/cpa\/avaliacao-comunidade-externa\/","title":{"rendered":"Avalia\u00e7\u00e3o Comunidade Externa"},"content":{"rendered":"<p>Essa pesquisa \u00e9 destinada \u00e0s pessoas que n\u00e3o s\u00e3o estudantes, professores ou servidores t\u00e9cnico administrativo da FASUPI.<br \/>\nSua participa\u00e7\u00e3o \u00e9 volunt\u00e1ria e n\u00e3o \u00e9 necess\u00e1rio que se identifique.<\/p>\n<p style=\"text-align: justify;\">A <span>Faculdade Sul Paulista de Itanha\u00e9m<\/span> disponibiliza uma pesquisa para nos aproximar e entender melhor nossa comunidade externa.<\/p>\n<p>&nbsp;<\/p>\n<p style=\"text-align: center;\"><a href=\"https:\/\/portal.unisepe.com.br\/unisepe\/geral\/pesquisas\/responder\/pesquisas\/?pesquisa_filial=0304&amp;pesquisa=56\" class=\"btn btn-primary \">Iniciar pesquisa<\/a><\/p>\n<p>&nbsp;<\/p>\n","protected":false},"excerpt":{"rendered":"<p>Essa pesquisa \u00e9 destinada \u00e0s pessoas que n\u00e3o s\u00e3o estudantes, professores ou servidores t\u00e9cnico administrativo da FASUPI. Sua participa\u00e7\u00e3o \u00e9 volunt\u00e1ria e n\u00e3o \u00e9 necess\u00e1rio que se identifique. A Faculdade Sul Paulista de Itanha\u00e9m disponibiliza uma pesquisa para nos aproximar e entender melhor nossa comunidade externa. &nbsp; Iniciar pesquisa &nbsp;<\/p>\n","protected":false},"author":1,"featured_media":0,"parent":262,"menu_order":0,"comment_status":"closed","ping_status":"closed","template":"templates\/template-pagina_menu_vertical.php","meta":{"footnotes":""},"categories":[],"tags":[],"class_list":["post-1556","page","type-page","status-publish","hentry"],"_links":{"self":[{"href":"https:\/\/portal.unisepe.com.br\/fasupi\/wp-json\/wp\/v2\/pages\/1556","targetHints":{"allow":["GET"]}}],"collection":[{"href":"https:\/\/portal.unisepe.com.br\/fasupi\/wp-json\/wp\/v2\/pages"}],"about":[{"href":"https:\/\/portal.unisepe.com.br\/fasupi\/wp-json\/wp\/v2\/types\/page"}],"author":[{"embeddable":true,"href":"https:\/\/portal.unisepe.com.br\/fasupi\/wp-json\/wp\/v2\/users\/1"}],"replies":[{"embeddable":true,"href":"https:\/\/portal.unisepe.com.br\/fasupi\/wp-json\/wp\/v2\/comments?post=1556"}],"version-history":[{"count":3,"href":"https:\/\/portal.unisepe.com.br\/fasupi\/wp-json\/wp\/v2\/pages\/1556\/revisions"}],"predecessor-version":[{"id":1561,"href":"https:\/\/portal.unisepe.com.br\/fasupi\/wp-json\/wp\/v2\/pages\/1556\/revisions\/1561"}],"up":[{"embeddable":true,"href":"https:\/\/portal.unisepe.com.br\/fasupi\/wp-json\/wp\/v2\/pages\/262"}],"wp:attachment":[{"href":"https:\/\/portal.unisepe.com.br\/fasupi\/wp-json\/wp\/v2\/media?parent=1556"}],"wp:term":[{"taxonomy":"category","embeddable":true,"href":"https:\/\/portal.unisepe.com.br\/fasupi\/wp-json\/wp\/v2\/categories?post=1556"},{"taxonomy":"post_tag","embeddable":true,"href":"https:\/\/portal.unisepe.com.br\/fasupi\/wp-json\/wp\/v2\/tags?post=1556"}],"curies":[{"name":"wp","href":"https:\/\/api.w.org\/{rel}","templated":true}]}}