{"id":1575,"date":"2022-10-04T20:50:47","date_gmt":"2022-10-04T23:50:47","guid":{"rendered":"https:\/\/portal.unisepe.com.br\/fasupi\/?page_id=1575"},"modified":"2022-10-04T20:52:05","modified_gmt":"2022-10-04T23:52:05","slug":"repositorio","status":"publish","type":"page","link":"https:\/\/portal.unisepe.com.br\/fasupi\/biblioteca\/repositorio\/","title":{"rendered":"Reposit\u00f3rio"},"content":{"rendered":"<p><strong>Apresenta\u00e7\u00e3o<\/strong><\/p>\n<hr \/>\n<p><span>O Reposit\u00f3rio Institucional da Faculdade Sul Paulista de Itanha\u00e9m tem por objetivo armazenar, preservar, disseminar e possibilitar o acesso aberto, como bem p\u00fablico global, \u00e0 produ\u00e7\u00e3o cient\u00edfica, acad\u00eamica, art\u00edstica, t\u00e9cnica e administrativa da Universidade.<\/span><\/p>\n<p>&nbsp;<\/p>\n<p><strong>Reposit\u00f3rio dos Cursos<\/strong><\/p>\n<hr \/>\n<ul>\n<li><a href=\"https:\/\/portal.unisepe.com.br\/fasupi\/wp-content\/uploads\/sites\/10010\/2022\/10\/Artigo-2-2.docx.pdf\" target=\"_blank\" rel=\"noopener noreferrer\">MARKETING DIGITAL EM TEMPOS DE PANDEMIA<\/a><\/li>\n<\/ul>\n","protected":false},"excerpt":{"rendered":"<p>Apresenta\u00e7\u00e3o O Reposit\u00f3rio Institucional da Faculdade Sul Paulista de Itanha\u00e9m tem por objetivo armazenar, preservar, disseminar e possibilitar o acesso aberto, como bem p\u00fablico global, \u00e0 produ\u00e7\u00e3o cient\u00edfica, acad\u00eamica, art\u00edstica, t\u00e9cnica e administrativa da Universidade. &nbsp; Reposit\u00f3rio dos Cursos MARKETING DIGITAL EM TEMPOS DE PANDEMIA<\/p>\n","protected":false},"author":6,"featured_media":0,"parent":252,"menu_order":0,"comment_status":"closed","ping_status":"closed","template":"templates\/template-pagina_menu_vertical.php","meta":{"footnotes":""},"categories":[],"tags":[],"class_list":["post-1575","page","type-page","status-publish","hentry"],"_links":{"self":[{"href":"https:\/\/portal.unisepe.com.br\/fasupi\/wp-json\/wp\/v2\/pages\/1575","targetHints":{"allow":["GET"]}}],"collection":[{"href":"https:\/\/portal.unisepe.com.br\/fasupi\/wp-json\/wp\/v2\/pages"}],"about":[{"href":"https:\/\/portal.unisepe.com.br\/fasupi\/wp-json\/wp\/v2\/types\/page"}],"author":[{"embeddable":true,"href":"https:\/\/portal.unisepe.com.br\/fasupi\/wp-json\/wp\/v2\/users\/6"}],"replies":[{"embeddable":true,"href":"https:\/\/portal.unisepe.com.br\/fasupi\/wp-json\/wp\/v2\/comments?post=1575"}],"version-history":[{"count":2,"href":"https:\/\/portal.unisepe.com.br\/fasupi\/wp-json\/wp\/v2\/pages\/1575\/revisions"}],"predecessor-version":[{"id":1578,"href":"https:\/\/portal.unisepe.com.br\/fasupi\/wp-json\/wp\/v2\/pages\/1575\/revisions\/1578"}],"up":[{"embeddable":true,"href":"https:\/\/portal.unisepe.com.br\/fasupi\/wp-json\/wp\/v2\/pages\/252"}],"wp:attachment":[{"href":"https:\/\/portal.unisepe.com.br\/fasupi\/wp-json\/wp\/v2\/media?parent=1575"}],"wp:term":[{"taxonomy":"category","embeddable":true,"href":"https:\/\/portal.unisepe.com.br\/fasupi\/wp-json\/wp\/v2\/categories?post=1575"},{"taxonomy":"post_tag","embeddable":true,"href":"https:\/\/portal.unisepe.com.br\/fasupi\/wp-json\/wp\/v2\/tags?post=1575"}],"curies":[{"name":"wp","href":"https:\/\/api.w.org\/{rel}","templated":true}]}}