{"id":1713,"date":"2024-03-19T20:22:39","date_gmt":"2024-03-19T23:22:39","guid":{"rendered":"https:\/\/portal.unisepe.com.br\/fasupi\/?page_id=1713"},"modified":"2025-04-30T13:26:45","modified_gmt":"2025-04-30T16:26:45","slug":"avaliacao-de-ingressantes","status":"publish","type":"page","link":"https:\/\/portal.unisepe.com.br\/fasupi\/cpa\/avaliacao-de-ingressantes\/","title":{"rendered":"Avalia\u00e7\u00e3o de Ingressantes"},"content":{"rendered":"<p>A avalia\u00e7\u00e3o dos ingressantes \u00e9 feita atrav\u00e9s do acesso do aluno online ap\u00f3s matriculados<\/p>\n","protected":false},"excerpt":{"rendered":"<p>A avalia\u00e7\u00e3o dos ingressantes \u00e9 feita atrav\u00e9s do acesso do aluno online ap\u00f3s matriculados<\/p>\n","protected":false},"author":6,"featured_media":0,"parent":262,"menu_order":0,"comment_status":"closed","ping_status":"closed","template":"templates\/template-pagina_menu_vertical.php","meta":{"footnotes":""},"categories":[],"tags":[],"class_list":["post-1713","page","type-page","status-publish","hentry"],"_links":{"self":[{"href":"https:\/\/portal.unisepe.com.br\/fasupi\/wp-json\/wp\/v2\/pages\/1713","targetHints":{"allow":["GET"]}}],"collection":[{"href":"https:\/\/portal.unisepe.com.br\/fasupi\/wp-json\/wp\/v2\/pages"}],"about":[{"href":"https:\/\/portal.unisepe.com.br\/fasupi\/wp-json\/wp\/v2\/types\/page"}],"author":[{"embeddable":true,"href":"https:\/\/portal.unisepe.com.br\/fasupi\/wp-json\/wp\/v2\/users\/6"}],"replies":[{"embeddable":true,"href":"https:\/\/portal.unisepe.com.br\/fasupi\/wp-json\/wp\/v2\/comments?post=1713"}],"version-history":[{"count":5,"href":"https:\/\/portal.unisepe.com.br\/fasupi\/wp-json\/wp\/v2\/pages\/1713\/revisions"}],"predecessor-version":[{"id":1851,"href":"https:\/\/portal.unisepe.com.br\/fasupi\/wp-json\/wp\/v2\/pages\/1713\/revisions\/1851"}],"up":[{"embeddable":true,"href":"https:\/\/portal.unisepe.com.br\/fasupi\/wp-json\/wp\/v2\/pages\/262"}],"wp:attachment":[{"href":"https:\/\/portal.unisepe.com.br\/fasupi\/wp-json\/wp\/v2\/media?parent=1713"}],"wp:term":[{"taxonomy":"category","embeddable":true,"href":"https:\/\/portal.unisepe.com.br\/fasupi\/wp-json\/wp\/v2\/categories?post=1713"},{"taxonomy":"post_tag","embeddable":true,"href":"https:\/\/portal.unisepe.com.br\/fasupi\/wp-json\/wp\/v2\/tags?post=1713"}],"curies":[{"name":"wp","href":"https:\/\/api.w.org\/{rel}","templated":true}]}}