{"id":1746,"date":"2024-10-23T18:48:59","date_gmt":"2024-10-23T21:48:59","guid":{"rendered":"https:\/\/portal.unisepe.com.br\/fasupi\/?page_id=1746"},"modified":"2024-10-28T16:04:50","modified_gmt":"2024-10-28T19:04:50","slug":"direito","status":"publish","type":"page","link":"https:\/\/portal.unisepe.com.br\/fasupi\/direito\/","title":{"rendered":"Direito"},"content":{"rendered":"<p style=\"text-align: right\"><a href=\"https:\/\/api.whatsapp.com\/send?phone=551334563055&amp;text=Ol\u00e1!\" class=\"btn btn-success\">Fazer inscri\u00e7\u00e3o!<\/a><\/p>\n<p><strong><img loading=\"lazy\" decoding=\"async\" class=\"size-full wp-image-264 alignleft\" src=\"http:\/\/portal.unisepe.com.br\/wp-content\/themes\/unisepe\/assets\/images\/cursos\/direito.png\" alt=\"direito\" width=\"110\" height=\"150\" \/>Concep\u00e7\u00e3o do curso<\/strong><br \/>\nSeguindo a linha de orienta\u00e7\u00e3o do Minist\u00e9rio da Educa\u00e7\u00e3o, e as expectativas da Ordem dos Advogados do Brasil, a Faculdade Sul Paulista de Itanha\u00e9m tem o escopo de constituir um paradigma do ensino jur\u00eddico que possibilite uma abordagem zet\u00e9tica dos conte\u00fados disciplinares, de aspecto notadamente investigativo, pr\u00f3prio para outorgar aos alunos as condi\u00e7\u00f5es necess\u00e1rias para o levante de uma postura cr\u00edtico-reflexiva do saber jur\u00eddico institu\u00eddo.<\/p>\n<p>Como estandarte de sua pr\u00f3pria atua\u00e7\u00e3o, os atores que perfazem o Curso de Direito da Faculdade Sul Paulista de Itanha\u00e9m dever\u00e1 exaltar o conceito de que o estudante de Direito, como homo-jur\u00eddicus, \u00e9modelo maior de comportamento-a\u00e7\u00e3o. Por isto, e pelos reflexos que provoca na esfera comunit\u00e1ria, os atores que operam a forma\u00e7\u00e3o jur\u00eddica dever\u00e3o trazer \u00e0 evid\u00eancia qualidades determinantes da assiduidade, do estudo continuado, do interesse pela transforma\u00e7\u00e3o do saber jur\u00eddico, da vis\u00e3o cr\u00edtica, da postura \u00e9tica, da iniciativa cient\u00edfica, da preocupa\u00e7\u00e3o pelo exerc\u00edcio da cidadania, e, sobretudo, da prote\u00e7\u00e3o e solidez dos preceitos relativos a dignidade da pessoa humana.<\/p>\n<p>A vertente pedag\u00f3gico-jur\u00eddica que se busca dirige o formar juridicamente atrav\u00e9s da universaliza\u00e7\u00e3o do conhecimento, mediante a pr\u00e1tica interdisciplinar cotejada pela intensidade de interc\u00e2mbios de saberes entre os atores do processo de forma\u00e7\u00e3o, e pelo grau de conex\u00e3o das disciplinas que se organizam dentro de uma \u00f3tica investigativa do ver, pensar e fazer o Direito.<\/p>\n<p><strong>Objetivo Geral<\/strong><\/p>\n<p>O Curso de Direito da Faculdade Sul Paulista de Itanha\u00e9m busca, em um sentido geral, otimizar a forma\u00e7\u00e3o de profissionais \u00e9ticos, capazes de consecutar a carreira jur\u00eddica na \u00e1rea que lhes aprouver, aptos a interatuarem com os diferentes processos de transforma\u00e7\u00e3o social e pr\u00f3prios para conferirem proemin\u00eancia ao exerc\u00edcio da cidadania e \u00e0 busca dos preceitos que suportam e d\u00e3o efetividade \u00e0 dignidade da pessoa humana e ao desenvolvimento s\u00f3cio-econ\u00f4mico-pol\u00edtico do entorno onde se encontra inserida a IES.<\/p>\n<p><strong>Objetivos Espec\u00edficos<\/strong><\/p>\n<ul>\n<li>Oferecer um referencial te\u00f3rico, com arrimo do correlato pr\u00e1tico-profissional adequado \u00e0 implementa\u00e7\u00e3o dos par\u00e2metros que ensejar\u00e3o a qualidade do ensino, da pesquisa e da produ\u00e7\u00e3o acad\u00eamica, bem como da extens\u00e3o, visando o exerc\u00edcio competente, \u00e9tico e qualificado das atividades jur\u00eddico-profissionais;<\/li>\n<li>Proporcionar a qualifica\u00e7\u00e3o adequada para os acad\u00eamicos assumirem suas atribui\u00e7\u00f5es e deveres sociais como transformadores do Direito, como agentes aptos e respons\u00e1veis, capazes de desenvolverem as atividades t\u00e9cnico-jur\u00eddicas em sintonia com a realidade s\u00f3cio-econ\u00f4mico-pol\u00edtica do entorno onde se encontram inseridos;<\/li>\n<li>Despertar a import\u00e2ncia que o profissional do Direito tem para a solidez do exerc\u00edcio da cidadania e para o alcance de condi\u00e7\u00f5es pr\u00f3prias \u00e0 dignidade da pessoa humana, de maneira que o egresso colabore com os avan\u00e7os sociais, econ\u00f4micos e culturais, atrav\u00e9s da efetiva\u00e7\u00e3o do Direito e do Estado Democr\u00e1tico;<\/li>\n<li>Viabilizar a conforma\u00e7\u00e3o de um profissional conhecedor das situa\u00e7\u00f5es do mundo, de consci\u00eancia e esp\u00edrito cient\u00edfico pr\u00f3prios ao desenvolvimento de uma postura reflexiva e atitude cr\u00edtica, de constru\u00e7\u00e3o e transforma\u00e7\u00e3o.<\/li>\n<\/ul>\n","protected":false},"excerpt":{"rendered":"<p>Fazer inscri\u00e7\u00e3o! Concep\u00e7\u00e3o do curso Seguindo a linha de orienta\u00e7\u00e3o do Minist\u00e9rio da Educa\u00e7\u00e3o, e as expectativas da Ordem dos Advogados do Brasil, a Faculdade Sul Paulista de Itanha\u00e9m tem o escopo de constituir um paradigma do ensino jur\u00eddico que possibilite uma abordagem zet\u00e9tica dos conte\u00fados disciplinares, de aspecto notadamente<\/p>\n","protected":false},"author":6,"featured_media":1771,"parent":0,"menu_order":0,"comment_status":"closed","ping_status":"closed","template":"templates\/template-curso_menu_vertical.php","meta":{"footnotes":""},"categories":[15],"tags":[16],"class_list":["post-1746","page","type-page","status-publish","has-post-thumbnail","hentry","category-cursos-graduacao","tag-bacharelado"],"_links":{"self":[{"href":"https:\/\/portal.unisepe.com.br\/fasupi\/wp-json\/wp\/v2\/pages\/1746","targetHints":{"allow":["GET"]}}],"collection":[{"href":"https:\/\/portal.unisepe.com.br\/fasupi\/wp-json\/wp\/v2\/pages"}],"about":[{"href":"https:\/\/portal.unisepe.com.br\/fasupi\/wp-json\/wp\/v2\/types\/page"}],"author":[{"embeddable":true,"href":"https:\/\/portal.unisepe.com.br\/fasupi\/wp-json\/wp\/v2\/users\/6"}],"replies":[{"embeddable":true,"href":"https:\/\/portal.unisepe.com.br\/fasupi\/wp-json\/wp\/v2\/comments?post=1746"}],"version-history":[{"count":1,"href":"https:\/\/portal.unisepe.com.br\/fasupi\/wp-json\/wp\/v2\/pages\/1746\/revisions"}],"predecessor-version":[{"id":1747,"href":"https:\/\/portal.unisepe.com.br\/fasupi\/wp-json\/wp\/v2\/pages\/1746\/revisions\/1747"}],"wp:featuredmedia":[{"embeddable":true,"href":"https:\/\/portal.unisepe.com.br\/fasupi\/wp-json\/wp\/v2\/media\/1771"}],"wp:attachment":[{"href":"https:\/\/portal.unisepe.com.br\/fasupi\/wp-json\/wp\/v2\/media?parent=1746"}],"wp:term":[{"taxonomy":"category","embeddable":true,"href":"https:\/\/portal.unisepe.com.br\/fasupi\/wp-json\/wp\/v2\/categories?post=1746"},{"taxonomy":"post_tag","embeddable":true,"href":"https:\/\/portal.unisepe.com.br\/fasupi\/wp-json\/wp\/v2\/tags?post=1746"}],"curies":[{"name":"wp","href":"https:\/\/api.w.org\/{rel}","templated":true}]}}