{"id":1790,"date":"2025-02-28T17:37:25","date_gmt":"2025-02-28T20:37:25","guid":{"rendered":"https:\/\/portal.unisepe.com.br\/fasupi\/?page_id=1790"},"modified":"2025-02-28T17:38:28","modified_gmt":"2025-02-28T20:38:28","slug":"base-de-dados","status":"publish","type":"page","link":"https:\/\/portal.unisepe.com.br\/fasupi\/biblioteca\/base-de-dados\/","title":{"rendered":"Base de Dados"},"content":{"rendered":"<p><strong>Base de dados\u00a0<\/strong><\/p>\n<p>S\u00e3o cole\u00e7\u00f5es eletr\u00f4nicas que armazenam e disponibilizam grandes volumes de informa\u00e7\u00f5es, organizadas de forma estruturada possibilitando a consulta r\u00e1pida e facilitada a diversos documentos.<\/p>\n<p>As bases de dados re\u00fanem revistas cient\u00edficas, refer\u00eancias, v\u00eddeos, iconografia, cartografia, m\u00fasica entre outros.<\/p>\n<p><strong>\u00a0<\/strong><\/p>\n<p><strong>Fontes de acesso livre<\/strong><\/p>\n<p><a href=\"http:\/\/bvsalud.org\/\"><strong>BVS \u2013 Biblioteca Virtual em Sa\u00fade<\/strong><\/a><\/p>\n<p>Uma iniciativa do Minist\u00e9rio da Sa\u00fade e BIREME\/OPS\/OMS em parceria com institui\u00e7\u00f5es nacionais para permitir acesso livre e gratuito \u00e0 informa\u00e7\u00e3o t\u00e9cnico-cient\u00edfica, contribuindo com o desenvolvimento da sa\u00fade nos pa\u00edses da Am\u00e9rica Latina e Caribe por meio da democratiza\u00e7\u00e3o do acesso, publica\u00e7\u00e3o e uso de informa\u00e7\u00e3o, conhecimento e evid\u00eancia cient\u00edfica.<\/p>\n<p><a href=\"https:\/\/pepsic.bvsalud.org\/\"><strong>\u00a0<\/strong><strong>PePsic<\/strong><strong> &#8211; Peri\u00f3dicos de Psicologia<\/strong><\/a><\/p>\n<p>A rede latinoamericana de Peri\u00f3dicos de Psicologia (PePsic) \u00e9 o ponto de encontro para aqueles que buscam se atualizar dos avan\u00e7os e discuss\u00f5es no campo da Psicologia, promovendo uma ponte valiosa entre a pesquisa acad\u00eamica e a pr\u00e1tica profissional.<\/p>\n<p>Sua miss\u00e3o \u00e9 facilitar o acesso irrestrito e gratuito \u00e0 produ\u00e7\u00e3o cient\u00edfica e t\u00e9cnica de destaque publicada nos principais peri\u00f3dicos da \u00e1rea, promovendo a integra\u00e7\u00e3o e a dissemina\u00e7\u00e3o do conhecimento em Psicologia dentro da comunidade acad\u00eamica, entre profissionais da \u00e1rea e para o p\u00fablico em geral.<\/p>\n<p><a href=\"http:\/\/www.brasiliana.usp.br\/\"><strong>Biblioteca Brasiliana USP<\/strong><\/a><\/p>\n<p>Guarda um acervo bibliogr\u00e1fico e documental sobre assuntos brasileiros \u00edmpar no pa\u00eds e no mundo.<\/p>\n<p><a href=\"http:\/\/bdtd.ibict.br\/vufind\/\"><strong>BDTD \u2013 Biblioteca Digital Brasileira de Teses e Disserta\u00e7\u00f5es \u2013 IBICT<\/strong><\/a><\/p>\n<p>Integra os sistemas de informa\u00e7\u00e3o de teses e disserta\u00e7\u00f5es existentes nas institui\u00e7\u00f5es de ensino e pesquisa brasileiras, e tamb\u00e9m estimula o registro e a publica\u00e7\u00e3o de teses e disserta\u00e7\u00f5es em meio eletr\u00f4nico. Este projeto possibilita \u00e0 comunidade brasileira de C&amp;T publicar suas teses e disserta\u00e7\u00f5es produzidas no pa\u00eds e no exterior, dando maior visibilidade \u00e0 produ\u00e7\u00e3o cient\u00edfica nacional.<\/p>\n<p><a href=\"https:\/\/catalogodeteses.capes.gov.br\/catalogo-teses\/#!\/\"><strong>Cat\u00e1logo de Teses e Disserta\u00e7\u00f5es \u2013 CAPES<\/strong><\/a><\/p>\n<p>O BTD da Capes \u00e9 uma plataforma que tem como objetivo facilitar o acesso a informa\u00e7\u00f5es sobre teses e disserta\u00e7\u00f5es defendidas junto a programas de p\u00f3s-gradua\u00e7\u00e3o do pa\u00eds, al\u00e9m de disponibilizar informa\u00e7\u00f5es estat\u00edsticas acerca deste tipo de produ\u00e7\u00e3o intelectual, e faz parte do Portal de Peri\u00f3dicos da Institui\u00e7\u00e3o.<\/p>\n<p><a href=\"https:\/\/www.ines.gov.br\/dicionario-de-libras\/\"><strong>Dicion\u00e1rio da L\u00edngua Brasileira de Sinais<\/strong><\/a><\/p>\n<p>Organizado pela\u00a0<a href=\"http:\/\/www.acessobrasil.org.br\/\">Acessibilidade Brasil<\/a>, com o financiamento da Coordenadoria Nacional para Integra\u00e7\u00e3o da Pessoa com Defici\u00eancia ? CORDE (Secretaria Nacional de Promo\u00e7\u00e3o dos Direitos das Pessoas com Defici\u00eancia), o Dicion\u00e1rio da L\u00edngua Brasileira de Sinais disponibiliza entradas com palavras em Portugu\u00eas traduzidas para a Libras, com exemplos de uso e configura\u00e7\u00f5es de m\u00e3os que formam os sinais.<\/p>\n<p><a href=\"http:\/\/www.dominiopublico.gov.br\/pesquisa\/PesquisaObraForm.jsp\"><strong>Dom\u00ednio P\u00fablico<\/strong><\/a><\/p>\n<p>Composto, em sua grande maioria, por livros e outras fontes de informa\u00e7\u00e3o que se encontram em dom\u00ednio p\u00fablico ou obras que contam com a devida licen\u00e7a por parte dos titulares dos direitos autorais pendentes.<\/p>\n<p><a href=\"https:\/\/eric.ed.gov\/?\"><strong>ERIC<\/strong><\/a><\/p>\n<p>Centro de Informa\u00e7\u00f5es de Recursos Educacionais. O ERIC \u00e9 um banco de dados bibliogr\u00e1fico e de texto completo abrangente, f\u00e1cil de usar, pesquis\u00e1vel e baseado na Internet de pesquisa e informa\u00e7\u00e3o educacional. O site do ERIC \u00e9 oferecido gratuitamente para uso p\u00fablico pelo Instituto de Ci\u00eancias da Educa\u00e7\u00e3o do Departamento de Educa\u00e7\u00e3o dos EUA. N\u00e3o h\u00e1 necessidade de associa\u00e7\u00e3o ou assinatura.<\/p>\n<p><a href=\"https:\/\/scholar.google.com.br\/\"><strong>Google Acad\u00eamico<\/strong><\/a><\/p>\n<p>Google Acad\u00eamico \u00e9 uma ferramenta de pesquisa do Google que permite pesquisar em trabalhos acad\u00eamicos, literatura escolar, jornais de universidades e artigos variados.<\/p>\n<p><a href=\"http:\/\/repositorios.inmetro.gov.br\/\"><strong>Inmetro \u2013 Acervo Digital<\/strong><\/a><\/p>\n<p>Um portal de acesso \u00e0s cole\u00e7\u00f5es digitais de documentos, gerados no \u00e2mbito do Inmetro, desenvolvido para ampliar o acesso e proporcionar maior visibilidade da produ\u00e7\u00e3o intelectual daquela institui\u00e7\u00e3o.<\/p>\n<p><a href=\"https:\/\/www.ip.usp.br\/site\/biblioteca-revistas\/\"><strong>Ipusp<\/strong><\/a><\/p>\n<p>Revistas de Psicologia em Acesso Aberto<\/p>\n<p><a href=\"https:\/\/www.lexml.gov.br\/\"><strong>LEXML<\/strong><\/a><\/p>\n<p>Portal especializado em informa\u00e7\u00e3o jur\u00eddica e legislativa. Pretende-se reunir leis, decretos, ac\u00f3rd\u00e3os, s\u00famulas, projetos de leis entre outros documentos das esperas federal, estadual e municipal dos Poderes Executivo, Legislativo e Judici\u00e1rio de todo o Brasil.<\/p>\n<p><a href=\"https:\/\/lume.ufrgs.br\/?locale-attribute=pt_BR\"><strong>LivRe: Portal para peri\u00f3dicos de livre acesso na Internet<\/strong><\/a><\/p>\n<p>Portal desenvolvido pela CNEN \u2013 Comiss\u00e3o Nacional de Energia Nuclear, atrav\u00e9s do CIN \u2013 Centro de Informa\u00e7\u00f5es Nucleares, para facilitar a identifica\u00e7\u00e3o e o acesso a peri\u00f3dicos eletr\u00f4nicos de acesso livre na Internet. Abrange as mais variadas \u00e1reas do conhecimento.<\/p>\n<p><a href=\"https:\/\/pedro.org.au\/portuguese\/\"><strong>PEDro<\/strong><\/a><\/p>\n<p><strong>\u00a0<\/strong>O PEDro traz informa\u00e7\u00f5es para pr\u00e1tica de fisioterapia h\u00e1 mais de 22 anos. O PEDro \u00e9 uma base de dados gratuita com mais de 55.000 ensaios cl\u00ednicos, revis\u00f5es sistem\u00e1ticas e diretrizes de pr\u00e1tica cl\u00ednica para avaliar interven\u00e7\u00f5es de fisioterapia.<\/p>\n<p><strong>\u00a0<\/strong><\/p>\n<p><strong>\u00a0<\/strong><\/p>\n<p><strong>\u00a0<\/strong><\/p>\n<p><a href=\"https:\/\/www.ncbi.nlm.nih.gov\/pubmed\"><strong>Pubmed<\/strong><\/a><\/p>\n<p><strong>\u00a0<\/strong>Compreende mais de 30 milh\u00f5es de itens da literatura biom\u00e9dica do MEDLINE, al\u00e9m de peri\u00f3dicos de ci\u00eancias da vida e livros on-line. Os itens podem incluir links para o texto completo nos sites da PubMed Central e dos editores.<\/p>\n<p><strong>\u00a0<\/strong><\/p>\n<p><strong>\u00a0<\/strong><\/p>\n<p><strong>\u00a0<\/strong><\/p>\n<p><a href=\"http:\/\/www4.planalto.gov.br\/legislacao\"><strong>Portal da Legisla\u00e7\u00e3o<\/strong><\/a><\/p>\n<p>Re\u00fane em um site toda a legisla\u00e7\u00e3o brasileira, permitindo tamb\u00e9m a pesquisa \u00e0 legisla\u00e7\u00e3o hist\u00f3rica, internacional e a consultas p\u00fablicas. Tamb\u00e9m \u00e9 poss\u00edvel, a partir do Portal, acessar legisla\u00e7\u00f5es estaduais e municipais, al\u00e9m de resenhas di\u00e1rias (2000 at\u00e9 data presente) de todos os decretos e leis publicados no Di\u00e1rio Oficial da Uni\u00e3o.<\/p>\n<p><a href=\"http:\/\/www-periodicos-capes-gov-br.ez314.periodicos.capes.gov.br\/index.php?option=com_phome&amp;Itemid=68&amp;\"><strong>Portal de Peri\u00f3dicos da CAPES<\/strong><\/a><\/p>\n<p>Oferece acesso aos textos completos de artigos selecionados de mais de 15.475 revistas internacionais, nacionais e estrangeiras, e 126 bases de dados com resumos de documentos em todas as \u00e1reas do conhecimento. Inclui tamb\u00e9m uma sele\u00e7\u00e3o de importantes fontes de informa\u00e7\u00e3o acad\u00eamica com acesso gratuito na Internet.<\/p>\n<p><a href=\"http:\/\/www.scielo.org\/php\/index.php\"><strong>Scielo \u2013 Scientific Electronic Library Online<\/strong><\/a><\/p>\n<p>Modelo para a publica\u00e7\u00e3o eletr\u00f4nica cooperativa de peri\u00f3dicos cient\u00edficos na Internet. Especialmente desenvolvido para responder \u00e0s necessidades da comunica\u00e7\u00e3o cient\u00edfica nos pa\u00edses em desenvolvimento e particularmente na Am\u00e9rica Latina e Caribe. Em portugu\u00eas.<\/p>\n<p><strong>\u00a0<\/strong><\/p>\n<p><a href=\"http:\/\/www.spell.org.br\/\"><strong>SPELL<\/strong><\/a><\/p>\n<p>A biblioteca eletr\u00f4nica SPELL\u00ae Scientific Periodicals Electronic Library, \u00e9 um reposit\u00f3rio de artigos cient\u00edficos e proporciona acesso\u00a0<strong>gratuito<\/strong>\u00a0\u00e0 informa\u00e7\u00e3o t\u00e9cnico-cient\u00edfica.<\/p>\n<p><a href=\"https:\/\/repositorioaberto.uab.pt\/\"><strong>Reposit\u00f3rio institucional da Universidade Aberta (UAb)<\/strong><\/a><\/p>\n<p><strong>\u00a0<\/strong>O Reposit\u00f3rio institucional da Universidade Aberta (UAb) tem como objetivo armazenar, preservar, divulgar e dar acesso \u00e0 produ\u00e7\u00e3o acad\u00e9mica e cient\u00edfica da UAb. Ao reunir, num \u00fanico local, o conjunto das publica\u00e7\u00f5es cient\u00edficas da Universidade, pretende-se contribuir para o aumento da sua visibilidade e impacto e garantir a preserva\u00e7\u00e3o da sua mem\u00f3ria intelectual.<\/p>\n<p><a href=\"http:\/\/uis.unesco.org\/en\/home\"><strong>UNESCO<\/strong><\/a><\/p>\n<p>O Instituto de Estat\u00edstica da UNESCO (UIS) \u00e9 a fonte oficial e confi\u00e1vel de dados compar\u00e1veis internacionalmente sobre educa\u00e7\u00e3o, ci\u00eancia, cultura e comunica\u00e7\u00e3o.<\/p>\n","protected":false},"excerpt":{"rendered":"<p>Base de dados\u00a0 S\u00e3o cole\u00e7\u00f5es eletr\u00f4nicas que armazenam e disponibilizam grandes volumes de informa\u00e7\u00f5es, organizadas de forma estruturada possibilitando a consulta r\u00e1pida e facilitada a diversos documentos. As bases de dados re\u00fanem revistas cient\u00edficas, refer\u00eancias, v\u00eddeos, iconografia, cartografia, m\u00fasica entre outros. \u00a0 Fontes de acesso livre BVS \u2013 Biblioteca Virtual<\/p>\n","protected":false},"author":6,"featured_media":0,"parent":252,"menu_order":0,"comment_status":"closed","ping_status":"closed","template":"templates\/template-pagina_menu_vertical.php","meta":{"footnotes":""},"categories":[],"tags":[],"class_list":["post-1790","page","type-page","status-publish","hentry"],"_links":{"self":[{"href":"https:\/\/portal.unisepe.com.br\/fasupi\/wp-json\/wp\/v2\/pages\/1790","targetHints":{"allow":["GET"]}}],"collection":[{"href":"https:\/\/portal.unisepe.com.br\/fasupi\/wp-json\/wp\/v2\/pages"}],"about":[{"href":"https:\/\/portal.unisepe.com.br\/fasupi\/wp-json\/wp\/v2\/types\/page"}],"author":[{"embeddable":true,"href":"https:\/\/portal.unisepe.com.br\/fasupi\/wp-json\/wp\/v2\/users\/6"}],"replies":[{"embeddable":true,"href":"https:\/\/portal.unisepe.com.br\/fasupi\/wp-json\/wp\/v2\/comments?post=1790"}],"version-history":[{"count":1,"href":"https:\/\/portal.unisepe.com.br\/fasupi\/wp-json\/wp\/v2\/pages\/1790\/revisions"}],"predecessor-version":[{"id":1791,"href":"https:\/\/portal.unisepe.com.br\/fasupi\/wp-json\/wp\/v2\/pages\/1790\/revisions\/1791"}],"up":[{"embeddable":true,"href":"https:\/\/portal.unisepe.com.br\/fasupi\/wp-json\/wp\/v2\/pages\/252"}],"wp:attachment":[{"href":"https:\/\/portal.unisepe.com.br\/fasupi\/wp-json\/wp\/v2\/media?parent=1790"}],"wp:term":[{"taxonomy":"category","embeddable":true,"href":"https:\/\/portal.unisepe.com.br\/fasupi\/wp-json\/wp\/v2\/categories?post=1790"},{"taxonomy":"post_tag","embeddable":true,"href":"https:\/\/portal.unisepe.com.br\/fasupi\/wp-json\/wp\/v2\/tags?post=1790"}],"curies":[{"name":"wp","href":"https:\/\/api.w.org\/{rel}","templated":true}]}}