{"id":1888,"date":"2026-02-24T17:53:37","date_gmt":"2026-02-24T20:53:37","guid":{"rendered":"https:\/\/portal.unisepe.com.br\/fasupi\/?page_id=1888"},"modified":"2026-02-24T19:10:14","modified_gmt":"2026-02-24T22:10:14","slug":"policlinica-iesep","status":"publish","type":"page","link":"https:\/\/portal.unisepe.com.br\/fasupi\/policlinica-iesep\/","title":{"rendered":"Policl\u00ednica IESEP"},"content":{"rendered":"<p>A Policl\u00ednica IESEP \u00e9 uma institui\u00e7\u00e3o sem fins lucrativos localizada no munic\u00edpio de Itanha\u00e9m-SP e mantida pelo Instituto Educacional de Servi\u00e7o, Ensino e Pesquisa (IESEP). Sua rotina de atividades envolve atendimento gratuito e por meio de Atendimento Social, com pagamento para custeio do servi\u00e7o e manuten\u00e7\u00e3o local.<\/p>\n<p>Concebida em 2026, a Policl\u00ednica IESEP contempla atendimentos de Psicologia. Os servi\u00e7os s\u00e3o realizados por acad\u00eamicos durante as pr\u00e1ticas de est\u00e1gio curricular, sendo todas as atividades supervisionadas por um profissional qualificado na \u00e1rea.<\/p>\n<p>Todos os atendimentos s\u00e3o oferecidos de forma interdisciplinar e com foco na abordagem humanizada. Al\u00e9m do servi\u00e7o assistencial, tamb\u00e9m s\u00e3o desenvolvidas atividades de educa\u00e7\u00e3o continuada e pesquisa cient\u00edfica, com objetivo em promover o desenvolvimento profissional e a qualidade na assist\u00eancia oferecida.<\/p>\n<p>e-mail: <a class=\"x_moz-txt-link-abbreviated\" href=\"mailto:clinica.pe@iesep.com.br\" rel=\"noreferrer\">clinica.it@iesep.com.br<\/a><\/p>\n","protected":false},"excerpt":{"rendered":"<p>A Policl\u00ednica IESEP \u00e9 uma institui\u00e7\u00e3o sem fins lucrativos localizada no munic\u00edpio de Itanha\u00e9m-SP e mantida pelo Instituto Educacional de Servi\u00e7o, Ensino e Pesquisa (IESEP). Sua rotina de atividades envolve atendimento gratuito e por meio de Atendimento Social, com pagamento para custeio do servi\u00e7o e manuten\u00e7\u00e3o local. Concebida em 2026,<\/p>\n","protected":false},"author":6,"featured_media":0,"parent":0,"menu_order":0,"comment_status":"closed","ping_status":"closed","template":"templates\/template-pagina_menu_vertical.php","meta":{"footnotes":""},"categories":[],"tags":[],"class_list":["post-1888","page","type-page","status-publish","hentry"],"_links":{"self":[{"href":"https:\/\/portal.unisepe.com.br\/fasupi\/wp-json\/wp\/v2\/pages\/1888","targetHints":{"allow":["GET"]}}],"collection":[{"href":"https:\/\/portal.unisepe.com.br\/fasupi\/wp-json\/wp\/v2\/pages"}],"about":[{"href":"https:\/\/portal.unisepe.com.br\/fasupi\/wp-json\/wp\/v2\/types\/page"}],"author":[{"embeddable":true,"href":"https:\/\/portal.unisepe.com.br\/fasupi\/wp-json\/wp\/v2\/users\/6"}],"replies":[{"embeddable":true,"href":"https:\/\/portal.unisepe.com.br\/fasupi\/wp-json\/wp\/v2\/comments?post=1888"}],"version-history":[{"count":3,"href":"https:\/\/portal.unisepe.com.br\/fasupi\/wp-json\/wp\/v2\/pages\/1888\/revisions"}],"predecessor-version":[{"id":1892,"href":"https:\/\/portal.unisepe.com.br\/fasupi\/wp-json\/wp\/v2\/pages\/1888\/revisions\/1892"}],"wp:attachment":[{"href":"https:\/\/portal.unisepe.com.br\/fasupi\/wp-json\/wp\/v2\/media?parent=1888"}],"wp:term":[{"taxonomy":"category","embeddable":true,"href":"https:\/\/portal.unisepe.com.br\/fasupi\/wp-json\/wp\/v2\/categories?post=1888"},{"taxonomy":"post_tag","embeddable":true,"href":"https:\/\/portal.unisepe.com.br\/fasupi\/wp-json\/wp\/v2\/tags?post=1888"}],"curies":[{"name":"wp","href":"https:\/\/api.w.org\/{rel}","templated":true}]}}