{"id":1893,"date":"2026-02-24T18:56:25","date_gmt":"2026-02-24T21:56:25","guid":{"rendered":"https:\/\/portal.unisepe.com.br\/fasupi\/?page_id=1893"},"modified":"2026-02-24T19:13:06","modified_gmt":"2026-02-24T22:13:06","slug":"manuais-e-formularios","status":"publish","type":"page","link":"https:\/\/portal.unisepe.com.br\/fasupi\/policlinica-iesep\/manuais-e-formularios\/","title":{"rendered":"Manuais e Formul\u00e1rios"},"content":{"rendered":"<ul>\n<li><strong>Bolsa IESEP<\/strong>\n<ul>\n<li><a href=\"https:\/\/portal.unisepe.com.br\/fpbe\/wp-content\/uploads\/sites\/10008\/2023\/08\/FICHA-DE-CONTROLE-DI\u00c1RIO-DE-ATIVIDADES-BOLSISTA-IESEP.pdf\">FICHA DE CONTROLE DI\u00c1RIO DE ATIVIDADES &#8211; BOLSISTA IESEP<\/a><\/li>\n<li><a href=\"https:\/\/portal.unisepe.com.br\/fpbe\/wp-content\/uploads\/sites\/10008\/2023\/08\/MODELO-DE-RELAT\u00d3RIO-FINAL-BOLSISTA-IESEP.docx\">MODELO DE RELAT\u00d3RIO FINAL BOLSISTA-IESEP<\/a><\/li>\n<li><a href=\"https:\/\/portal.unisepe.com.br\/fpbe\/wp-content\/uploads\/sites\/10008\/2018\/08\/Regulamento_Pasta_PROERS.pdf\">MODELO DE RELAT\u00d3RIO &#8211; BOLSA PROERS<\/a><\/li>\n<\/ul>\n<\/li>\n<\/ul>\n<ul>\n<li><strong>Est\u00e1gio<\/strong>\n<ul>\n<li><a href=\"https:\/\/portal.unisepe.com.br\/fpbe\/wp-content\/uploads\/sites\/10008\/2023\/08\/FORMUL\u00c1RIO-DE-IDENTIFICA\u00c7\u00c3O-DOA-ESTAGI\u00c1RIOA.pdf\">FORMUL\u00c1RIO DE IDENTIFICA\u00c7\u00c3O DO(A) ESTAGI\u00c1RIO(A)<\/a><\/li>\n<li><a href=\"https:\/\/portal.unisepe.com.br\/fpbe\/wp-content\/uploads\/sites\/10008\/2023\/08\/DECLARA\u00c7\u00c3O-DE-CI\u00caNCIA-EST\u00c1GIO-CURRICULAR-OBRIGAT\u00d3RIO.pdf\">DECLARA\u00c7\u00c3O DE CI\u00caNCIA EST\u00c1GIO CURRICULAR OBRIGAT\u00d3RIO<\/a><\/li>\n<li><a href=\"https:\/\/portal.unisepe.com.br\/fpbe\/wp-content\/uploads\/sites\/10008\/2023\/08\/DECLARA\u00c7\u00c3O-DE-CI\u00caNCIA-EST\u00c1GIO-EXTRACURRICULAR-N\u00c3O-REMUNERADO.pdf\">DECLARA\u00c7\u00c3O DE CI\u00caNCIA EST\u00c1GIO EXTRACURRICULAR N\u00c3O REMUNERADO<\/a><\/li>\n<\/ul>\n<\/li>\n<\/ul>\n<ul>\n<li><strong>Manuais<\/strong>\n<ul>\n<li style=\"list-style-type: none\">\n<ul>\n<li><a href=\"https:\/\/portal.unisepe.com.br\/fpbe\/wp-content\/uploads\/sites\/10008\/2023\/08\/MANUAL-DE-ORIENTA\u00c7\u00d5ES-E-BOAS-PR\u00c1TICAS-DE-ATENDIMENTO-NA-POLICL\u00cdNICA-IESEP.pdf\">MANUAL DE ORIENTA\u00c7\u00d5ES E BOAS PR\u00c1TICAS DE ATENDIMENTO NA POLICL\u00cdNICA IESEP<\/a><\/li>\n<li><a href=\"https:\/\/portal.unisepe.com.br\/fasupi\/wp-content\/uploads\/sites\/10010\/2026\/02\/MANUAL-DO-BOLSISTA-BOLSA-IESEP-FASUPI-2026.pdf\">MANUAL DO BOLSISTA &#8211; BOLSA IESEP FASUPI (2026)<\/a><\/li>\n<\/ul>\n<\/li>\n<\/ul>\n<\/li>\n<\/ul>\n","protected":false},"excerpt":{"rendered":"<p>Bolsa IESEP FICHA DE CONTROLE DI\u00c1RIO DE ATIVIDADES &#8211; BOLSISTA IESEP MODELO DE RELAT\u00d3RIO FINAL BOLSISTA-IESEP MODELO DE RELAT\u00d3RIO &#8211; BOLSA PROERS Est\u00e1gio FORMUL\u00c1RIO DE IDENTIFICA\u00c7\u00c3O DO(A) ESTAGI\u00c1RIO(A) DECLARA\u00c7\u00c3O DE CI\u00caNCIA EST\u00c1GIO CURRICULAR OBRIGAT\u00d3RIO DECLARA\u00c7\u00c3O DE CI\u00caNCIA EST\u00c1GIO EXTRACURRICULAR N\u00c3O REMUNERADO Manuais MANUAL DE ORIENTA\u00c7\u00d5ES E BOAS PR\u00c1TICAS DE ATENDIMENTO<\/p>\n","protected":false},"author":6,"featured_media":0,"parent":1888,"menu_order":0,"comment_status":"closed","ping_status":"closed","template":"templates\/template-pagina_menu_vertical.php","meta":{"footnotes":""},"categories":[],"tags":[],"class_list":["post-1893","page","type-page","status-publish","hentry"],"_links":{"self":[{"href":"https:\/\/portal.unisepe.com.br\/fasupi\/wp-json\/wp\/v2\/pages\/1893","targetHints":{"allow":["GET"]}}],"collection":[{"href":"https:\/\/portal.unisepe.com.br\/fasupi\/wp-json\/wp\/v2\/pages"}],"about":[{"href":"https:\/\/portal.unisepe.com.br\/fasupi\/wp-json\/wp\/v2\/types\/page"}],"author":[{"embeddable":true,"href":"https:\/\/portal.unisepe.com.br\/fasupi\/wp-json\/wp\/v2\/users\/6"}],"replies":[{"embeddable":true,"href":"https:\/\/portal.unisepe.com.br\/fasupi\/wp-json\/wp\/v2\/comments?post=1893"}],"version-history":[{"count":3,"href":"https:\/\/portal.unisepe.com.br\/fasupi\/wp-json\/wp\/v2\/pages\/1893\/revisions"}],"predecessor-version":[{"id":1900,"href":"https:\/\/portal.unisepe.com.br\/fasupi\/wp-json\/wp\/v2\/pages\/1893\/revisions\/1900"}],"up":[{"embeddable":true,"href":"https:\/\/portal.unisepe.com.br\/fasupi\/wp-json\/wp\/v2\/pages\/1888"}],"wp:attachment":[{"href":"https:\/\/portal.unisepe.com.br\/fasupi\/wp-json\/wp\/v2\/media?parent=1893"}],"wp:term":[{"taxonomy":"category","embeddable":true,"href":"https:\/\/portal.unisepe.com.br\/fasupi\/wp-json\/wp\/v2\/categories?post=1893"},{"taxonomy":"post_tag","embeddable":true,"href":"https:\/\/portal.unisepe.com.br\/fasupi\/wp-json\/wp\/v2\/tags?post=1893"}],"curies":[{"name":"wp","href":"https:\/\/api.w.org\/{rel}","templated":true}]}}