{"id":217,"date":"2016-07-05T23:49:20","date_gmt":"2016-07-05T23:49:20","guid":{"rendered":"http:\/\/www.fasupi.com.br\/site\/?page_id=217"},"modified":"2025-02-27T16:03:27","modified_gmt":"2025-02-27T19:03:27","slug":"contatos","status":"publish","type":"page","link":"https:\/\/portal.unisepe.com.br\/fasupi\/a-instituicao\/contatos\/","title":{"rendered":"Contatos"},"content":{"rendered":"<p><strong>\u00d3rg\u00e3os de Apoio as Atividades Acad\u00eamicas<\/strong><\/p>\n<hr \/>\n<p><strong>Comiss\u00e3o Pr\u00f3pria de Avalia\u00e7\u00e3o \u2013 CPA<\/strong><br \/>\nProf\u00aa. Michele Abib Pernice<br \/>\ne-mail: <a href=\"mailto:cpa.it@unisepe.com.br\">cpa.it@unisepe.com.br<\/a><\/p>\n<p><strong>Coordenadoria de Tecnologias Educacionais \u2013 CTE<\/strong><br \/>\ne-mail: <a href=\"mailto:cte@scelisul.com.br\">cte@scelisul.com.br<\/a><\/p>\n<p><strong>N\u00facleo de Capacita\u00e7\u00e3o e P\u00f3s-gradua\u00e7\u00e3o \u2013 NCP<\/strong><br \/>\nProfa. Denise Maria Almada de Oliveira Pinto<br \/>\ne-mail: <a href=\"mailto:psicologia.it@unisepe.edu.br\">psicologia.it@unisepe.edu.br<\/a><\/p>\n<p><strong>Instituto Superior de Educa\u00e7\u00e3o \u2013 ISE<\/strong><br \/>\nProf. Andreia Salvador Martins Machado<br \/>\ne-mail: <a href=\"mailto:isepad.it@unisepe.com.br\">isepad.it@unisepe.com.br<\/a><\/p>\n<p><strong>Programa de Apoio ao Discente \u2013 PAD<\/strong><br \/>\nProf. Andreia Salvador Martins Machado<br \/>\ne-mail:<a href=\"mailto:isepad.it@unisepe.com.br\"> isepad.it@unisepe.com.br<\/a><\/p>\n<p><strong>N\u00facleo de Pr\u00e1ticas Jur\u00eddicas \u2013 NPJ<\/strong><br \/>\nProf Alexander Lopes<br \/>\ne-mail: <a href=\"mailto:direitoadj.pe@unisepe.com.br\">direitoadj.pe@unisepe.com.br<\/a><\/p>\n<p><strong>N\u00facleo de Responsabilidade Social e Empreendedorismo &#8211; NRSE<\/strong><br \/>\nProf\u00aa. Michele Abib Pernice<br \/>\ne-mail: <a href=\"mailto:administracao.it@unisepe.edu.br\">administracao.it@unisepe.edu.br<\/a><\/p>\n<p><strong>Coordenadoria de Produ\u00e7\u00e3o de Extens\u00e3o (CPEx)<\/strong><br \/>\nProf. Anderson Martins da Silva<br \/>\ne-mail: <a href=\"mailto:diretoria.itanhaem@unisepe.com.br\">diretoria.itanhaem@unisepe.com.br<\/a><\/p>\n<p>&nbsp;<\/p>\n<hr \/>\n<p><strong>GEST\u00c3O ADMINISTRATIVA DA IES<\/strong><\/p>\n<p><strong>Diretor Tesoureiro da Mantenedora:<\/strong><strong style=\"font-size: 0.95em\">\u00a0<\/strong><\/p>\n<p><span>Professor Guilherme Bernardes<\/span><\/p>\n<p><strong>Diretor Secretario da Mantenedora:\u00a0<\/strong><\/p>\n<p>Bel. Aderbal Alfredo Calderari Bernardes<\/p>\n<p><strong>Diretoria da Faculdade Sul Paulista de Itanha\u00e9m<\/strong><\/p>\n<p>Bel. Aderbal Alfredo Calderari Bernardes<\/p>\n<p><strong>Vice-Diretor da Faculdade Sul Paulista de Itanha\u00e9m<\/strong><\/p>\n<p>Anderson Martins da Silva<br \/>\ne-mail:\u00a0<a href=\"mailto:diretoria.itanhaem@unisepe.com.br\">diretoria.itanhaem@unisepe.com.br<\/a><\/p>\n<p><strong>Diretor de Rela\u00e7\u00f5es Institucionais<\/strong><\/p>\n<p>Frederico Ribeiro Sim\u00f5es<br \/>\ne-mail:\u00a0<a href=\"mailto:diretorproffred@scelisul.com.br\">diretorproffred@scelisul.com.br<\/a><\/p>\n<p><strong>Coordenadoria de Registros Acad\u00eamicos<\/strong><\/p>\n<p>Glaucia Relva Honorato da Silva<br \/>\ne-mail:\u00a0<a href=\"mailto:dp@scelisul.com.br\">glauciasilva@scelisul.com.br<\/a><\/p>\n<p><strong>Biblioteca<\/strong><\/p>\n<p>Lylian Lyna Lopes<br \/>\ne-mail:\u00a0<a href=\"mailto:biblioteca01.it@unise.edu.br\">biblioteca01.it@unisepe.edu.br<\/a><\/p>\n<p><strong>Centro de Processamento de Dados (CPD)<\/strong><\/p>\n<p>Rafael de Mattos<br \/>\ne-mail: <a href=\"mailto:ti01.pe@unisepe.com.br\">ti01.pe@unisepe.com.br<\/a><\/p>\n<p><strong>Tesouraria<\/strong><\/p>\n<p><span>Glaucia Relva Honorato da Silva<\/span><br \/>\n<span>e-mail:<\/span><span>\u00a0<\/span><a href=\"mailto:financeiro01.pe@unisepe.edu.br\" rel=\"noreferrer\">financeiro01.pe@unisepe.edu.br<\/a><\/p>\n<p><strong>Recursos Humanos<\/strong><\/p>\n<p>Andr\u00e9 Luiz Cugler<br \/>\ne-mail:\u00a0<a href=\"mailto:andrecugler@scelisul.com.br\">andrecugler@scelisul.com.br<\/a><\/p>\n<hr \/>\n<p><strong>COORDENA\u00c7\u00c3O DE CURSO<\/strong><\/p>\n<p>&nbsp;<\/p>\n<p><strong>Coordena\u00e7\u00e3o de Administra\u00e7\u00e3o<\/strong><br \/>\nProf. Igor Gabriel Lima<br \/>\ne-mail: administracao@scelisul.com.br<\/p>\n<p><strong>Coordena\u00e7\u00e3o de Psicologia<\/strong><\/p>\n<p><span>Prof\u00aa.\u00a0<\/span>Denise Maria Almada de Oliveira Pinto<br \/>\n<span>e-mail:\u00a0<\/span><a href=\"mailto:psicologia.it@unisepe.edu.br\">psicologia.it@unisepe.edu.br<\/a><\/p>\n<p><strong>Coordena\u00e7\u00e3o de Direito<\/strong><\/p>\n<p>Prof. Henrique de Campus Gurgel Speranza<br \/>\ne-mail:<a href=\"mailto:direito.pe@unisepe.com.br\">direito.pe@unisepe.com.br<\/a><\/p>\n<p>&nbsp;<\/p>\n<p>&nbsp;<\/p>\n<p>&nbsp;<\/p>\n","protected":false},"excerpt":{"rendered":"<p>\u00d3rg\u00e3os de Apoio as Atividades Acad\u00eamicas Comiss\u00e3o Pr\u00f3pria de Avalia\u00e7\u00e3o \u2013 CPA Prof\u00aa. Michele Abib Pernice e-mail: cpa.it@unisepe.com.br Coordenadoria de Tecnologias Educacionais \u2013 CTE e-mail: cte@scelisul.com.br N\u00facleo de Capacita\u00e7\u00e3o e P\u00f3s-gradua\u00e7\u00e3o \u2013 NCP Profa. Denise Maria Almada de Oliveira Pinto e-mail: psicologia.it@unisepe.edu.br Instituto Superior de Educa\u00e7\u00e3o \u2013 ISE Prof. Andreia<\/p>\n","protected":false},"author":1,"featured_media":0,"parent":81,"menu_order":0,"comment_status":"closed","ping_status":"closed","template":"templates\/template-pagina_menu_vertical.php","meta":{"footnotes":""},"categories":[],"tags":[],"class_list":["post-217","page","type-page","status-publish","hentry"],"_links":{"self":[{"href":"https:\/\/portal.unisepe.com.br\/fasupi\/wp-json\/wp\/v2\/pages\/217","targetHints":{"allow":["GET"]}}],"collection":[{"href":"https:\/\/portal.unisepe.com.br\/fasupi\/wp-json\/wp\/v2\/pages"}],"about":[{"href":"https:\/\/portal.unisepe.com.br\/fasupi\/wp-json\/wp\/v2\/types\/page"}],"author":[{"embeddable":true,"href":"https:\/\/portal.unisepe.com.br\/fasupi\/wp-json\/wp\/v2\/users\/1"}],"replies":[{"embeddable":true,"href":"https:\/\/portal.unisepe.com.br\/fasupi\/wp-json\/wp\/v2\/comments?post=217"}],"version-history":[{"count":38,"href":"https:\/\/portal.unisepe.com.br\/fasupi\/wp-json\/wp\/v2\/pages\/217\/revisions"}],"predecessor-version":[{"id":1786,"href":"https:\/\/portal.unisepe.com.br\/fasupi\/wp-json\/wp\/v2\/pages\/217\/revisions\/1786"}],"up":[{"embeddable":true,"href":"https:\/\/portal.unisepe.com.br\/fasupi\/wp-json\/wp\/v2\/pages\/81"}],"wp:attachment":[{"href":"https:\/\/portal.unisepe.com.br\/fasupi\/wp-json\/wp\/v2\/media?parent=217"}],"wp:term":[{"taxonomy":"category","embeddable":true,"href":"https:\/\/portal.unisepe.com.br\/fasupi\/wp-json\/wp\/v2\/categories?post=217"},{"taxonomy":"post_tag","embeddable":true,"href":"https:\/\/portal.unisepe.com.br\/fasupi\/wp-json\/wp\/v2\/tags?post=217"}],"curies":[{"name":"wp","href":"https:\/\/api.w.org\/{rel}","templated":true}]}}