{"id":232,"date":"2016-07-06T00:07:13","date_gmt":"2016-07-06T00:07:13","guid":{"rendered":"http:\/\/www.fasupi.com.br\/site\/?page_id=232"},"modified":"2025-08-18T17:44:21","modified_gmt":"2025-08-18T20:44:21","slug":"atos-legais","status":"publish","type":"page","link":"https:\/\/portal.unisepe.com.br\/fasupi\/bacharel-administracao\/atos-legais\/","title":{"rendered":"Atos Legais"},"content":{"rendered":"<ul>\n<li><strong>Curso de Administra\u00e7\u00e3o (Bacharelado)<\/strong> autorizado por meio da <strong>Portaria SERES \/ NEC N\u00ba 525, DE 14 DE AGOSTO DE 2025. PUBLICADA NO D.O.U DE 15 DE AGOSTO DE 2025, SE\u00c7\u00c3O 1, EDI\u00c7\u00c3O 154, P\u00c1GINA 40.<\/strong><\/li>\n<\/ul>\n","protected":false},"excerpt":{"rendered":"<p>Curso de Administra\u00e7\u00e3o (Bacharelado) autorizado por meio da Portaria SERES \/ NEC N\u00ba 525, DE 14 DE AGOSTO DE 2025. PUBLICADA NO D.O.U DE 15 DE AGOSTO DE 2025, SE\u00c7\u00c3O 1, EDI\u00c7\u00c3O 154, P\u00c1GINA 40.<\/p>\n","protected":false},"author":1,"featured_media":0,"parent":231,"menu_order":0,"comment_status":"closed","ping_status":"closed","template":"templates\/template-curso_menu_vertical.php","meta":{"footnotes":""},"categories":[],"tags":[],"class_list":["post-232","page","type-page","status-publish","hentry"],"_links":{"self":[{"href":"https:\/\/portal.unisepe.com.br\/fasupi\/wp-json\/wp\/v2\/pages\/232","targetHints":{"allow":["GET"]}}],"collection":[{"href":"https:\/\/portal.unisepe.com.br\/fasupi\/wp-json\/wp\/v2\/pages"}],"about":[{"href":"https:\/\/portal.unisepe.com.br\/fasupi\/wp-json\/wp\/v2\/types\/page"}],"author":[{"embeddable":true,"href":"https:\/\/portal.unisepe.com.br\/fasupi\/wp-json\/wp\/v2\/users\/1"}],"replies":[{"embeddable":true,"href":"https:\/\/portal.unisepe.com.br\/fasupi\/wp-json\/wp\/v2\/comments?post=232"}],"version-history":[{"count":3,"href":"https:\/\/portal.unisepe.com.br\/fasupi\/wp-json\/wp\/v2\/pages\/232\/revisions"}],"predecessor-version":[{"id":1872,"href":"https:\/\/portal.unisepe.com.br\/fasupi\/wp-json\/wp\/v2\/pages\/232\/revisions\/1872"}],"up":[{"embeddable":true,"href":"https:\/\/portal.unisepe.com.br\/fasupi\/wp-json\/wp\/v2\/pages\/231"}],"wp:attachment":[{"href":"https:\/\/portal.unisepe.com.br\/fasupi\/wp-json\/wp\/v2\/media?parent=232"}],"wp:term":[{"taxonomy":"category","embeddable":true,"href":"https:\/\/portal.unisepe.com.br\/fasupi\/wp-json\/wp\/v2\/categories?post=232"},{"taxonomy":"post_tag","embeddable":true,"href":"https:\/\/portal.unisepe.com.br\/fasupi\/wp-json\/wp\/v2\/tags?post=232"}],"curies":[{"name":"wp","href":"https:\/\/api.w.org\/{rel}","templated":true}]}}