{"id":252,"date":"2016-07-06T00:26:53","date_gmt":"2016-07-06T00:26:53","guid":{"rendered":"http:\/\/www.fasupi.com.br\/site\/?page_id=252"},"modified":"2022-07-26T14:35:59","modified_gmt":"2022-07-26T17:35:59","slug":"biblioteca","status":"publish","type":"page","link":"https:\/\/portal.unisepe.com.br\/fasupi\/biblioteca\/","title":{"rendered":"Biblioteca"},"content":{"rendered":"<p style=\"text-align: justify\">A Biblioteca da Faculdade Sul Paulista de Itanha\u00e9m(FASUPI) tem por finalidade atender \u00e0s necessidades de informa\u00e7\u00e3o, estudo, pesquisa e extens\u00e3o de acad\u00eamicos, professores e funcion\u00e1rios.<\/p>\n<p style=\"text-align: justify\">Totalmente informatizada de acordo com as normas de cataloga\u00e7\u00e3o AACR2 e a Classifica\u00e7\u00e3o Decimal Dewey. A \u00e1rea destinada a pesquisa possui computadores com acesso \u00e0 internet, cabines individuais de estudo, duas salas de apoio para reuni\u00f5es e trabalhos em grupos.<\/p>\n<p style=\"text-align: justify\">O sistema de consulta tamb\u00e9m permite que os alunos e professores fa\u00e7am consultas online nos computadores. O servi\u00e7o garante mais agilidade na procura e sele\u00e7\u00e3o do material bibliogr\u00e1fico.<\/p>\n<p style=\"text-align: justify\">Na biblioteca reservado computador com softwares de acessibilidade para usu\u00e1rios com necessidades especiais.<\/p>\n<p style=\"text-align: justify\">A atualiza\u00e7\u00e3o dos t\u00edtulos \u00e9 sistem\u00e1tica e permanente, feita por indica\u00e7\u00e3o de alunos, professores e atendendo as exig\u00eancias do Minist\u00e9rio da Educa\u00e7\u00e3o.<\/p>\n<p style=\"text-align: justify\">A biblioteca proporciona sem d\u00favida o mais poderoso instrumento de cultura j\u00e1 concebido pelo homem. As informa\u00e7\u00f5es contidas nos livros s\u00e3o origin\u00e1rias das mentes privilegiadas de renomados autores. As m\u00e1quinas indispens\u00e1veis a difus\u00e3o de informa\u00e7\u00f5es. Os servi\u00e7os prestados s\u00e3o de grande valia para o ensino, colaborando para o grau de desenvolvimento intelectual dos alunos, a fim de proporcionar a liberdade do pensamento e a transforma\u00e7\u00e3o social de uma sociedade evolu\u00edda e aut\u00f4noma de hoje e do futuro.<\/p>\n<p style=\"text-align: justify\"><strong>Hor\u00e1rios de funcionamento<\/strong><\/p>\n<ul style=\"text-align: justify\">\n<li>Segunda a Sexta-feira, das 13h \u00e0s 22h<\/li>\n<li>S\u00e1bados, das 8h \u00e0s 12h.<\/li>\n<li>Rua Paulo Jos\u00e9 de Moraes, s\/n\u00ba40<\/li>\n<li>Bairro: Saba\u00fana \u2013 Itanha\u00e9m\/SP<\/li>\n<li>Tel.: (13) 3426-2390<\/li>\n<\/ul>\n<p style=\"text-align: justify\"><strong style=\"font-size: 0.95em\"><br \/>\n<\/strong><strong>\u00a0<\/strong><\/p>\n<p style=\"text-align: justify\"><strong>\u00a0<\/strong><\/p>\n<p style=\"text-align: justify\"><strong>\u00a0<\/strong><\/p>\n<p style=\"text-align: justify\"><strong>\u00a0<\/strong><\/p>\n<p style=\"text-align: justify\"><strong>\u00a0<\/strong><\/p>\n","protected":false},"excerpt":{"rendered":"<p>A Biblioteca da Faculdade Sul Paulista de Itanha\u00e9m(FASUPI) tem por finalidade atender \u00e0s necessidades de informa\u00e7\u00e3o, estudo, pesquisa e extens\u00e3o de acad\u00eamicos, professores e funcion\u00e1rios. Totalmente informatizada de acordo com as normas de cataloga\u00e7\u00e3o AACR2 e a Classifica\u00e7\u00e3o Decimal Dewey. A \u00e1rea destinada a pesquisa possui computadores com acesso \u00e0<\/p>\n","protected":false},"author":1,"featured_media":0,"parent":0,"menu_order":0,"comment_status":"closed","ping_status":"closed","template":"templates\/template-pagina_menu_vertical.php","meta":{"footnotes":""},"categories":[],"tags":[],"class_list":["post-252","page","type-page","status-publish","hentry"],"_links":{"self":[{"href":"https:\/\/portal.unisepe.com.br\/fasupi\/wp-json\/wp\/v2\/pages\/252","targetHints":{"allow":["GET"]}}],"collection":[{"href":"https:\/\/portal.unisepe.com.br\/fasupi\/wp-json\/wp\/v2\/pages"}],"about":[{"href":"https:\/\/portal.unisepe.com.br\/fasupi\/wp-json\/wp\/v2\/types\/page"}],"author":[{"embeddable":true,"href":"https:\/\/portal.unisepe.com.br\/fasupi\/wp-json\/wp\/v2\/users\/1"}],"replies":[{"embeddable":true,"href":"https:\/\/portal.unisepe.com.br\/fasupi\/wp-json\/wp\/v2\/comments?post=252"}],"version-history":[{"count":5,"href":"https:\/\/portal.unisepe.com.br\/fasupi\/wp-json\/wp\/v2\/pages\/252\/revisions"}],"predecessor-version":[{"id":1286,"href":"https:\/\/portal.unisepe.com.br\/fasupi\/wp-json\/wp\/v2\/pages\/252\/revisions\/1286"}],"wp:attachment":[{"href":"https:\/\/portal.unisepe.com.br\/fasupi\/wp-json\/wp\/v2\/media?parent=252"}],"wp:term":[{"taxonomy":"category","embeddable":true,"href":"https:\/\/portal.unisepe.com.br\/fasupi\/wp-json\/wp\/v2\/categories?post=252"},{"taxonomy":"post_tag","embeddable":true,"href":"https:\/\/portal.unisepe.com.br\/fasupi\/wp-json\/wp\/v2\/tags?post=252"}],"curies":[{"name":"wp","href":"https:\/\/api.w.org\/{rel}","templated":true}]}}