{"id":262,"date":"2016-07-06T00:36:47","date_gmt":"2016-07-06T00:36:47","guid":{"rendered":"http:\/\/www.fasupi.com.br\/site\/?page_id=262"},"modified":"2022-07-20T15:41:53","modified_gmt":"2022-07-20T18:41:53","slug":"cpa","status":"publish","type":"page","link":"https:\/\/portal.unisepe.com.br\/fasupi\/cpa\/","title":{"rendered":"CPA"},"content":{"rendered":"<p align=\"center\"><strong>Autoavalia\u00e7\u00e3o Institucional<\/strong><\/p>\n<p><strong>Autoavalia\u00e7\u00e3o<\/strong><\/p>\n<p>\u2013 Coordenada pela Comiss\u00e3o Pr\u00f3pria de Avalia\u00e7\u00e3o (CPA) de cada institui\u00e7\u00e3o e orientada pelas diretrizes e pelo roteiro da autoavalia\u00e7\u00e3o institucional da CONAES.<br \/>\n\u2013 A Comiss\u00e3o Pr\u00f3pria de Avalia\u00e7\u00e3o \u00e9 um \u00f3rg\u00e3o de natureza consultiva e deliberativa com a fun\u00e7\u00e3o de assessorar a Unidade de Ensino em suas decis\u00f5es estrat\u00e9gicas, na an\u00e1lise e avalia\u00e7\u00e3o do desempenho das atividades desenvolvidas pela institui\u00e7\u00e3o.<br \/>\n\u2013 Em conjunto com a gest\u00e3o da IES, norteia a implanta\u00e7\u00e3o de estrat\u00e9gias e a melhoria dos processos.<\/p>\n<p><strong>Dimens\u00f5es:<\/strong><\/p>\n<p>I. A Miss\u00e3o e o Plano de Desenvolvimento Institucional.<\/p>\n<p>II. A Pol\u00edtica para o Ensino, a Pesquisa, a P\u00f3s-gradua\u00e7\u00e3o, a Extens\u00e3o e a Gest\u00e3o, e as respectivas formas de operacionaliza\u00e7\u00e3o.<\/p>\n<p>III. A Responsabilidade Social.<\/p>\n<p>IV. A Comunica\u00e7\u00e3o com a Sociedade.<\/p>\n<p>V. As Pol\u00edticas de Pessoal.<\/p>\n<p>VI. A Organiza\u00e7\u00e3o e a Gest\u00e3o.<\/p>\n<p>VII. A Infra-estrutura F\u00edsica.<\/p>\n<p>VIII. O Planejamento e a Avalia\u00e7\u00e3o.<\/p>\n<p>IX. As Pol\u00edticas de Atendimento aos Estudantes.<\/p>\n<p>X. A Sustentabilidade Financeira.<\/p>\n<p><strong>ETAPAS:<\/strong><\/p>\n<p>A partir das diretrizes do SINAES, a autoavalia\u00e7\u00e3o da Faculdade Sul Paulista de Itanha\u00e9m \u2013 FASUPI desenvolve-se em tr\u00eas etapas, cada uma compreendendo a\u00e7\u00f5es relevantes para um efetivo desenvolvimento da autoavalia\u00e7\u00e3o.<\/p>\n<p><img loading=\"lazy\" decoding=\"async\" class=\"size-full wp-image-455 aligncenter\" src=\"http:\/\/portal.unisepe.com.br\/fasupi\/wp-content\/uploads\/sites\/10010\/2018\/07\/CPA1.png\" alt=\"\" width=\"818\" height=\"884\" srcset=\"https:\/\/portal.unisepe.com.br\/fasupi\/wp-content\/uploads\/sites\/10010\/2018\/07\/CPA1.png 818w, https:\/\/portal.unisepe.com.br\/fasupi\/wp-content\/uploads\/sites\/10010\/2018\/07\/CPA1-278x300.png 278w, https:\/\/portal.unisepe.com.br\/fasupi\/wp-content\/uploads\/sites\/10010\/2018\/07\/CPA1-768x830.png 768w\" sizes=\"auto, (max-width: 818px) 100vw, 818px\" \/><\/p>\n","protected":false},"excerpt":{"rendered":"<p>Autoavalia\u00e7\u00e3o Institucional Autoavalia\u00e7\u00e3o \u2013 Coordenada pela Comiss\u00e3o Pr\u00f3pria de Avalia\u00e7\u00e3o (CPA) de cada institui\u00e7\u00e3o e orientada pelas diretrizes e pelo roteiro da autoavalia\u00e7\u00e3o institucional da CONAES. \u2013 A Comiss\u00e3o Pr\u00f3pria de Avalia\u00e7\u00e3o \u00e9 um \u00f3rg\u00e3o de natureza consultiva e deliberativa com a fun\u00e7\u00e3o de assessorar a Unidade de Ensino em<\/p>\n","protected":false},"author":1,"featured_media":0,"parent":0,"menu_order":0,"comment_status":"closed","ping_status":"closed","template":"templates\/template-pagina_menu_vertical.php","meta":{"footnotes":""},"categories":[],"tags":[],"class_list":["post-262","page","type-page","status-publish","hentry"],"_links":{"self":[{"href":"https:\/\/portal.unisepe.com.br\/fasupi\/wp-json\/wp\/v2\/pages\/262","targetHints":{"allow":["GET"]}}],"collection":[{"href":"https:\/\/portal.unisepe.com.br\/fasupi\/wp-json\/wp\/v2\/pages"}],"about":[{"href":"https:\/\/portal.unisepe.com.br\/fasupi\/wp-json\/wp\/v2\/types\/page"}],"author":[{"embeddable":true,"href":"https:\/\/portal.unisepe.com.br\/fasupi\/wp-json\/wp\/v2\/users\/1"}],"replies":[{"embeddable":true,"href":"https:\/\/portal.unisepe.com.br\/fasupi\/wp-json\/wp\/v2\/comments?post=262"}],"version-history":[{"count":3,"href":"https:\/\/portal.unisepe.com.br\/fasupi\/wp-json\/wp\/v2\/pages\/262\/revisions"}],"predecessor-version":[{"id":1144,"href":"https:\/\/portal.unisepe.com.br\/fasupi\/wp-json\/wp\/v2\/pages\/262\/revisions\/1144"}],"wp:attachment":[{"href":"https:\/\/portal.unisepe.com.br\/fasupi\/wp-json\/wp\/v2\/media?parent=262"}],"wp:term":[{"taxonomy":"category","embeddable":true,"href":"https:\/\/portal.unisepe.com.br\/fasupi\/wp-json\/wp\/v2\/categories?post=262"},{"taxonomy":"post_tag","embeddable":true,"href":"https:\/\/portal.unisepe.com.br\/fasupi\/wp-json\/wp\/v2\/tags?post=262"}],"curies":[{"name":"wp","href":"https:\/\/api.w.org\/{rel}","templated":true}]}}