{"id":271,"date":"2016-07-06T00:40:15","date_gmt":"2016-07-06T00:40:15","guid":{"rendered":"http:\/\/www.fasupi.com.br\/site\/?page_id=271"},"modified":"2025-03-18T21:20:36","modified_gmt":"2025-03-19T00:20:36","slug":"projeto-cpa","status":"publish","type":"page","link":"https:\/\/portal.unisepe.com.br\/fasupi\/cpa\/projeto-cpa\/","title":{"rendered":"Projeto CPA"},"content":{"rendered":"<ul>\n<li><a href=\"http:\/\/portal.unisepe.com.br\/fasupi\/wp-content\/uploads\/sites\/10010\/2018\/07\/Projeto-CPA.pdf\" target=\"_blank\" rel=\"noopener noreferrer\">Projeto CPA<\/a><\/li>\n<li><a href=\"https:\/\/portal.unisepe.com.br\/fasupi\/wp-content\/uploads\/sites\/10010\/2025\/03\/Projeto-CPA_FASUPI-2025.pdf\">Projeto CPA FASUPI 2025<\/a><\/li>\n<li><a href=\"https:\/\/portal.unisepe.com.br\/fasupi\/wp-content\/uploads\/sites\/10010\/2023\/12\/PLANO-DE-AUTO-2023.pdf\">Plano de auto Avalia\u00e7\u00e3o 2023<\/a><\/li>\n<li><a href=\"https:\/\/portal.unisepe.com.br\/fasupi\/wp-content\/uploads\/sites\/10010\/2025\/03\/PLANO-DE-AUTO-AVALIACAO_FASUPI_2025.pdf\">Plano de auto Avalia\u00e7\u00e3o 2025<\/a><\/li>\n<\/ul>\n","protected":false},"excerpt":{"rendered":"<p>Projeto CPA Projeto CPA FASUPI 2025 Plano de auto Avalia\u00e7\u00e3o 2023 Plano de auto Avalia\u00e7\u00e3o 2025<\/p>\n","protected":false},"author":1,"featured_media":0,"parent":262,"menu_order":0,"comment_status":"closed","ping_status":"closed","template":"templates\/template-pagina_menu_vertical.php","meta":{"footnotes":""},"categories":[],"tags":[],"class_list":["post-271","page","type-page","status-publish","hentry"],"_links":{"self":[{"href":"https:\/\/portal.unisepe.com.br\/fasupi\/wp-json\/wp\/v2\/pages\/271","targetHints":{"allow":["GET"]}}],"collection":[{"href":"https:\/\/portal.unisepe.com.br\/fasupi\/wp-json\/wp\/v2\/pages"}],"about":[{"href":"https:\/\/portal.unisepe.com.br\/fasupi\/wp-json\/wp\/v2\/types\/page"}],"author":[{"embeddable":true,"href":"https:\/\/portal.unisepe.com.br\/fasupi\/wp-json\/wp\/v2\/users\/1"}],"replies":[{"embeddable":true,"href":"https:\/\/portal.unisepe.com.br\/fasupi\/wp-json\/wp\/v2\/comments?post=271"}],"version-history":[{"count":6,"href":"https:\/\/portal.unisepe.com.br\/fasupi\/wp-json\/wp\/v2\/pages\/271\/revisions"}],"predecessor-version":[{"id":1819,"href":"https:\/\/portal.unisepe.com.br\/fasupi\/wp-json\/wp\/v2\/pages\/271\/revisions\/1819"}],"up":[{"embeddable":true,"href":"https:\/\/portal.unisepe.com.br\/fasupi\/wp-json\/wp\/v2\/pages\/262"}],"wp:attachment":[{"href":"https:\/\/portal.unisepe.com.br\/fasupi\/wp-json\/wp\/v2\/media?parent=271"}],"wp:term":[{"taxonomy":"category","embeddable":true,"href":"https:\/\/portal.unisepe.com.br\/fasupi\/wp-json\/wp\/v2\/categories?post=271"},{"taxonomy":"post_tag","embeddable":true,"href":"https:\/\/portal.unisepe.com.br\/fasupi\/wp-json\/wp\/v2\/tags?post=271"}],"curies":[{"name":"wp","href":"https:\/\/api.w.org\/{rel}","templated":true}]}}