{"id":281,"date":"2016-07-06T00:47:14","date_gmt":"2016-07-06T00:47:14","guid":{"rendered":"http:\/\/www.fasupi.com.br\/site\/?page_id=281"},"modified":"2020-09-24T08:55:14","modified_gmt":"2020-09-24T11:55:14","slug":"ouvidoria","status":"publish","type":"page","link":"https:\/\/portal.unisepe.com.br\/fasupi\/ouvidoria\/","title":{"rendered":"Ouvidoria"},"content":{"rendered":"<blockquote><p><strong>Essa ouvidoria \u00e9 destinada ao publico externo da institui\u00e7\u00e3o. Caso voc\u00ea j\u00e1 seja um(a) aluno(a), <a id=\"portal-link\" title=\"portal\" href=\"#line-form\">clique aqui<\/a> para fazer o login e efetuar sua ouvidoria atrav\u00e9s do portal.<\/strong><\/p><\/blockquote>\n<p class='text-center'>\n<a class='btn btn-primary btn-block' href='http:\/\/central.unisep.com.br\/newsige\/ouvidoriaExterna.php?filial=0304'>Iniciar ouvidoria<\/a>\n<\/p>\n<p><!--\n<iframe id=\"contentOuv\" style=\"width: 100%; height: 1100px;\" src=\"http:\/\/central.unisep.com.br\/newsige\/ouvidoriaExterna.php?filial=0304\" name=\"contentOuv\"><\/iframe>\n--><\/p>\n","protected":false},"excerpt":{"rendered":"<p>Essa ouvidoria \u00e9 destinada ao publico externo da institui\u00e7\u00e3o. Caso voc\u00ea j\u00e1 seja um(a) aluno(a), clique aqui para fazer o login e efetuar sua ouvidoria atrav\u00e9s do portal. Iniciar ouvidoria<\/p>\n","protected":false},"author":1,"featured_media":0,"parent":0,"menu_order":0,"comment_status":"closed","ping_status":"closed","template":"templates\/template-pagina_menu_vertical.php","meta":{"footnotes":""},"categories":[],"tags":[],"class_list":["post-281","page","type-page","status-publish","hentry"],"_links":{"self":[{"href":"https:\/\/portal.unisepe.com.br\/fasupi\/wp-json\/wp\/v2\/pages\/281","targetHints":{"allow":["GET"]}}],"collection":[{"href":"https:\/\/portal.unisepe.com.br\/fasupi\/wp-json\/wp\/v2\/pages"}],"about":[{"href":"https:\/\/portal.unisepe.com.br\/fasupi\/wp-json\/wp\/v2\/types\/page"}],"author":[{"embeddable":true,"href":"https:\/\/portal.unisepe.com.br\/fasupi\/wp-json\/wp\/v2\/users\/1"}],"replies":[{"embeddable":true,"href":"https:\/\/portal.unisepe.com.br\/fasupi\/wp-json\/wp\/v2\/comments?post=281"}],"version-history":[{"count":2,"href":"https:\/\/portal.unisepe.com.br\/fasupi\/wp-json\/wp\/v2\/pages\/281\/revisions"}],"predecessor-version":[{"id":911,"href":"https:\/\/portal.unisepe.com.br\/fasupi\/wp-json\/wp\/v2\/pages\/281\/revisions\/911"}],"wp:attachment":[{"href":"https:\/\/portal.unisepe.com.br\/fasupi\/wp-json\/wp\/v2\/media?parent=281"}],"wp:term":[{"taxonomy":"category","embeddable":true,"href":"https:\/\/portal.unisepe.com.br\/fasupi\/wp-json\/wp\/v2\/categories?post=281"},{"taxonomy":"post_tag","embeddable":true,"href":"https:\/\/portal.unisepe.com.br\/fasupi\/wp-json\/wp\/v2\/tags?post=281"}],"curies":[{"name":"wp","href":"https:\/\/api.w.org\/{rel}","templated":true}]}}