{"id":283,"date":"2016-07-06T00:48:12","date_gmt":"2016-07-06T00:48:12","guid":{"rendered":"http:\/\/www.fasupi.com.br\/site\/?page_id=283"},"modified":"2021-08-12T14:17:43","modified_gmt":"2021-08-12T17:17:43","slug":"ouvidoria-externa","status":"publish","type":"page","link":"https:\/\/portal.unisepe.com.br\/fasupi\/ouvidoria\/ouvidoria-externa\/","title":{"rendered":"Ouvidoria externa"},"content":{"rendered":"<blockquote><p><strong>Essa ouvidoria \u00e9 destinada ao publico externo da institui\u00e7\u00e3o. Caso voc\u00ea j\u00e1 seja um(a) aluno(a), <a id=\"portal-link\" title=\"portal\" href=\"#line-form\">clique aqui<\/a> para fazer o login e efetuar sua ouvidoria atrav\u00e9s do portal.<\/strong><\/p><\/blockquote>\n<p class=\"text-center\"><a class=\"btn btn-primary btn-block\" href=\"http:\/\/central.unisep.com.br\/newsige\/ouvidoriaExterna.php?filial=0304\">Iniciar ouvidoria<\/a><\/p>\n<p><!--\n<iframe style=\"width: 100%; height: 1100px;\" id=\"contentOuv\" src=\"http:\/\/central.unisep.com.br\/newsige\/ouvidoriaExterna.php?filial=0304\" name=\"contentOuv\"><\/iframe>\n--><\/p>\n","protected":false},"excerpt":{"rendered":"<p>Essa ouvidoria \u00e9 destinada ao publico externo da institui\u00e7\u00e3o. Caso voc\u00ea j\u00e1 seja um(a) aluno(a), clique aqui para fazer o login e efetuar sua ouvidoria atrav\u00e9s do portal. Iniciar ouvidoria<\/p>\n","protected":false},"author":1,"featured_media":0,"parent":281,"menu_order":0,"comment_status":"closed","ping_status":"closed","template":"templates\/template-pagina_menu_vertical.php","meta":{"footnotes":""},"categories":[],"tags":[],"class_list":["post-283","page","type-page","status-publish","hentry"],"_links":{"self":[{"href":"https:\/\/portal.unisepe.com.br\/fasupi\/wp-json\/wp\/v2\/pages\/283","targetHints":{"allow":["GET"]}}],"collection":[{"href":"https:\/\/portal.unisepe.com.br\/fasupi\/wp-json\/wp\/v2\/pages"}],"about":[{"href":"https:\/\/portal.unisepe.com.br\/fasupi\/wp-json\/wp\/v2\/types\/page"}],"author":[{"embeddable":true,"href":"https:\/\/portal.unisepe.com.br\/fasupi\/wp-json\/wp\/v2\/users\/1"}],"replies":[{"embeddable":true,"href":"https:\/\/portal.unisepe.com.br\/fasupi\/wp-json\/wp\/v2\/comments?post=283"}],"version-history":[{"count":6,"href":"https:\/\/portal.unisepe.com.br\/fasupi\/wp-json\/wp\/v2\/pages\/283\/revisions"}],"predecessor-version":[{"id":1060,"href":"https:\/\/portal.unisepe.com.br\/fasupi\/wp-json\/wp\/v2\/pages\/283\/revisions\/1060"}],"up":[{"embeddable":true,"href":"https:\/\/portal.unisepe.com.br\/fasupi\/wp-json\/wp\/v2\/pages\/281"}],"wp:attachment":[{"href":"https:\/\/portal.unisepe.com.br\/fasupi\/wp-json\/wp\/v2\/media?parent=283"}],"wp:term":[{"taxonomy":"category","embeddable":true,"href":"https:\/\/portal.unisepe.com.br\/fasupi\/wp-json\/wp\/v2\/categories?post=283"},{"taxonomy":"post_tag","embeddable":true,"href":"https:\/\/portal.unisepe.com.br\/fasupi\/wp-json\/wp\/v2\/tags?post=283"}],"curies":[{"name":"wp","href":"https:\/\/api.w.org\/{rel}","templated":true}]}}