{"id":332,"date":"2016-07-06T13:55:11","date_gmt":"2016-07-06T13:55:11","guid":{"rendered":"http:\/\/www.fasupi.com.br\/site\/?page_id=332"},"modified":"2024-07-17T12:13:37","modified_gmt":"2024-07-17T15:13:37","slug":"atendimento","status":"publish","type":"page","link":"https:\/\/portal.unisepe.com.br\/fasupi\/atendimento\/","title":{"rendered":"Atendimento"},"content":{"rendered":"<p><strong>Hor\u00e1rio de atendimento:<\/strong><\/p>\n<p><strong><em>Segunda \u00e0 Sexta:<\/em><\/strong><\/p>\n<p><em>das 13h \u00e0s 17h e das 18h \u00e0s 21h30.<\/em><\/p>\n<p><strong>aos S\u00e1bados<em> &#8211;\u00a0<\/em><\/strong><em>08h \u00e0s 12h<\/em><\/p>\n<p><strong>Telefone para contato:\u00a0<\/strong><em>(13)3426-2390<\/em><\/p>\n<p><strong>Whatsapp<\/strong><strong>:<\/strong><em> (13) 3456-2979 &#8211; <a href=\"https:\/\/web.whatsapp.com\/send?phone=551334262390\">13 3426-2390<\/a><\/em><\/p>\n","protected":false},"excerpt":{"rendered":"<p>Hor\u00e1rio de atendimento: Segunda \u00e0 Sexta: das 13h \u00e0s 17h e das 18h \u00e0s 21h30. aos S\u00e1bados &#8211;\u00a008h \u00e0s 12h Telefone para contato:\u00a0(13)3426-2390 Whatsapp: (13) 3456-2979 &#8211; 13 3426-2390<\/p>\n","protected":false},"author":1,"featured_media":0,"parent":0,"menu_order":0,"comment_status":"closed","ping_status":"closed","template":"templates\/template-pagina_menu_vertical.php","meta":{"footnotes":""},"categories":[],"tags":[],"class_list":["post-332","page","type-page","status-publish","hentry"],"_links":{"self":[{"href":"https:\/\/portal.unisepe.com.br\/fasupi\/wp-json\/wp\/v2\/pages\/332","targetHints":{"allow":["GET"]}}],"collection":[{"href":"https:\/\/portal.unisepe.com.br\/fasupi\/wp-json\/wp\/v2\/pages"}],"about":[{"href":"https:\/\/portal.unisepe.com.br\/fasupi\/wp-json\/wp\/v2\/types\/page"}],"author":[{"embeddable":true,"href":"https:\/\/portal.unisepe.com.br\/fasupi\/wp-json\/wp\/v2\/users\/1"}],"replies":[{"embeddable":true,"href":"https:\/\/portal.unisepe.com.br\/fasupi\/wp-json\/wp\/v2\/comments?post=332"}],"version-history":[{"count":5,"href":"https:\/\/portal.unisepe.com.br\/fasupi\/wp-json\/wp\/v2\/pages\/332\/revisions"}],"predecessor-version":[{"id":1733,"href":"https:\/\/portal.unisepe.com.br\/fasupi\/wp-json\/wp\/v2\/pages\/332\/revisions\/1733"}],"wp:attachment":[{"href":"https:\/\/portal.unisepe.com.br\/fasupi\/wp-json\/wp\/v2\/media?parent=332"}],"wp:term":[{"taxonomy":"category","embeddable":true,"href":"https:\/\/portal.unisepe.com.br\/fasupi\/wp-json\/wp\/v2\/categories?post=332"},{"taxonomy":"post_tag","embeddable":true,"href":"https:\/\/portal.unisepe.com.br\/fasupi\/wp-json\/wp\/v2\/tags?post=332"}],"curies":[{"name":"wp","href":"https:\/\/api.w.org\/{rel}","templated":true}]}}