{"id":484,"date":"2019-03-06T19:36:58","date_gmt":"2019-03-06T22:36:58","guid":{"rendered":"http:\/\/portal.unisepe.com.br\/fasupi\/?page_id=484"},"modified":"2026-01-26T13:41:06","modified_gmt":"2026-01-26T16:41:06","slug":"calendario-academico","status":"publish","type":"page","link":"https:\/\/portal.unisepe.com.br\/fasupi\/calendario-academico\/","title":{"rendered":"Calend\u00e1rio Acad\u00eamico"},"content":{"rendered":"<p><strong>Calend\u00e1rio acad\u00eamico<\/strong><\/p>\n<ul>\n<li><a href=\"https:\/\/portal.unisepe.com.br\/fasupi\/wp-content\/uploads\/sites\/10010\/2026\/01\/site-2026_CALENDARIO-PARA-SITE_FASUPI.pdf\" target=\"_blank\" rel=\"noopener\">Calend\u00e1rio Acad\u00eamico 2026<\/a><\/li>\n<\/ul>\n<p><strong>Calendario de eventos<\/strong><\/p>\n<hr \/>\n<ul>\n<li><a href=\"https:\/\/portal.unisepe.com.br\/fasupi\/wp-content\/uploads\/sites\/10010\/2023\/04\/CALEND\u00c1RIO-DE-EVENTOS-2023-FASUPI-P\u00e1gina1.pdf\" target=\"_blank\" rel=\"noopener noreferrer\">Calendario de Eventos FASUPI<\/a><\/li>\n<\/ul>\n","protected":false},"excerpt":{"rendered":"<p>Calend\u00e1rio acad\u00eamico Calend\u00e1rio Acad\u00eamico 2026 Calendario de eventos Calendario de Eventos FASUPI<\/p>\n","protected":false},"author":8,"featured_media":0,"parent":0,"menu_order":0,"comment_status":"closed","ping_status":"closed","template":"","meta":{"footnotes":""},"categories":[],"tags":[],"class_list":["post-484","page","type-page","status-publish","hentry"],"_links":{"self":[{"href":"https:\/\/portal.unisepe.com.br\/fasupi\/wp-json\/wp\/v2\/pages\/484","targetHints":{"allow":["GET"]}}],"collection":[{"href":"https:\/\/portal.unisepe.com.br\/fasupi\/wp-json\/wp\/v2\/pages"}],"about":[{"href":"https:\/\/portal.unisepe.com.br\/fasupi\/wp-json\/wp\/v2\/types\/page"}],"author":[{"embeddable":true,"href":"https:\/\/portal.unisepe.com.br\/fasupi\/wp-json\/wp\/v2\/users\/8"}],"replies":[{"embeddable":true,"href":"https:\/\/portal.unisepe.com.br\/fasupi\/wp-json\/wp\/v2\/comments?post=484"}],"version-history":[{"count":19,"href":"https:\/\/portal.unisepe.com.br\/fasupi\/wp-json\/wp\/v2\/pages\/484\/revisions"}],"predecessor-version":[{"id":1884,"href":"https:\/\/portal.unisepe.com.br\/fasupi\/wp-json\/wp\/v2\/pages\/484\/revisions\/1884"}],"wp:attachment":[{"href":"https:\/\/portal.unisepe.com.br\/fasupi\/wp-json\/wp\/v2\/media?parent=484"}],"wp:term":[{"taxonomy":"category","embeddable":true,"href":"https:\/\/portal.unisepe.com.br\/fasupi\/wp-json\/wp\/v2\/categories?post=484"},{"taxonomy":"post_tag","embeddable":true,"href":"https:\/\/portal.unisepe.com.br\/fasupi\/wp-json\/wp\/v2\/tags?post=484"}],"curies":[{"name":"wp","href":"https:\/\/api.w.org\/{rel}","templated":true}]}}