{"id":81,"date":"2015-07-28T12:24:00","date_gmt":"2015-07-28T12:24:00","guid":{"rendered":"http:\/\/www.fasupi.com.br\/site\/?page_id=81"},"modified":"2022-08-25T11:39:26","modified_gmt":"2022-08-25T14:39:26","slug":"a-instituicao","status":"publish","type":"page","link":"https:\/\/portal.unisepe.com.br\/fasupi\/a-instituicao\/","title":{"rendered":"A Institui\u00e7\u00e3o"},"content":{"rendered":"<p><span style=\"font-family: arial, helvetica, sans-serif\">A <a href=\"http:\/\/www.unisepe.com.br\/hotsite\/#secHome\">Uni\u00e3o das Institui\u00e7\u00f5es de Servi\u00e7os, Ensino e Pesquisa \u2013 UNISEPE<\/a>, por ser uma <\/span><span style=\"font-family: arial, helvetica, sans-serif\">mantenedora com larga experi\u00eancia em manter institui\u00e7\u00f5es de ensino Superior, entre elas a <a href=\"https:\/\/portal.unisepe.com.br\/fpbe\/\">Faculdade de Peru\u00edbe (FPBE)<\/a>, localizada na cidade de Peru\u00edbe\/SP, o <a href=\"https:\/\/portal.unisepe.com.br\/univr\/\">Centro<\/a><\/span><span style=\"font-family: arial, helvetica, sans-serif\"><a href=\"https:\/\/portal.unisepe.com.br\/univr\/\">Universit\u00e1rio do Vale do Ribeira (UNIVR)<\/a>, localizada na cidade de Registro\/SP, o <a href=\"https:\/\/portal.unisepe.com.br\/unifia\/\">Centro Universit\u00e1rio Amparense (UNIFIA)<\/a>, localizado no munic\u00edpio de Amparo\/SP, as <\/span><span style=\"font-family: arial, helvetica, sans-serif\"><a href=\"https:\/\/portal.unisepe.com.br\/asmec\/\">Faculdades ASMEC<\/a>, localizada na cidade de Ouro Fino\/MG, o<a href=\"https:\/\/portal.unisepe.com.br\/asmecpa\/\"> Instituto de Ensino Superior de Pouso Alegre (FAPA)<\/a>, localizada na cidade de Pouso Alegre\/MG e a <a href=\"https:\/\/portal.unisepe.com.br\/saolourenco\/\">Faculdade de S\u00e3o Louren\u00e7o (FSL)<\/a>, localizada na cidade de S\u00e3o Louren\u00e7o\/MG, ampliou os seus servi\u00e7os, ensino e inicia\u00e7\u00e3o cient\u00edfica, tamb\u00e9m para a cidade de Itanha\u00e9m, quando foi credenciada a <strong>Faculdade Sul Paulista de Itanha\u00e9m \u2013 FASUPI<\/strong> por meio da Portaria n\u00ba 1.309 de 10 de outubro de 2017, publicada no D.O.U. de 11 de outubro de 2017. A mesma experi\u00eancia de sucesso das demais unidades ser\u00e1 oferecida tamb\u00e9m na Faculdade Sul Paulista de Itanha\u00e9m (FASUPI), com cursos que tamb\u00e9m funcionam nas demais unidades da UNISEPE, como Bacharelado em Administra\u00e7\u00e3o e Bacharelado em Psicologia.<\/span><\/p>\n","protected":false},"excerpt":{"rendered":"<p>A Uni\u00e3o das Institui\u00e7\u00f5es de Servi\u00e7os, Ensino e Pesquisa \u2013 UNISEPE, por ser uma mantenedora com larga experi\u00eancia em manter institui\u00e7\u00f5es de ensino Superior, entre elas a Faculdade de Peru\u00edbe (FPBE), localizada na cidade de Peru\u00edbe\/SP, o CentroUniversit\u00e1rio do Vale do Ribeira (UNIVR), localizada na cidade de Registro\/SP, o Centro<\/p>\n","protected":false},"author":1,"featured_media":0,"parent":0,"menu_order":0,"comment_status":"open","ping_status":"open","template":"templates\/template-pagina_menu_vertical.php","meta":{"footnotes":""},"categories":[],"tags":[],"class_list":["post-81","page","type-page","status-publish","hentry"],"_links":{"self":[{"href":"https:\/\/portal.unisepe.com.br\/fasupi\/wp-json\/wp\/v2\/pages\/81","targetHints":{"allow":["GET"]}}],"collection":[{"href":"https:\/\/portal.unisepe.com.br\/fasupi\/wp-json\/wp\/v2\/pages"}],"about":[{"href":"https:\/\/portal.unisepe.com.br\/fasupi\/wp-json\/wp\/v2\/types\/page"}],"author":[{"embeddable":true,"href":"https:\/\/portal.unisepe.com.br\/fasupi\/wp-json\/wp\/v2\/users\/1"}],"replies":[{"embeddable":true,"href":"https:\/\/portal.unisepe.com.br\/fasupi\/wp-json\/wp\/v2\/comments?post=81"}],"version-history":[{"count":16,"href":"https:\/\/portal.unisepe.com.br\/fasupi\/wp-json\/wp\/v2\/pages\/81\/revisions"}],"predecessor-version":[{"id":1327,"href":"https:\/\/portal.unisepe.com.br\/fasupi\/wp-json\/wp\/v2\/pages\/81\/revisions\/1327"}],"wp:attachment":[{"href":"https:\/\/portal.unisepe.com.br\/fasupi\/wp-json\/wp\/v2\/media?parent=81"}],"wp:term":[{"taxonomy":"category","embeddable":true,"href":"https:\/\/portal.unisepe.com.br\/fasupi\/wp-json\/wp\/v2\/categories?post=81"},{"taxonomy":"post_tag","embeddable":true,"href":"https:\/\/portal.unisepe.com.br\/fasupi\/wp-json\/wp\/v2\/tags?post=81"}],"curies":[{"name":"wp","href":"https:\/\/api.w.org\/{rel}","templated":true}]}}