{"id":85,"date":"2015-07-28T12:24:51","date_gmt":"2015-07-28T12:24:51","guid":{"rendered":"http:\/\/www.fasupi.com.br\/site\/?page_id=85"},"modified":"2015-07-28T12:24:51","modified_gmt":"2015-07-28T12:24:51","slug":"registros-academicos","status":"publish","type":"page","link":"https:\/\/portal.unisepe.com.br\/fasupi\/a-instituicao\/registros-academicos\/","title":{"rendered":"Registros acad\u00eamicos"},"content":{"rendered":"<blockquote><p><strong>Arquivo Acad\u00eamico<\/strong><\/p><\/blockquote>\n<p>O Arquivo Acad\u00eamico \u00e9 composto pelo conjunto de toda a documenta\u00e7\u00e3o ligada \u00e0s atividades pedag\u00f3gicas. A sua estrutura \u00e9 definida pela Portaria MEC N\u00b0 1.224 de 13 de dezembro de 2013 e visa a guarda e manuten\u00e7\u00e3o dos documentos acad\u00eamicos produzidos e recebidos em decorr\u00eancia do exerc\u00edcio da institui\u00e7\u00e3o.<\/p>\n<p>A Portaria MEC N\u00b0 1.224\/2013 instituiu procedimentos para a manuten\u00e7\u00e3o e guarda do acervo acad\u00eamico das Institui\u00e7\u00f5es pertencentes ao Sistema Federal de Ensino, real\u00e7ando a import\u00e2ncia do AA e de sua gest\u00e3o.<\/p>\n<p>O gerenciamento do AA visa o atendimento eficiente e eficaz das demandas dos \u00f3rg\u00e3os governamentais, assim como das necessidades internas da institui\u00e7\u00e3o. Permite aproveitar ao m\u00e1ximo as informa\u00e7\u00f5es dispon\u00edveis na FASUPI, facilita as consultas aos documentos e, consequentemente, as a\u00e7\u00f5es pedag\u00f3gicas e administrativas. A gest\u00e3o do AA inicia-se com a organiza\u00e7\u00e3o do conjunto de procedimentos e opera\u00e7\u00f5es t\u00e9cnicas necess\u00e1rias ao seu funcionamento e continua com a defini\u00e7\u00e3o das formas de arquivamento e tramita\u00e7\u00e3o dos documentos, per\u00edodos de guarda nas fases correntes e intermedi\u00e1rias, assim 5 como dos procedimentos para a elimina\u00e7\u00e3o ou recolhimento para a guarda permanente, atendendo ao Art. 3\u00b0 da Lei N\u00b0 8.159\/91.<\/p>\n<p>As atividades relacionadas ao Arquivo Acad\u00eamico seguir\u00e3o os seguintes passos: An\u00e1lise detalhada da Portaria MEC N\u00b01.224\/2013, com destaque para os itens que comp\u00f5em o AA da FASUP; Levantamento da localiza\u00e7\u00e3o atual dos documentos dos diferentes setores e da forma de seu arquivo (papel, CD, Pendrive, etc.); Levantamento dos itens arquivados nos sistemas da FASUPI; Elabora\u00e7\u00e3o e Concretiza\u00e7\u00e3o de um Plano de A\u00e7\u00e3o para a adequa\u00e7\u00e3o do AA \u00e0s normas da Portaria MEC N\u00ba 1.224\/2013, concretiza\u00e7\u00e3o do plano de a\u00e7\u00e3o e Instituir e aprovar, no \u00e2mbito da FASUPI, a Politica e as Normas sobre a manuten\u00e7\u00e3o e guarda do Acervo Acad\u00eamico. Respons\u00e1vel pelo Arquivo Acad\u00eamico da FASUPI:<\/p>\n<blockquote><p><strong>Deposit\u00e1rio do Acervo Acad\u00eamico:<\/strong><\/p><\/blockquote>\n<p>Nomeado junto ao Minist\u00e9rio da Educa\u00e7\u00e3o, como Deposit\u00e1rio do Acervo Acad\u00eamico a Colabolarada Vera Joana Costa Adorno \u00e9 responsavel pela guarda e conserva\u00e7\u00e3o do acervo da FASUPI \u2013 FACULDADE SUL PAULISTA DE ITANHAEM.<\/p>\n","protected":false},"excerpt":{"rendered":"<p>Arquivo Acad\u00eamico O Arquivo Acad\u00eamico \u00e9 composto pelo conjunto de toda a documenta\u00e7\u00e3o ligada \u00e0s atividades pedag\u00f3gicas. A sua estrutura \u00e9 definida pela Portaria MEC N\u00b0 1.224 de 13 de dezembro de 2013 e visa a guarda e manuten\u00e7\u00e3o dos documentos acad\u00eamicos produzidos e recebidos em decorr\u00eancia do exerc\u00edcio da<\/p>\n","protected":false},"author":1,"featured_media":0,"parent":81,"menu_order":3,"comment_status":"open","ping_status":"open","template":"templates\/template-pagina_menu_vertical.php","meta":{"footnotes":""},"categories":[],"tags":[],"class_list":["post-85","page","type-page","status-publish","hentry"],"_links":{"self":[{"href":"https:\/\/portal.unisepe.com.br\/fasupi\/wp-json\/wp\/v2\/pages\/85","targetHints":{"allow":["GET"]}}],"collection":[{"href":"https:\/\/portal.unisepe.com.br\/fasupi\/wp-json\/wp\/v2\/pages"}],"about":[{"href":"https:\/\/portal.unisepe.com.br\/fasupi\/wp-json\/wp\/v2\/types\/page"}],"author":[{"embeddable":true,"href":"https:\/\/portal.unisepe.com.br\/fasupi\/wp-json\/wp\/v2\/users\/1"}],"replies":[{"embeddable":true,"href":"https:\/\/portal.unisepe.com.br\/fasupi\/wp-json\/wp\/v2\/comments?post=85"}],"version-history":[{"count":0,"href":"https:\/\/portal.unisepe.com.br\/fasupi\/wp-json\/wp\/v2\/pages\/85\/revisions"}],"up":[{"embeddable":true,"href":"https:\/\/portal.unisepe.com.br\/fasupi\/wp-json\/wp\/v2\/pages\/81"}],"wp:attachment":[{"href":"https:\/\/portal.unisepe.com.br\/fasupi\/wp-json\/wp\/v2\/media?parent=85"}],"wp:term":[{"taxonomy":"category","embeddable":true,"href":"https:\/\/portal.unisepe.com.br\/fasupi\/wp-json\/wp\/v2\/categories?post=85"},{"taxonomy":"post_tag","embeddable":true,"href":"https:\/\/portal.unisepe.com.br\/fasupi\/wp-json\/wp\/v2\/tags?post=85"}],"curies":[{"name":"wp","href":"https:\/\/api.w.org\/{rel}","templated":true}]}}