{"id":1147,"date":"2016-12-05T18:27:40","date_gmt":"2016-12-05T18:27:40","guid":{"rendered":"http:\/\/www.fvr.edu.br\/fvr\/site\/?page_id=1147"},"modified":"2026-01-26T13:39:34","modified_gmt":"2026-01-26T16:39:34","slug":"calendario-academico","status":"publish","type":"page","link":"https:\/\/portal.unisepe.com.br\/fpbe\/calendario-academico\/","title":{"rendered":"Calend\u00e1rios"},"content":{"rendered":"<p><strong>Calend\u00e1rio acad\u00eamico<\/strong><\/p>\n<ul>\n<li><a href=\"https:\/\/portal.unisepe.com.br\/fpbe\/wp-content\/uploads\/sites\/10008\/2026\/01\/site-2026_CALENDARIO-PARA-SITE_FPBE.pdf\" target=\"_blank\" rel=\"noopener\">Calend\u00e1rio Acad\u00eamico 2026<\/a><\/li>\n<\/ul>\n<p>&nbsp;<\/p>\n<p><strong>Calendario de eventos<\/strong><\/p>\n<hr \/>\n<ul>\n<li><a href=\"https:\/\/portal.unisepe.com.br\/fpbe\/wp-content\/uploads\/sites\/10008\/2023\/04\/CALENDARIO-DE-EVENTOS-FPBE-P\u00e1gina1.pdf\">Calendario de Eventos FPBE<\/a><\/li>\n<\/ul>\n","protected":false},"excerpt":{"rendered":"<p>Calend\u00e1rio acad\u00eamico Calend\u00e1rio Acad\u00eamico 2026 &nbsp; Calendario de eventos Calendario de Eventos FPBE<\/p>\n","protected":false},"author":6,"featured_media":0,"parent":0,"menu_order":0,"comment_status":"closed","ping_status":"closed","template":"","meta":{"footnotes":""},"categories":[],"tags":[],"class_list":["post-1147","page","type-page","status-publish","hentry"],"_links":{"self":[{"href":"https:\/\/portal.unisepe.com.br\/fpbe\/wp-json\/wp\/v2\/pages\/1147","targetHints":{"allow":["GET"]}}],"collection":[{"href":"https:\/\/portal.unisepe.com.br\/fpbe\/wp-json\/wp\/v2\/pages"}],"about":[{"href":"https:\/\/portal.unisepe.com.br\/fpbe\/wp-json\/wp\/v2\/types\/page"}],"author":[{"embeddable":true,"href":"https:\/\/portal.unisepe.com.br\/fpbe\/wp-json\/wp\/v2\/users\/6"}],"replies":[{"embeddable":true,"href":"https:\/\/portal.unisepe.com.br\/fpbe\/wp-json\/wp\/v2\/comments?post=1147"}],"version-history":[{"count":26,"href":"https:\/\/portal.unisepe.com.br\/fpbe\/wp-json\/wp\/v2\/pages\/1147\/revisions"}],"predecessor-version":[{"id":5038,"href":"https:\/\/portal.unisepe.com.br\/fpbe\/wp-json\/wp\/v2\/pages\/1147\/revisions\/5038"}],"wp:attachment":[{"href":"https:\/\/portal.unisepe.com.br\/fpbe\/wp-json\/wp\/v2\/media?parent=1147"}],"wp:term":[{"taxonomy":"category","embeddable":true,"href":"https:\/\/portal.unisepe.com.br\/fpbe\/wp-json\/wp\/v2\/categories?post=1147"},{"taxonomy":"post_tag","embeddable":true,"href":"https:\/\/portal.unisepe.com.br\/fpbe\/wp-json\/wp\/v2\/tags?post=1147"}],"curies":[{"name":"wp","href":"https:\/\/api.w.org\/{rel}","templated":true}]}}