{"id":1347,"date":"2017-04-01T10:32:25","date_gmt":"2017-04-01T13:32:25","guid":{"rendered":"\/?page_id=1347"},"modified":"2024-02-27T16:01:31","modified_gmt":"2024-02-27T19:01:31","slug":"monitoria","status":"publish","type":"page","link":"https:\/\/portal.unisepe.com.br\/fpbe\/enfermagem\/monitoria\/","title":{"rendered":"Monitoria"},"content":{"rendered":"<p style=\"text-align: justify\"><b><span data-contrast=\"none\">MONITORIA\u00a0<\/span><\/b><span data-ccp-props=\"{&quot;134233117&quot;:false,&quot;134233118&quot;:false,&quot;201341983&quot;:0,&quot;335559738&quot;:180,&quot;335559739&quot;:180,&quot;335559740&quot;:240}\">\u00a0<\/span><\/p>\n<p style=\"text-align: justify\"><span data-contrast=\"none\">O Programa de Monitoria representa mais uma possibilidade de aprendizagem para os alunos do curso de Enfermagem e contribui para sua forma\u00e7\u00e3o integrada. Tem como principal finalidade o aperfei\u00e7oamento acad\u00eamico e profissional. Al\u00e9m disso, s\u00e3o objetivos deste programa: promover a coopera\u00e7\u00e3o entre alunos e professores, gerar possibilidades para o desenvolvimento da educa\u00e7\u00e3o permanente, despertar o interesse do aluno pelas atividades no eixo Ensino, Pesquisa e Extens\u00e3o Universit\u00e1ria \/ Assist\u00eancia.<\/span><span data-ccp-props=\"{&quot;134233117&quot;:false,&quot;134233118&quot;:false,&quot;201341983&quot;:0,&quot;335559738&quot;:180,&quot;335559739&quot;:180,&quot;335559740&quot;:240}\">\u00a0<\/span><\/p>\n<p style=\"text-align: justify\"><span data-contrast=\"none\">O exerc\u00edcio da monitoria \u00e9 volunt\u00e1rio e as atividades s\u00e3o desenvolvidas em hor\u00e1rios que n\u00e3o coincidam com as atividades acad\u00eamicas do aluno monitor. Para participar no Programa de Monitoria do curso de Enfermagem do\u202fCentro Universit\u00e1rio do Vale do Ribeira\u202fo aluno deve consultar a coordena\u00e7\u00e3o do curso e acompanhar a divulga\u00e7\u00e3o semestral do edital de sele\u00e7\u00e3o.<\/span><span data-ccp-props=\"{&quot;134233117&quot;:false,&quot;134233118&quot;:false,&quot;201341983&quot;:0,&quot;335559738&quot;:0,&quot;335559739&quot;:0,&quot;335559740&quot;:240}\">\u00a0<\/span><\/p>\n<p>&nbsp;<\/p>\n<ul>\n<li><a href=\"https:\/\/portal.unisepe.com.br\/fpbe\/wp-content\/uploads\/sites\/10008\/2023\/05\/Regulamento-de-monitoria.pdf\">Regulamento de monitoria<\/a><\/li>\n<li><a href=\"https:\/\/portal.unisepe.com.br\/fpbe\/wp-content\/uploads\/sites\/10008\/2023\/05\/modelo-Ficha-de-inscri\u00e7\u00e3o-Monitoria.pdf\">Modelo Ficha de inscri\u00e7\u00e3o Monitoria<\/a><br \/>\n<hr \/>\n<p><a href=\"https:\/\/portal.unisepe.com.br\/fpbe\/wp-content\/uploads\/sites\/10008\/2023\/05\/modelo-Ficha-de-inscri\u00e7\u00e3o-Monitoria.pdf\"><\/a><\/li>\n<li><a href=\"https:\/\/portal.unisepe.com.br\/fpbe\/wp-content\/uploads\/sites\/10008\/2023\/05\/Lista-dos-aprovados-monitoria-2023.pdf\">Lista dos aprovados monitoria &#8211; 2023<\/a><\/li>\n<li><a href=\"https:\/\/portal.unisepe.com.br\/fpbe\/wp-content\/uploads\/sites\/10008\/2023\/05\/Lista-dos-aprovados-monitoria-2022.pdf\">Lista dos aprovados monitoria &#8211; 2022<\/a><br \/>\n<hr \/>\n<\/li>\n<li><a href=\"https:\/\/portal.unisepe.com.br\/fpbe\/wp-content\/uploads\/sites\/10008\/2023\/05\/Edital-de-Sele\u00e7\u00e3o-monitoria-2023.pdf\">Edital de Sele\u00e7\u00e3o monitoria &#8211; 2023<\/a><\/li>\n<li><a href=\"https:\/\/portal.unisepe.com.br\/fpbe\/wp-content\/uploads\/sites\/10008\/2023\/05\/Edital-de-Sele\u00e7\u00e3o-monitoria-2022.pdf\">Edital de Sele\u00e7\u00e3o monitoria &#8211; 2022<\/a><\/li>\n<li><a href=\"https:\/\/portal.unisepe.com.br\/fpbe\/wp-content\/uploads\/sites\/10008\/2023\/05\/Edital-de-Sele\u00e7\u00e3o-monitoria-2021.pdf\">Edital de Sele\u00e7\u00e3o monitoria &#8211; 2021<\/a><\/li>\n<li><a href=\"https:\/\/portal.unisepe.com.br\/fpbe\/wp-content\/uploads\/sites\/10008\/2024\/02\/Edital-de-Sele\u00e7\u00e3o-monitoria-2024-1-1.pdf\">Edital de Sele\u00e7\u00e3o monitoria-2024<\/a><\/li>\n<\/ul>\n","protected":false},"excerpt":{"rendered":"<p>MONITORIA\u00a0\u00a0 O Programa de Monitoria representa mais uma possibilidade de aprendizagem para os alunos do curso de Enfermagem e contribui para sua forma\u00e7\u00e3o integrada. Tem como principal finalidade o aperfei\u00e7oamento acad\u00eamico e profissional. Al\u00e9m disso, s\u00e3o objetivos deste programa: promover a coopera\u00e7\u00e3o entre alunos e professores, gerar possibilidades para o<\/p>\n","protected":false},"author":1,"featured_media":0,"parent":377,"menu_order":0,"comment_status":"closed","ping_status":"closed","template":"templates\/template-curso_menu_vertical.php","meta":{"footnotes":""},"categories":[],"tags":[],"class_list":["post-1347","page","type-page","status-publish","hentry"],"_links":{"self":[{"href":"https:\/\/portal.unisepe.com.br\/fpbe\/wp-json\/wp\/v2\/pages\/1347","targetHints":{"allow":["GET"]}}],"collection":[{"href":"https:\/\/portal.unisepe.com.br\/fpbe\/wp-json\/wp\/v2\/pages"}],"about":[{"href":"https:\/\/portal.unisepe.com.br\/fpbe\/wp-json\/wp\/v2\/types\/page"}],"author":[{"embeddable":true,"href":"https:\/\/portal.unisepe.com.br\/fpbe\/wp-json\/wp\/v2\/users\/1"}],"replies":[{"embeddable":true,"href":"https:\/\/portal.unisepe.com.br\/fpbe\/wp-json\/wp\/v2\/comments?post=1347"}],"version-history":[{"count":6,"href":"https:\/\/portal.unisepe.com.br\/fpbe\/wp-json\/wp\/v2\/pages\/1347\/revisions"}],"predecessor-version":[{"id":4711,"href":"https:\/\/portal.unisepe.com.br\/fpbe\/wp-json\/wp\/v2\/pages\/1347\/revisions\/4711"}],"up":[{"embeddable":true,"href":"https:\/\/portal.unisepe.com.br\/fpbe\/wp-json\/wp\/v2\/pages\/377"}],"wp:attachment":[{"href":"https:\/\/portal.unisepe.com.br\/fpbe\/wp-json\/wp\/v2\/media?parent=1347"}],"wp:term":[{"taxonomy":"category","embeddable":true,"href":"https:\/\/portal.unisepe.com.br\/fpbe\/wp-json\/wp\/v2\/categories?post=1347"},{"taxonomy":"post_tag","embeddable":true,"href":"https:\/\/portal.unisepe.com.br\/fpbe\/wp-json\/wp\/v2\/tags?post=1347"}],"curies":[{"name":"wp","href":"https:\/\/api.w.org\/{rel}","templated":true}]}}