{"id":1357,"date":"2017-04-01T10:34:37","date_gmt":"2017-04-01T13:34:37","guid":{"rendered":"\/?page_id=1357"},"modified":"2023-08-11T12:53:04","modified_gmt":"2023-08-11T15:53:04","slug":"manuais-e-formularios","status":"publish","type":"page","link":"https:\/\/portal.unisepe.com.br\/fpbe\/enfermagem\/manuais-e-formularios\/","title":{"rendered":"Manuais e Formul\u00e1rios"},"content":{"rendered":"<ul>\n<li><a href=\"https:\/\/portal.unisepe.com.br\/fpbe\/wp-content\/uploads\/sites\/10008\/2023\/04\/MODELO-DE-CAPA-DE-TCC.pdf\">Modelo de capa de TCC<\/a><\/li>\n<li><a href=\"https:\/\/portal.unisepe.com.br\/fpbe\/wp-content\/uploads\/sites\/10008\/2023\/04\/Regulamento_Pasta_PROERS.pdf\">Regulamento Pasta PROERS<\/a><\/li>\n<li><a href=\"https:\/\/portal.unisepe.com.br\/fpbe\/wp-content\/uploads\/sites\/10008\/2023\/04\/regulamento-institucional-EXTENS\u00c3O-presencial_EAD.pdf\">Regulamento institucional extens\u00e3o presencial EAD<\/a><\/li>\n<li><a href=\"https:\/\/portal.unisepe.com.br\/fpbe\/wp-content\/uploads\/sites\/10008\/2023\/04\/Relat\u00f3rio-AACC.pdf\">Relat\u00f3rio-AACC<\/a><\/li>\n<li><a href=\"https:\/\/portal.unisepe.com.br\/fpbe\/wp-content\/uploads\/sites\/10008\/2023\/04\/RELAT\u00d3RIO-DE-AULA-PR\u00c1TICA.pdf\">Relat\u00f3rio aula pr\u00e1tica<\/a><\/li>\n<li><a href=\"https:\/\/portal.unisepe.com.br\/fpbe\/wp-content\/uploads\/sites\/10008\/2023\/04\/MODELO-ARTIGOS-2022.pdf\">MODELO-ARTIGOS-2022<\/a><\/li>\n<\/ul>\n<hr \/>\n<p><strong>Edital para Solicita\u00e7\u00f5es de depend\u00eancias<\/strong><\/p>\n<ul>\n<li><a href=\"https:\/\/portal.unisepe.com.br\/fpbe\/wp-content\/uploads\/sites\/10008\/2023\/08\/SCAN_20230811_125100812.pdf\" target=\"_blank\" rel=\"noopener noreferrer\">Edital de Depend\u00eancia<\/a><\/li>\n<\/ul>\n","protected":false},"excerpt":{"rendered":"<p>Modelo de capa de TCC Regulamento Pasta PROERS Regulamento institucional extens\u00e3o presencial EAD Relat\u00f3rio-AACC Relat\u00f3rio aula pr\u00e1tica MODELO-ARTIGOS-2022 Edital para Solicita\u00e7\u00f5es de depend\u00eancias Edital de Depend\u00eancia<\/p>\n","protected":false},"author":1,"featured_media":0,"parent":377,"menu_order":0,"comment_status":"closed","ping_status":"closed","template":"templates\/template-curso_menu_vertical.php","meta":{"footnotes":""},"categories":[],"tags":[],"class_list":["post-1357","page","type-page","status-publish","hentry"],"_links":{"self":[{"href":"https:\/\/portal.unisepe.com.br\/fpbe\/wp-json\/wp\/v2\/pages\/1357","targetHints":{"allow":["GET"]}}],"collection":[{"href":"https:\/\/portal.unisepe.com.br\/fpbe\/wp-json\/wp\/v2\/pages"}],"about":[{"href":"https:\/\/portal.unisepe.com.br\/fpbe\/wp-json\/wp\/v2\/types\/page"}],"author":[{"embeddable":true,"href":"https:\/\/portal.unisepe.com.br\/fpbe\/wp-json\/wp\/v2\/users\/1"}],"replies":[{"embeddable":true,"href":"https:\/\/portal.unisepe.com.br\/fpbe\/wp-json\/wp\/v2\/comments?post=1357"}],"version-history":[{"count":4,"href":"https:\/\/portal.unisepe.com.br\/fpbe\/wp-json\/wp\/v2\/pages\/1357\/revisions"}],"predecessor-version":[{"id":4611,"href":"https:\/\/portal.unisepe.com.br\/fpbe\/wp-json\/wp\/v2\/pages\/1357\/revisions\/4611"}],"up":[{"embeddable":true,"href":"https:\/\/portal.unisepe.com.br\/fpbe\/wp-json\/wp\/v2\/pages\/377"}],"wp:attachment":[{"href":"https:\/\/portal.unisepe.com.br\/fpbe\/wp-json\/wp\/v2\/media?parent=1357"}],"wp:term":[{"taxonomy":"category","embeddable":true,"href":"https:\/\/portal.unisepe.com.br\/fpbe\/wp-json\/wp\/v2\/categories?post=1357"},{"taxonomy":"post_tag","embeddable":true,"href":"https:\/\/portal.unisepe.com.br\/fpbe\/wp-json\/wp\/v2\/tags?post=1357"}],"curies":[{"name":"wp","href":"https:\/\/api.w.org\/{rel}","templated":true}]}}