{"id":1503,"date":"2017-06-02T15:13:39","date_gmt":"2017-06-02T18:13:39","guid":{"rendered":"http:\/\/www.fvr.edu.br\/?page_id=1503"},"modified":"2023-05-17T12:04:02","modified_gmt":"2023-05-17T15:04:02","slug":"regulamentos-institucionais","status":"publish","type":"page","link":"https:\/\/portal.unisepe.com.br\/fpbe\/manuais-editais-e-regulamentos\/regulamentos-institucionais\/","title":{"rendered":"Regulamentos institucionais"},"content":{"rendered":"<p><a href=\"http:\/\/portal.unisepe.com.br\/fpbe\/wp-content\/uploads\/sites\/10008\/2018\/08\/Regulamento_Aproveitamento_de_Estudos.pdf\"><\/a><\/p>\n<ul>\n<li><a href=\"http:\/\/portal.unisepe.com.br\/fpbe\/wp-content\/uploads\/sites\/10008\/2018\/08\/Regulamento_Aproveitamento_de_Estudos.pdf\">Regulamento Aproveitamento de Estudos<\/a><\/li>\n<li><a href=\"https:\/\/portal.unisepe.com.br\/fpbe\/wp-content\/uploads\/sites\/10008\/2022\/05\/2019-1-Regulamento_Institucional_Atividades_Complementares.pdf\">Regulamento Atividades Complementares<\/a><\/li>\n<li><a href=\"http:\/\/portal.unisepe.com.br\/fpbe\/wp-content\/uploads\/sites\/10008\/2018\/08\/Regulamento_Avaliacao_Discente.pdf\">Regulamento Avalia\u00e7\u00e3o Discente<\/a><\/li>\n<li><a href=\"http:\/\/portal.unisepe.com.br\/fpbe\/wp-content\/uploads\/sites\/10008\/2018\/08\/Regulamento_CEP.pdf\">Regulamento Comit\u00ea de \u00c9tica em Pesquisa<\/a><\/li>\n<li><a href=\"http:\/\/portal.unisepe.com.br\/fpbe\/wp-content\/uploads\/sites\/10008\/2018\/08\/Regulamento_Colegiado_de_Curso.pdf\">Regulamento Colegiado de Curso<\/a><\/li>\n<li><a href=\"http:\/\/portal.unisepe.com.br\/fpbe\/wp-content\/uploads\/sites\/10008\/2018\/08\/Regulamento_Estagio.pdf\">Regulamento Est\u00e1gio<\/a><\/li>\n<li><a href=\"https:\/\/portal.unisepe.com.br\/fpbe\/wp-content\/uploads\/sites\/10008\/2022\/05\/2019-1-Regulamento_Institucional_Extens\u00e3o.pdf\">Regulamento Extens\u00e3o<\/a><\/li>\n<li><a href=\"http:\/\/portal.unisepe.com.br\/fpbe\/wp-content\/uploads\/sites\/10008\/2018\/08\/Regulamento_Hora_Aula_Hora_Relogio.pdf\">Regulamento Hora Aula Hora Rel\u00f3gio<\/a><\/li>\n<li><a href=\"https:\/\/portal.unisepe.com.br\/fpbe\/wp-content\/uploads\/sites\/10008\/2023\/01\/Regulamento-Institucional-Sistema-de-Avalia\u00e7\u00e3o-Discente.pdf\">Regulamento Institucional Sistema de Avalia\u00e7\u00e3o Discente<\/a><\/li>\n<li><a href=\"https:\/\/portal.unisepe.com.br\/fpbe\/wp-content\/uploads\/sites\/10008\/2022\/11\/Regulamento-Institucional-Biblioteca-Central-UNISEPE_-1.pdf\">Regulamento Institucional Biblioteca Central UNISEPE<\/a><\/li>\n<li><a href=\"https:\/\/portal.unisepe.com.br\/fpbe\/wp-content\/uploads\/sites\/10008\/2022\/05\/Regulamento-Institucional-Est\u00e1gio-Curricular-Supervisionado.pdf\">Regulamento Institucional est\u00e1gio curricular supervisionado<\/a><\/li>\n<li><a href=\"https:\/\/portal.unisepe.com.br\/fpbe\/wp-content\/uploads\/sites\/10008\/2023\/05\/Regulamento_Institucional_Monitoria.pdf\">Regulamento Institucional Monitoria<\/a><\/li>\n<li><a href=\"http:\/\/portal.unisepe.com.br\/fpbe\/wp-content\/uploads\/sites\/10008\/2018\/08\/Regulamento_NDE.pdf\">Regulamento Institucional N\u00facleo docente estruturante<\/a><\/li>\n<li><a href=\"http:\/\/portal.unisepe.com.br\/fpbe\/wp-content\/uploads\/sites\/10008\/2018\/08\/Regulamento_Ouvidoria.pdf\">Regulamento Ouvidoria<\/a><\/li>\n<li><a href=\"http:\/\/portal.unisepe.com.br\/fpbe\/wp-content\/uploads\/sites\/10008\/2018\/08\/Regulamento_Pasta_PROERS.pdf\">Regulamento Pasta PROERS<\/a><\/li>\n<li><a href=\"http:\/\/portal.unisepe.com.br\/fpbe\/wp-content\/uploads\/sites\/10008\/2018\/08\/Regulamento_Pos-graduacao.pdf\">Regulamento P\u00f3s-gradua\u00e7\u00e3o<\/a><\/li>\n<li><a href=\"http:\/\/portal.unisepe.com.br\/fpbe\/wp-content\/uploads\/sites\/10008\/2018\/08\/Regulamento_Projeto_Integrador.pdf\">Regulamento Projeto Integrador<\/a><\/li>\n<li><a href=\"http:\/\/portal.unisepe.com.br\/fpbe\/wp-content\/uploads\/sites\/10008\/2018\/08\/Regulamento_TCC.pdf\">Regulamento Trabalho de conclus\u00e3o de curso<\/a><\/li>\n<\/ul>\n","protected":false},"excerpt":{"rendered":"<p>Regulamento Aproveitamento de Estudos Regulamento Atividades Complementares Regulamento Avalia\u00e7\u00e3o Discente Regulamento Comit\u00ea de \u00c9tica em Pesquisa Regulamento Colegiado de Curso Regulamento Est\u00e1gio Regulamento Extens\u00e3o Regulamento Hora Aula Hora Rel\u00f3gio Regulamento Institucional Sistema de Avalia\u00e7\u00e3o Discente Regulamento Institucional Biblioteca Central UNISEPE Regulamento Institucional est\u00e1gio curricular supervisionado Regulamento Institucional Monitoria Regulamento Institucional<\/p>\n","protected":false},"author":6,"featured_media":0,"parent":788,"menu_order":0,"comment_status":"closed","ping_status":"closed","template":"templates\/template-pagina_menu_vertical.php","meta":{"footnotes":""},"categories":[],"tags":[],"class_list":["post-1503","page","type-page","status-publish","hentry"],"_links":{"self":[{"href":"https:\/\/portal.unisepe.com.br\/fpbe\/wp-json\/wp\/v2\/pages\/1503","targetHints":{"allow":["GET"]}}],"collection":[{"href":"https:\/\/portal.unisepe.com.br\/fpbe\/wp-json\/wp\/v2\/pages"}],"about":[{"href":"https:\/\/portal.unisepe.com.br\/fpbe\/wp-json\/wp\/v2\/types\/page"}],"author":[{"embeddable":true,"href":"https:\/\/portal.unisepe.com.br\/fpbe\/wp-json\/wp\/v2\/users\/6"}],"replies":[{"embeddable":true,"href":"https:\/\/portal.unisepe.com.br\/fpbe\/wp-json\/wp\/v2\/comments?post=1503"}],"version-history":[{"count":17,"href":"https:\/\/portal.unisepe.com.br\/fpbe\/wp-json\/wp\/v2\/pages\/1503\/revisions"}],"predecessor-version":[{"id":4477,"href":"https:\/\/portal.unisepe.com.br\/fpbe\/wp-json\/wp\/v2\/pages\/1503\/revisions\/4477"}],"up":[{"embeddable":true,"href":"https:\/\/portal.unisepe.com.br\/fpbe\/wp-json\/wp\/v2\/pages\/788"}],"wp:attachment":[{"href":"https:\/\/portal.unisepe.com.br\/fpbe\/wp-json\/wp\/v2\/media?parent=1503"}],"wp:term":[{"taxonomy":"category","embeddable":true,"href":"https:\/\/portal.unisepe.com.br\/fpbe\/wp-json\/wp\/v2\/categories?post=1503"},{"taxonomy":"post_tag","embeddable":true,"href":"https:\/\/portal.unisepe.com.br\/fpbe\/wp-json\/wp\/v2\/tags?post=1503"}],"curies":[{"name":"wp","href":"https:\/\/api.w.org\/{rel}","templated":true}]}}