{"id":212,"date":"2016-07-08T00:29:54","date_gmt":"2016-07-08T00:29:54","guid":{"rendered":"http:\/\/www.fvr.edu.br\/fvr\/site\/?page_id=212"},"modified":"2026-02-12T20:26:04","modified_gmt":"2026-02-12T23:26:04","slug":"contatos","status":"publish","type":"page","link":"https:\/\/portal.unisepe.com.br\/fpbe\/a-instituicao\/contatos\/","title":{"rendered":"Contatos"},"content":{"rendered":"<p><strong>Org\u00e3os de Apoio as Atividades Acad\u00eamicas<\/strong><\/p>\n<ul>\n<li><strong>Coordenadoria do Instituto Superior de Educa\u00e7\u00e3o \u2013 ISE<\/strong><\/li>\n<\/ul>\n<p>&nbsp;<\/p>\n<p>&nbsp;<\/p>\n<ul>\n<li><strong>Coordenadoria do Programa de Apoio ao Discente \u2013 PAD<\/strong><\/li>\n<\/ul>\n<p>&nbsp;<\/p>\n<p>&nbsp;<\/p>\n<ul>\n<li><strong>Coordenadoria de produ\u00e7\u00e3o e extens\u00e3o &#8211; CPEX<\/strong><\/li>\n<\/ul>\n<p>Prof Anderson Martins da Silva<br \/>\ne-mail: <a class=\"x_moz-txt-link-abbreviated\" href=\"mailto:cpex.pe@unisepe.com.br\" rel=\"noreferrer\">cpex.pe@unisepe.com.br<\/a><\/p>\n<hr \/>\n<p><strong>Coordenadores de Cursos:<\/strong><\/p>\n<ul type=\"disc\">\n<li><strong>Coordena\u00e7\u00e3o de Pedagogia<\/strong><\/li>\n<\/ul>\n<p>&nbsp;<\/p>\n<ul type=\"disc\">\n<li><strong>Coordena\u00e7\u00e3o de Direito<\/strong><\/li>\n<\/ul>\n<p>Prof. Henrique de Campus Gurgel Speranza<br \/>\ne-mail:\u00a0<a href=\"mailto:direito.fpbe@scelisul.com.br\">direito.fpbe@scelisul.com.br<\/a><\/p>\n<ul><\/ul>\n<p>&nbsp;<\/p>\n<ul type=\"disc\">\n<li><strong>Coordena\u00e7\u00e3o de Administra\u00e7\u00e3o<\/strong><\/li>\n<\/ul>\n<p>Prof. Michele Abib Pernice<br \/>\ne-mail:\u00a0<a href=\"mailto:adm.peruibe@scelisul.com.br\">adm.peruibe@scelisul.com.br<\/a><\/p>\n<p>&nbsp;<\/p>\n<ul>\n<li><strong>Coordena\u00e7\u00e3o de Ci\u00eancias Cont\u00e1beis<\/strong><\/li>\n<\/ul>\n<p>Prof. Michele Abib Pernice<br \/>\ne-mail:\u00a0<a href=\"mailto:adm.peruibe@scelisul.com.br\">adm.peruibe@scelisul.com.br<\/a><\/p>\n<p>&nbsp;<\/p>\n<ul type=\"disc\">\n<li><strong>Coordena\u00e7\u00e3o de Enfermagem<\/strong><\/li>\n<\/ul>\n<p>Prof. Andreia Braz Pereira<br \/>\ne-mail:\u00a0<a href=\"mailto:enf.peruibe@scelisul.com.br\">enf.peruibe@scelisul.com.br<\/a><\/p>\n<p>&nbsp;<\/p>\n<ul type=\"disc\">\n<li><strong>Coordena\u00e7\u00e3o do Curso de Educa\u00e7\u00e3o F\u00edsica<\/strong><\/li>\n<\/ul>\n<p>Prof. Andreia Salvador M. Machado<br \/>\ne-mail: <a href=\"mailto:educacaofisica.peruibe@unisepe.com.br\">educacaofisica.peruibe@unisepe.com.br<\/a><\/p>\n<p>&nbsp;<\/p>\n<ul>\n<li><strong>Coordena\u00e7\u00e3o do Curso de Fisioterapia<\/strong><\/li>\n<\/ul>\n<p>Prof. Andreia Salvador M. Machado<br \/>\ne-mail:<a href=\"mailto:fisioterapia01.pe@unisepe.com.br\">fisioterapia01.pe@unisepe.com.br<\/a><\/p>\n<hr \/>\n<p><strong>Administrativos:<\/strong><\/p>\n<p><strong>Diretoria da Mantenedora<\/strong><\/p>\n<ul>\n<li><strong>Diretor Presidente da Mantenedora:<\/strong><br \/>\nBel. Aderbal Alfredo Calderari Bernardes<\/li>\n<\/ul>\n<p>&nbsp;<\/p>\n<ul>\n<li><strong>Diretor Tesoureiro da Mantenedora:<\/strong><br \/>\nProfessor Guilherme Bernardes<\/li>\n<\/ul>\n<p>&nbsp;<\/p>\n<ul>\n<li><strong>Diretor Secretario da Mantenedora:<\/strong><br \/>\nBel. Guilherme Bernardes Filho<\/li>\n<\/ul>\n<p>&nbsp;<\/p>\n<p><strong>Diretoria da Faculdade Peru\u00edbe:<\/strong><\/p>\n<ul>\n<li style=\"list-style-type: none\">\n<ul type=\"circle\"><\/ul>\n<\/li>\n<\/ul>\n<p><strong>Dire\u00e7\u00e3o:<\/strong><\/p>\n<ul>\n<li><span>Anderson Martins da Silva<\/span><br \/>\n<span>e-mail: <a href=\"mailto:diretoria.peruibe@unisepe.com.br\">diretoria.peruibe@unisepe.com.br<\/a><\/span><\/li>\n<\/ul>\n<p>&nbsp;<\/p>\n<p><strong>Vice-Dire\u00e7\u00e3o<\/strong><\/p>\n<ul>\n<li>Glaucia Relva Honorato da Silva<br \/>\ne-mail:\u00a0<a href=\"mailto:marcio.guimaraes@scelisul.com.br\">glauciasilva@scelisul.com.br<\/a><\/li>\n<\/ul>\n<p>&nbsp;<\/p>\n<p><strong>Diretor de Rela\u00e7\u00f5es Institucionais<\/strong><\/p>\n<ul>\n<li>Frederico Ribeiro Sim\u00f5es<br \/>\ne-mail:\u00a0<a href=\"mailto:diretorproffred@scelisul.com.br\">diretorproffred@scelisul.com.br<\/a><\/li>\n<\/ul>\n<p>&nbsp;<\/p>\n<ul><\/ul>\n<p><strong>Coordenadoria de Registros Acad\u00eamicos<\/strong><\/p>\n<ul>\n<li>Jeferson Antonio de Freitas<br \/>\ne-mail:\u00a0<a href=\"mailto:jeferson@scelisul.com.br\">jeferson@scelisul.com.br<\/a><\/li>\n<\/ul>\n<p>&nbsp;<\/p>\n<p><strong>Biblioteca<\/strong><\/p>\n<ul>\n<li>Lylian Lyna Lopes<br \/>\ne-mail: <a href=\"mailto:lylianlopes.peruibe@scelisul.com.br\">lylianlopes.peruibe@scelisul.com.br<\/a><\/li>\n<li>e-mail: <a href=\"mailto:lylianlopes.peruibe@scelisul.com.br\">biblioteca02.pe@unisepe.edu.br<\/a><\/li>\n<\/ul>\n<p><strong>Secretaria<\/strong><\/p>\n<ul>\n<li>\u00a0 Leonardo Dias Ferreira da Silva<br \/>\ne-mail: <a href=\"mailto:secretaria02.pe@unisepe.com.br\">secretaria02.pe@unisepe.com.br<\/a><\/li>\n<li>\u00a0Luciana Foloni<a href=\"mailto:secretaria02.pe@unisepe.com.br\"><br \/>\ne-mail: secretaria01.pe@unisepe.com.br<\/a><\/li>\n<li>\u00a0Ana Paula Lima Cardoso<br \/>\ne-mail: <a href=\"mailto:ead.peruibe@unisepe.com.br\">ead.peruibe@unisepe.com.br<\/a><\/li>\n<\/ul>\n<p>&nbsp;<\/p>\n<p><strong>Centro de Processamento de Dados (CPD)<\/strong><\/p>\n<ul>\n<li>Bryan dos Santos Camelo<br \/>\ne-mail:\u00a0<a href=\"mailto:ti01.pe@unisepe.com.br\">ti02.pe@unisepe.com.br<\/a><\/li>\n<\/ul>\n<p>&nbsp;<\/p>\n<p><strong>Tesouraria<\/strong><\/p>\n<ul>\n<li style=\"list-style-type: none\">\n<ul>\n<li>Glaucia Relva Honorato da Silva<br \/>\ne-mail: <a href=\"mailto:financeiro01.pe@unisepe.edu.br\"><span class=\"selectable-text copyable-text\">financeiro01.pe@unisepe.edu.br<\/span><\/a><\/li>\n<\/ul>\n<\/li>\n<\/ul>\n<p><strong>Recursos Humanos<\/strong><\/p>\n<ul>\n<li>Andr\u00e9 Luiz Cugler<br \/>\ne-mail: <a href=\"mailto:andrecugler@scelisul.com.br\">andrecugler@scelisul.com.br<\/a><\/li>\n<\/ul>\n<p>&nbsp;<\/p>\n<p>&nbsp;<\/p>\n<p>&nbsp;<\/p>\n","protected":false},"excerpt":{"rendered":"<p>Org\u00e3os de Apoio as Atividades Acad\u00eamicas Coordenadoria do Instituto Superior de Educa\u00e7\u00e3o \u2013 ISE &nbsp; &nbsp; Coordenadoria do Programa de Apoio ao Discente \u2013 PAD &nbsp; &nbsp; Coordenadoria de produ\u00e7\u00e3o e extens\u00e3o &#8211; CPEX Prof Anderson Martins da Silva e-mail: cpex.pe@unisepe.com.br Coordenadores de Cursos: Coordena\u00e7\u00e3o de Pedagogia &nbsp; Coordena\u00e7\u00e3o de<\/p>\n","protected":false},"author":6,"featured_media":0,"parent":81,"menu_order":0,"comment_status":"closed","ping_status":"closed","template":"templates\/template-pagina_menu_vertical.php","meta":{"footnotes":""},"categories":[],"tags":[],"class_list":["post-212","page","type-page","status-publish","hentry"],"_links":{"self":[{"href":"https:\/\/portal.unisepe.com.br\/fpbe\/wp-json\/wp\/v2\/pages\/212","targetHints":{"allow":["GET"]}}],"collection":[{"href":"https:\/\/portal.unisepe.com.br\/fpbe\/wp-json\/wp\/v2\/pages"}],"about":[{"href":"https:\/\/portal.unisepe.com.br\/fpbe\/wp-json\/wp\/v2\/types\/page"}],"author":[{"embeddable":true,"href":"https:\/\/portal.unisepe.com.br\/fpbe\/wp-json\/wp\/v2\/users\/6"}],"replies":[{"embeddable":true,"href":"https:\/\/portal.unisepe.com.br\/fpbe\/wp-json\/wp\/v2\/comments?post=212"}],"version-history":[{"count":66,"href":"https:\/\/portal.unisepe.com.br\/fpbe\/wp-json\/wp\/v2\/pages\/212\/revisions"}],"predecessor-version":[{"id":5044,"href":"https:\/\/portal.unisepe.com.br\/fpbe\/wp-json\/wp\/v2\/pages\/212\/revisions\/5044"}],"up":[{"embeddable":true,"href":"https:\/\/portal.unisepe.com.br\/fpbe\/wp-json\/wp\/v2\/pages\/81"}],"wp:attachment":[{"href":"https:\/\/portal.unisepe.com.br\/fpbe\/wp-json\/wp\/v2\/media?parent=212"}],"wp:term":[{"taxonomy":"category","embeddable":true,"href":"https:\/\/portal.unisepe.com.br\/fpbe\/wp-json\/wp\/v2\/categories?post=212"},{"taxonomy":"post_tag","embeddable":true,"href":"https:\/\/portal.unisepe.com.br\/fpbe\/wp-json\/wp\/v2\/tags?post=212"}],"curies":[{"name":"wp","href":"https:\/\/api.w.org\/{rel}","templated":true}]}}