{"id":2132,"date":"2018-04-09T16:16:35","date_gmt":"2018-04-09T19:16:35","guid":{"rendered":"http:\/\/www.fvr.edu.br\/?page_id=2132"},"modified":"2023-04-17T18:59:33","modified_gmt":"2023-04-17T21:59:33","slug":"acessibilidade","status":"publish","type":"page","link":"https:\/\/portal.unisepe.com.br\/fpbe\/pad\/acessibilidade\/","title":{"rendered":"Acessibilidade"},"content":{"rendered":"<p style=\"text-align: left\"><strong><u>RAMPA DE ACESSO<\/u><\/strong><\/p>\n<p style=\"text-align: left\"><img loading=\"lazy\" decoding=\"async\" class=\"wp-image-2517 size-medium aligncenter\" style=\"font-size: 0.95em\" src=\"https:\/\/portal.unisepe.com.br\/fpbe\/wp-content\/uploads\/sites\/10008\/2018\/08\/rampa-225x300.jpg\" alt=\"\" width=\"225\" height=\"300\" srcset=\"https:\/\/portal.unisepe.com.br\/fpbe\/wp-content\/uploads\/sites\/10008\/2018\/08\/rampa-225x300.jpg 225w, https:\/\/portal.unisepe.com.br\/fpbe\/wp-content\/uploads\/sites\/10008\/2018\/08\/rampa.jpg 415w\" sizes=\"auto, (max-width: 225px) 100vw, 225px\" \/> <span style=\"font-size: 0.95em\">\u00a0<\/span><span style=\"font-size: 0.95em\"><strong style=\"font-size: 15.2015px;text-align: center\"><u><a href=\"https:\/\/portal.unisepe.com.br\/fpbe\/wp-content\/uploads\/sites\/10008\/2023\/04\/rampa-salas-externas.jpg\"><img loading=\"lazy\" decoding=\"async\" src=\"https:\/\/portal.unisepe.com.br\/fpbe\/wp-content\/uploads\/sites\/10008\/2023\/04\/rampa-salas-externas-e1681765274158-146x300.jpg\" alt=\"\" width=\"146\" height=\"300\" class=\"aligncenter wp-image-4326 size-medium\" srcset=\"https:\/\/portal.unisepe.com.br\/fpbe\/wp-content\/uploads\/sites\/10008\/2023\/04\/rampa-salas-externas-e1681765274158-146x300.jpg 146w, https:\/\/portal.unisepe.com.br\/fpbe\/wp-content\/uploads\/sites\/10008\/2023\/04\/rampa-salas-externas-e1681765274158.jpg 397w\" sizes=\"auto, (max-width: 146px) 100vw, 146px\" \/><\/a><\/u><\/strong><a href=\"https:\/\/portal.unisepe.com.br\/fpbe\/wp-content\/uploads\/sites\/10008\/2023\/04\/rampa-entrada-e1681764783720.jpg\"><img loading=\"lazy\" decoding=\"async\" src=\"https:\/\/portal.unisepe.com.br\/fpbe\/wp-content\/uploads\/sites\/10008\/2023\/04\/rampa-entrada-e1681764783720-146x300.jpg\" alt=\"\" width=\"146\" height=\"300\" class=\"wp-image-4319 size-medium aligncenter\" srcset=\"https:\/\/portal.unisepe.com.br\/fpbe\/wp-content\/uploads\/sites\/10008\/2023\/04\/rampa-entrada-e1681764783720-146x300.jpg 146w, https:\/\/portal.unisepe.com.br\/fpbe\/wp-content\/uploads\/sites\/10008\/2023\/04\/rampa-entrada-e1681764783720.jpg 360w\" sizes=\"auto, (max-width: 146px) 100vw, 146px\" \/><\/a><a href=\"https:\/\/portal.unisepe.com.br\/fpbe\/wp-content\/uploads\/sites\/10008\/2023\/04\/rampa-para-area-externa.jpg\"><img loading=\"lazy\" decoding=\"async\" src=\"https:\/\/portal.unisepe.com.br\/fpbe\/wp-content\/uploads\/sites\/10008\/2023\/04\/rampa-para-area-externa-e1681765181847-146x300.jpg\" alt=\"\" width=\"146\" height=\"300\" class=\"aligncenter wp-image-4324 size-medium\" srcset=\"https:\/\/portal.unisepe.com.br\/fpbe\/wp-content\/uploads\/sites\/10008\/2023\/04\/rampa-para-area-externa-e1681765181847-146x300.jpg 146w, https:\/\/portal.unisepe.com.br\/fpbe\/wp-content\/uploads\/sites\/10008\/2023\/04\/rampa-para-area-externa-e1681765181847.jpg 338w\" sizes=\"auto, (max-width: 146px) 100vw, 146px\" \/><\/a><br \/>\n<\/span><\/p>\n<p style=\"text-align: center\"><span style=\"color: #ba1111\"><b><u>\u00a0<\/u><\/b><\/span><\/p>\n<p>&nbsp;<\/p>\n<p>&nbsp;<\/p>\n<p style=\"text-align: left\"><strong><u>BANHEIROS ADAPTADOS<\/u><\/strong><\/p>\n<p><img loading=\"lazy\" decoding=\"async\" class=\"size-medium wp-image-2507 aligncenter\" src=\"http:\/\/portal.unisepe.com.br\/fpbe\/wp-content\/uploads\/sites\/10008\/2018\/08\/banheiro-225x300.jpg\" alt=\"\" width=\"225\" height=\"300\" srcset=\"https:\/\/portal.unisepe.com.br\/fpbe\/wp-content\/uploads\/sites\/10008\/2018\/08\/banheiro-225x300.jpg 225w, https:\/\/portal.unisepe.com.br\/fpbe\/wp-content\/uploads\/sites\/10008\/2018\/08\/banheiro.jpg 469w\" sizes=\"auto, (max-width: 225px) 100vw, 225px\" \/> <img loading=\"lazy\" decoding=\"async\" class=\"size-medium wp-image-2508 aligncenter\" src=\"http:\/\/portal.unisepe.com.br\/fpbe\/wp-content\/uploads\/sites\/10008\/2018\/08\/banheiro2-225x300.jpg\" alt=\"\" width=\"225\" height=\"300\" srcset=\"https:\/\/portal.unisepe.com.br\/fpbe\/wp-content\/uploads\/sites\/10008\/2018\/08\/banheiro2-225x300.jpg 225w, https:\/\/portal.unisepe.com.br\/fpbe\/wp-content\/uploads\/sites\/10008\/2018\/08\/banheiro2.jpg 441w\" sizes=\"auto, (max-width: 225px) 100vw, 225px\" \/><\/p>\n<p>&nbsp;<\/p>\n<p style=\"text-align: left\"><strong><u>ELEVADOR ESPECIAL<\/u><\/strong><\/p>\n<p><img loading=\"lazy\" decoding=\"async\" src=\"https:\/\/portal.unisepe.com.br\/fpbe\/wp-content\/uploads\/sites\/10008\/2023\/04\/elevador-e1681765393922-225x300.jpg\" alt=\"\" width=\"225\" height=\"300\" class=\"wp-image-4328 size-medium aligncenter\" style=\"color: #ba1111\" srcset=\"https:\/\/portal.unisepe.com.br\/fpbe\/wp-content\/uploads\/sites\/10008\/2023\/04\/elevador-e1681765393922-225x300.jpg 225w, https:\/\/portal.unisepe.com.br\/fpbe\/wp-content\/uploads\/sites\/10008\/2023\/04\/elevador-e1681765393922.jpg 480w\" sizes=\"auto, (max-width: 225px) 100vw, 225px\" \/><\/p>\n<p>&nbsp;<\/p>\n<p>&nbsp;<\/p>\n<p style=\"text-align: left\"><strong><u>PISO T\u00c1TIL<\/u><\/strong><\/p>\n<p><img loading=\"lazy\" decoding=\"async\" class=\"alignnone size-medium wp-image-2516\" src=\"http:\/\/portal.unisepe.com.br\/fpbe\/wp-content\/uploads\/sites\/10008\/2018\/08\/piso6-225x300.jpg\" alt=\"\" width=\"225\" height=\"300\" srcset=\"https:\/\/portal.unisepe.com.br\/fpbe\/wp-content\/uploads\/sites\/10008\/2018\/08\/piso6-225x300.jpg 225w, https:\/\/portal.unisepe.com.br\/fpbe\/wp-content\/uploads\/sites\/10008\/2018\/08\/piso6.jpg 469w\" sizes=\"auto, (max-width: 225px) 100vw, 225px\" \/> <img loading=\"lazy\" decoding=\"async\" class=\"alignnone size-medium wp-image-2515\" src=\"http:\/\/portal.unisepe.com.br\/fpbe\/wp-content\/uploads\/sites\/10008\/2018\/08\/piso5-225x300.jpg\" alt=\"\" width=\"225\" height=\"300\" srcset=\"https:\/\/portal.unisepe.com.br\/fpbe\/wp-content\/uploads\/sites\/10008\/2018\/08\/piso5-225x300.jpg 225w, https:\/\/portal.unisepe.com.br\/fpbe\/wp-content\/uploads\/sites\/10008\/2018\/08\/piso5.jpg 440w\" sizes=\"auto, (max-width: 225px) 100vw, 225px\" \/> <img loading=\"lazy\" decoding=\"async\" class=\"alignnone size-medium wp-image-2514\" src=\"http:\/\/portal.unisepe.com.br\/fpbe\/wp-content\/uploads\/sites\/10008\/2018\/08\/piso4-225x300.jpg\" alt=\"\" width=\"225\" height=\"300\" srcset=\"https:\/\/portal.unisepe.com.br\/fpbe\/wp-content\/uploads\/sites\/10008\/2018\/08\/piso4-225x300.jpg 225w, https:\/\/portal.unisepe.com.br\/fpbe\/wp-content\/uploads\/sites\/10008\/2018\/08\/piso4.jpg 457w\" sizes=\"auto, (max-width: 225px) 100vw, 225px\" \/> <img loading=\"lazy\" decoding=\"async\" class=\"alignnone size-medium wp-image-2513\" src=\"http:\/\/portal.unisepe.com.br\/fpbe\/wp-content\/uploads\/sites\/10008\/2018\/08\/piso3-225x300.jpg\" alt=\"\" width=\"225\" height=\"300\" srcset=\"https:\/\/portal.unisepe.com.br\/fpbe\/wp-content\/uploads\/sites\/10008\/2018\/08\/piso3-225x300.jpg 225w, https:\/\/portal.unisepe.com.br\/fpbe\/wp-content\/uploads\/sites\/10008\/2018\/08\/piso3.jpg 378w\" sizes=\"auto, (max-width: 225px) 100vw, 225px\" \/> <img loading=\"lazy\" decoding=\"async\" class=\"alignnone size-medium wp-image-2512\" src=\"http:\/\/portal.unisepe.com.br\/fpbe\/wp-content\/uploads\/sites\/10008\/2018\/08\/piso2-225x300.jpg\" alt=\"\" width=\"225\" height=\"300\" srcset=\"https:\/\/portal.unisepe.com.br\/fpbe\/wp-content\/uploads\/sites\/10008\/2018\/08\/piso2-225x300.jpg 225w, https:\/\/portal.unisepe.com.br\/fpbe\/wp-content\/uploads\/sites\/10008\/2018\/08\/piso2.jpg 437w\" sizes=\"auto, (max-width: 225px) 100vw, 225px\" \/> <img loading=\"lazy\" decoding=\"async\" class=\"alignnone size-medium wp-image-2511\" src=\"http:\/\/portal.unisepe.com.br\/fpbe\/wp-content\/uploads\/sites\/10008\/2018\/08\/piso-225x300.jpg\" alt=\"\" width=\"225\" height=\"300\" srcset=\"https:\/\/portal.unisepe.com.br\/fpbe\/wp-content\/uploads\/sites\/10008\/2018\/08\/piso-225x300.jpg 225w, https:\/\/portal.unisepe.com.br\/fpbe\/wp-content\/uploads\/sites\/10008\/2018\/08\/piso.jpg 422w\" sizes=\"auto, (max-width: 225px) 100vw, 225px\" \/><\/p>\n<p>&nbsp;<\/p>\n<p style=\"text-align: left\"><strong><u>MOB\u00cdLIAS ADAPTADAS<\/u><\/strong><\/p>\n<p><img loading=\"lazy\" decoding=\"async\" class=\"alignnone size-medium wp-image-2510\" src=\"http:\/\/portal.unisepe.com.br\/fpbe\/wp-content\/uploads\/sites\/10008\/2018\/08\/mobilia-225x300.jpg\" alt=\"\" width=\"225\" height=\"300\" srcset=\"https:\/\/portal.unisepe.com.br\/fpbe\/wp-content\/uploads\/sites\/10008\/2018\/08\/mobilia-225x300.jpg 225w, https:\/\/portal.unisepe.com.br\/fpbe\/wp-content\/uploads\/sites\/10008\/2018\/08\/mobilia.jpg 514w\" sizes=\"auto, (max-width: 225px) 100vw, 225px\" \/><\/p>\n<p>&nbsp;<\/p>\n<p style=\"text-align: left\"><strong><u>ESTACIONAMENTO RESERVADO<\/u><\/strong><\/p>\n<p><img loading=\"lazy\" decoding=\"async\" class=\"alignnone size-medium wp-image-2519\" src=\"http:\/\/portal.unisepe.com.br\/fpbe\/wp-content\/uploads\/sites\/10008\/2018\/08\/vaga-de-acesso2-225x300.jpg\" alt=\"\" width=\"225\" height=\"300\" srcset=\"https:\/\/portal.unisepe.com.br\/fpbe\/wp-content\/uploads\/sites\/10008\/2018\/08\/vaga-de-acesso2-225x300.jpg 225w, https:\/\/portal.unisepe.com.br\/fpbe\/wp-content\/uploads\/sites\/10008\/2018\/08\/vaga-de-acesso2.jpg 480w\" sizes=\"auto, (max-width: 225px) 100vw, 225px\" \/> <img loading=\"lazy\" decoding=\"async\" class=\"alignnone size-medium wp-image-2518\" src=\"http:\/\/portal.unisepe.com.br\/fpbe\/wp-content\/uploads\/sites\/10008\/2018\/08\/vaga-de-acesso-225x300.jpg\" alt=\"\" width=\"225\" height=\"300\" srcset=\"https:\/\/portal.unisepe.com.br\/fpbe\/wp-content\/uploads\/sites\/10008\/2018\/08\/vaga-de-acesso-225x300.jpg 225w, https:\/\/portal.unisepe.com.br\/fpbe\/wp-content\/uploads\/sites\/10008\/2018\/08\/vaga-de-acesso.jpg 480w\" sizes=\"auto, (max-width: 225px) 100vw, 225px\" \/><\/p>\n<p>&nbsp;<\/p>\n<p>&nbsp;<\/p>\n<p>&nbsp;<\/p>\n<p><strong><u>IDENTIFICA\u00c7\u00c3O EM BRAILE<\/u><\/strong><\/p>\n<p><a href=\"https:\/\/portal.unisepe.com.br\/fpbe\/wp-content\/uploads\/sites\/10008\/2023\/04\/braile-sanitario.jpg\"><img loading=\"lazy\" decoding=\"async\" src=\"https:\/\/portal.unisepe.com.br\/fpbe\/wp-content\/uploads\/sites\/10008\/2023\/04\/braile-sanitario-e1681768520690-146x300.jpg\" alt=\"\" width=\"146\" height=\"300\" class=\"wp-image-4336 size-medium alignleft\" srcset=\"https:\/\/portal.unisepe.com.br\/fpbe\/wp-content\/uploads\/sites\/10008\/2023\/04\/braile-sanitario-e1681768520690-146x300.jpg 146w, https:\/\/portal.unisepe.com.br\/fpbe\/wp-content\/uploads\/sites\/10008\/2023\/04\/braile-sanitario-e1681768520690-498x1024.jpg 498w, https:\/\/portal.unisepe.com.br\/fpbe\/wp-content\/uploads\/sites\/10008\/2023\/04\/braile-sanitario-e1681768520690.jpg 556w\" sizes=\"auto, (max-width: 146px) 100vw, 146px\" \/><\/a><\/p>\n<p><a href=\"https:\/\/portal.unisepe.com.br\/fpbe\/wp-content\/uploads\/sites\/10008\/2023\/04\/braile-secretaria.jpg\"><img loading=\"lazy\" decoding=\"async\" src=\"https:\/\/portal.unisepe.com.br\/fpbe\/wp-content\/uploads\/sites\/10008\/2023\/04\/braile-secretaria-300x146.jpg\" alt=\"\" width=\"300\" height=\"146\" class=\"aligncenter wp-image-4337 size-medium\" srcset=\"https:\/\/portal.unisepe.com.br\/fpbe\/wp-content\/uploads\/sites\/10008\/2023\/04\/braile-secretaria-300x146.jpg 300w, https:\/\/portal.unisepe.com.br\/fpbe\/wp-content\/uploads\/sites\/10008\/2023\/04\/braile-secretaria-768x374.jpg 768w, https:\/\/portal.unisepe.com.br\/fpbe\/wp-content\/uploads\/sites\/10008\/2023\/04\/braile-secretaria.jpg 851w\" sizes=\"auto, (max-width: 300px) 100vw, 300px\" \/><\/a><a href=\"https:\/\/portal.unisepe.com.br\/fpbe\/wp-content\/uploads\/sites\/10008\/2023\/04\/braile-sala-03.jpg\"><img loading=\"lazy\" decoding=\"async\" src=\"https:\/\/portal.unisepe.com.br\/fpbe\/wp-content\/uploads\/sites\/10008\/2023\/04\/braile-sala-03-e1681768765296-146x300.jpg\" alt=\"\" width=\"146\" height=\"300\" class=\"aligncenter wp-image-4339 size-medium\" srcset=\"https:\/\/portal.unisepe.com.br\/fpbe\/wp-content\/uploads\/sites\/10008\/2023\/04\/braile-sala-03-e1681768765296-146x300.jpg 146w, https:\/\/portal.unisepe.com.br\/fpbe\/wp-content\/uploads\/sites\/10008\/2023\/04\/braile-sala-03-e1681768765296.jpg 493w\" sizes=\"auto, (max-width: 146px) 100vw, 146px\" \/><\/a><a href=\"https:\/\/portal.unisepe.com.br\/fpbe\/wp-content\/uploads\/sites\/10008\/2023\/04\/braile-secretaria.jpg\"><\/a><\/p>\n","protected":false},"excerpt":{"rendered":"<p>RAMPA DE ACESSO \u00a0 \u00a0 &nbsp; &nbsp; BANHEIROS ADAPTADOS &nbsp; ELEVADOR ESPECIAL &nbsp; &nbsp; PISO T\u00c1TIL &nbsp; MOB\u00cdLIAS ADAPTADAS &nbsp; ESTACIONAMENTO RESERVADO &nbsp; &nbsp; &nbsp; IDENTIFICA\u00c7\u00c3O EM BRAILE<\/p>\n","protected":false},"author":6,"featured_media":0,"parent":4033,"menu_order":0,"comment_status":"closed","ping_status":"closed","template":"templates\/template-curso_menu_vertical.php","meta":{"footnotes":""},"categories":[],"tags":[],"class_list":["post-2132","page","type-page","status-publish","hentry"],"_links":{"self":[{"href":"https:\/\/portal.unisepe.com.br\/fpbe\/wp-json\/wp\/v2\/pages\/2132","targetHints":{"allow":["GET"]}}],"collection":[{"href":"https:\/\/portal.unisepe.com.br\/fpbe\/wp-json\/wp\/v2\/pages"}],"about":[{"href":"https:\/\/portal.unisepe.com.br\/fpbe\/wp-json\/wp\/v2\/types\/page"}],"author":[{"embeddable":true,"href":"https:\/\/portal.unisepe.com.br\/fpbe\/wp-json\/wp\/v2\/users\/6"}],"replies":[{"embeddable":true,"href":"https:\/\/portal.unisepe.com.br\/fpbe\/wp-json\/wp\/v2\/comments?post=2132"}],"version-history":[{"count":19,"href":"https:\/\/portal.unisepe.com.br\/fpbe\/wp-json\/wp\/v2\/pages\/2132\/revisions"}],"predecessor-version":[{"id":4340,"href":"https:\/\/portal.unisepe.com.br\/fpbe\/wp-json\/wp\/v2\/pages\/2132\/revisions\/4340"}],"up":[{"embeddable":true,"href":"https:\/\/portal.unisepe.com.br\/fpbe\/wp-json\/wp\/v2\/pages\/4033"}],"wp:attachment":[{"href":"https:\/\/portal.unisepe.com.br\/fpbe\/wp-json\/wp\/v2\/media?parent=2132"}],"wp:term":[{"taxonomy":"category","embeddable":true,"href":"https:\/\/portal.unisepe.com.br\/fpbe\/wp-json\/wp\/v2\/categories?post=2132"},{"taxonomy":"post_tag","embeddable":true,"href":"https:\/\/portal.unisepe.com.br\/fpbe\/wp-json\/wp\/v2\/tags?post=2132"}],"curies":[{"name":"wp","href":"https:\/\/api.w.org\/{rel}","templated":true}]}}