{"id":214,"date":"2016-07-08T00:30:46","date_gmt":"2016-07-08T00:30:46","guid":{"rendered":"http:\/\/www.fvr.edu.br\/fvr\/site\/?page_id=214"},"modified":"2024-04-23T17:20:10","modified_gmt":"2024-04-23T20:20:10","slug":"areas-de-atuacao","status":"publish","type":"page","link":"https:\/\/portal.unisepe.com.br\/fpbe\/a-instituicao\/areas-de-atuacao\/","title":{"rendered":"\u00c1reas de Atua\u00e7\u00e3o"},"content":{"rendered":"<p><strong>Atualmente a Faculdade Peru\u00edbe &#8211; FPbe atua nas seguintes \u00e1reas:<\/strong><\/p>\n<ul>\n<li><strong>A &#8211; Gradua\u00e7\u00e3o<\/strong>\n<ul>\n<li><strong>I &#8211; Bacharelado:<\/strong>\n<ul>\n<li>Administra\u00e7\u00e3o<\/li>\n<li>Ci\u00eancias Cont\u00e1beis<\/li>\n<li>Direito<\/li>\n<li>Enfermagem<\/li>\n<li>Educa\u00e7\u00e3o F\u00edsica<\/li>\n<li>Fisioterapia<\/li>\n<\/ul>\n<\/li>\n<li><strong>II &#8211; Licenciatura:<\/strong>\n<ul>\n<li>Pedagogia<\/li>\n<li>Educa\u00e7\u00e3o F\u00edsica<\/li>\n<\/ul>\n<\/li>\n<\/ul>\n<\/li>\n<\/ul>\n<blockquote><p>&#8220;A Educa\u00e7\u00e3o abre portas da mente que jamais ser\u00e3o fechadas&#8221;. (Mayara Benatti)<\/p><\/blockquote>\n<blockquote><p>&#8220;A Educa\u00e7\u00e3o \u00e9 a arma mais poderosa que voc\u00ea pode usar para mudar o mundo&#8221;. (Nelson Mandela)<\/p><\/blockquote>\n","protected":false},"excerpt":{"rendered":"<p>Atualmente a Faculdade Peru\u00edbe &#8211; FPbe atua nas seguintes \u00e1reas: A &#8211; Gradua\u00e7\u00e3o I &#8211; Bacharelado: Administra\u00e7\u00e3o Ci\u00eancias Cont\u00e1beis Direito Enfermagem Educa\u00e7\u00e3o F\u00edsica Fisioterapia II &#8211; Licenciatura: Pedagogia Educa\u00e7\u00e3o F\u00edsica &#8220;A Educa\u00e7\u00e3o abre portas da mente que jamais ser\u00e3o fechadas&#8221;. (Mayara Benatti) &#8220;A Educa\u00e7\u00e3o \u00e9 a arma mais poderosa que<\/p>\n","protected":false},"author":6,"featured_media":0,"parent":81,"menu_order":0,"comment_status":"closed","ping_status":"closed","template":"templates\/template-pagina_menu_vertical.php","meta":{"footnotes":""},"categories":[],"tags":[],"class_list":["post-214","page","type-page","status-publish","hentry"],"_links":{"self":[{"href":"https:\/\/portal.unisepe.com.br\/fpbe\/wp-json\/wp\/v2\/pages\/214","targetHints":{"allow":["GET"]}}],"collection":[{"href":"https:\/\/portal.unisepe.com.br\/fpbe\/wp-json\/wp\/v2\/pages"}],"about":[{"href":"https:\/\/portal.unisepe.com.br\/fpbe\/wp-json\/wp\/v2\/types\/page"}],"author":[{"embeddable":true,"href":"https:\/\/portal.unisepe.com.br\/fpbe\/wp-json\/wp\/v2\/users\/6"}],"replies":[{"embeddable":true,"href":"https:\/\/portal.unisepe.com.br\/fpbe\/wp-json\/wp\/v2\/comments?post=214"}],"version-history":[{"count":5,"href":"https:\/\/portal.unisepe.com.br\/fpbe\/wp-json\/wp\/v2\/pages\/214\/revisions"}],"predecessor-version":[{"id":4790,"href":"https:\/\/portal.unisepe.com.br\/fpbe\/wp-json\/wp\/v2\/pages\/214\/revisions\/4790"}],"up":[{"embeddable":true,"href":"https:\/\/portal.unisepe.com.br\/fpbe\/wp-json\/wp\/v2\/pages\/81"}],"wp:attachment":[{"href":"https:\/\/portal.unisepe.com.br\/fpbe\/wp-json\/wp\/v2\/media?parent=214"}],"wp:term":[{"taxonomy":"category","embeddable":true,"href":"https:\/\/portal.unisepe.com.br\/fpbe\/wp-json\/wp\/v2\/categories?post=214"},{"taxonomy":"post_tag","embeddable":true,"href":"https:\/\/portal.unisepe.com.br\/fpbe\/wp-json\/wp\/v2\/tags?post=214"}],"curies":[{"name":"wp","href":"https:\/\/api.w.org\/{rel}","templated":true}]}}