{"id":2367,"date":"2018-06-04T16:03:54","date_gmt":"2018-06-04T19:03:54","guid":{"rendered":"http:\/\/portal.unisepe.com.br\/fpbe\/?page_id=2367"},"modified":"2023-03-02T17:15:22","modified_gmt":"2023-03-02T20:15:22","slug":"links-cursos","status":"publish","type":"page","link":"https:\/\/portal.unisepe.com.br\/fpbe\/links-cursos\/","title":{"rendered":"Cursos"},"content":{"rendered":"<ul>\n<li><a href=\"http:\/\/portal.unisepe.com.br\/fpbe\/biblioteca\/revistas-e-links\/links-cursos\/links-administracao\/\">Administra\u00e7\u00e3o<\/a><\/li>\n<li><a href=\"http:\/\/portal.unisepe.com.br\/fpbe\/biblioteca\/revistas-e-links\/links-cursos\/links-ads\/\">An\u00e1lise e Desenv. de Sistemas<\/a><\/li>\n<li><a href=\"http:\/\/portal.unisepe.com.br\/fpbe\/biblioteca\/revistas-e-links\/links-cursos\/links-ct\/\">Ci\u00eancias Cont\u00e1beis<\/a><\/li>\n<li><a href=\"http:\/\/portal.unisepe.com.br\/fpbe\/biblioteca\/revistas-e-links\/links-cursos\/links-dir\/\">Direito<\/a><\/li>\n<li><a href=\"http:\/\/portal.unisepe.com.br\/fpbe\/biblioteca\/revistas-e-links\/links-cursos\/links-edf\/\">Educa\u00e7\u00e3o F\u00edsica<\/a><\/li>\n<li><a href=\"http:\/\/portal.unisepe.com.br\/fpbe\/biblioteca\/revistas-e-links\/links-cursos\/links-enf\/\">Enfermagem<\/a><\/li>\n<li><a href=\"http:\/\/portal.unisepe.com.br\/fpbe\/biblioteca\/revistas-e-links\/links-cursos\/links-ga\/\">Gest\u00e3o Ambiental<\/a><\/li>\n<li><a href=\"http:\/\/portal.unisepe.com.br\/fpbe\/biblioteca\/revistas-e-links\/links-cursos\/links-ped\/\">Pedagogia<\/a><\/li>\n<li><a href=\"http:\/\/portal.unisepe.com.br\/fpbe\/biblioteca\/revistas-e-links\/links-cursos\/links-pg\/\">Processos Gerenciais<\/a><\/li>\n<\/ul>\n","protected":false},"excerpt":{"rendered":"<p>Administra\u00e7\u00e3o An\u00e1lise e Desenv. de Sistemas Ci\u00eancias Cont\u00e1beis Direito Educa\u00e7\u00e3o F\u00edsica Enfermagem Gest\u00e3o Ambiental Pedagogia Processos Gerenciais<\/p>\n","protected":false},"author":6,"featured_media":0,"parent":0,"menu_order":0,"comment_status":"closed","ping_status":"closed","template":"templates\/template-curso_link.php","meta":{"footnotes":""},"categories":[],"tags":[],"class_list":["post-2367","page","type-page","status-publish","hentry"],"_links":{"self":[{"href":"https:\/\/portal.unisepe.com.br\/fpbe\/wp-json\/wp\/v2\/pages\/2367","targetHints":{"allow":["GET"]}}],"collection":[{"href":"https:\/\/portal.unisepe.com.br\/fpbe\/wp-json\/wp\/v2\/pages"}],"about":[{"href":"https:\/\/portal.unisepe.com.br\/fpbe\/wp-json\/wp\/v2\/types\/page"}],"author":[{"embeddable":true,"href":"https:\/\/portal.unisepe.com.br\/fpbe\/wp-json\/wp\/v2\/users\/6"}],"replies":[{"embeddable":true,"href":"https:\/\/portal.unisepe.com.br\/fpbe\/wp-json\/wp\/v2\/comments?post=2367"}],"version-history":[{"count":5,"href":"https:\/\/portal.unisepe.com.br\/fpbe\/wp-json\/wp\/v2\/pages\/2367\/revisions"}],"predecessor-version":[{"id":2611,"href":"https:\/\/portal.unisepe.com.br\/fpbe\/wp-json\/wp\/v2\/pages\/2367\/revisions\/2611"}],"wp:attachment":[{"href":"https:\/\/portal.unisepe.com.br\/fpbe\/wp-json\/wp\/v2\/media?parent=2367"}],"wp:term":[{"taxonomy":"category","embeddable":true,"href":"https:\/\/portal.unisepe.com.br\/fpbe\/wp-json\/wp\/v2\/categories?post=2367"},{"taxonomy":"post_tag","embeddable":true,"href":"https:\/\/portal.unisepe.com.br\/fpbe\/wp-json\/wp\/v2\/tags?post=2367"}],"curies":[{"name":"wp","href":"https:\/\/api.w.org\/{rel}","templated":true}]}}