{"id":2375,"date":"2018-06-04T16:06:18","date_gmt":"2018-06-04T19:06:18","guid":{"rendered":"http:\/\/portal.unisepe.com.br\/fpbe\/?page_id=2375"},"modified":"2023-05-10T19:54:08","modified_gmt":"2023-05-10T22:54:08","slug":"links-ct","status":"publish","type":"page","link":"https:\/\/portal.unisepe.com.br\/fpbe\/links-cursos\/links-ct\/","title":{"rendered":"Ci\u00eancias Cont\u00e1beis"},"content":{"rendered":"<p><strong>REVISTAS DE LIVRE ACESSO CI\u00caNCIAS CONT\u00c1BEIS<\/strong><\/p>\n<ul>\n<li><a href=\"http:\/\/revistas.unisinos.br\/index.php\/base\">BASE &#8211; Revista de Administra\u00e7\u00e3o e Contabilidade da Unisinos<\/a><\/li>\n<li><a href=\"https:\/\/revistas.face.ufmg.br\/index.php\/contabilidadevistaerevista\">Contabilidade Vista e Revista<\/a><\/li>\n<li><a href=\"http:\/\/periodicos.ufc.br\/contextus\">Contextus<\/a><\/li>\n<li><a href=\"http:\/\/www.custoseagronegocioonline.com.br\/principal.html\">Custos e Agroneg\u00f3cio<\/a><\/li>\n<li><a href=\"https:\/\/portalperiodicos.unoesc.edu.br\/race;\">RACE &#8211; Revista de Administra\u00e7\u00e3o, Contabilidade e Economia<\/a><\/li>\n<li><a href=\"http:\/\/www.atena.org.br\/revista\/ojs-2.2.3-06\/index.php\/pensarcontabil\">RBGN<\/a><\/li>\n<li><a href=\"https:\/\/reunir.revistas.ufcg.edu.br\/index.php\/uacc\">REUNIR<\/a><\/li>\n<li><a href=\"https:\/\/portalrevistas.ucb.br\/index.php\/rbee\/index\">Revista\u00a0 Brasileira de Economia de Empresas<\/a><\/li>\n<li><a href=\"http:\/\/www.atena.org.br\/revista\/ojs-2.2.3-06\/index.php\/Ambiente\">Revista Ambiente Cont\u00e1bil<\/a><\/li>\n<li><a href=\"https:\/\/www.scielo.br\/j\/asoc\/\">Revista Ambiente e Sociedade<\/a><\/li>\n<li><a href=\"http:\/\/www.spell.org.br\/periodicos\/ver\/33\/revista-brasileira-de-financas\">Revista Brasileira de Finan\u00e7as<\/a><\/li>\n<li><a href=\"https:\/\/revista.crcsc.org.br\/index.php\/CRCSC\/article\/view\/2804\">Revista Catarinense da Ci\u00eancia Cont\u00e1bil<\/a><\/li>\n<li><a href=\"https:\/\/www.revistas.usp.br\/rcf\/index\">Revista Contabilidade e Finan\u00e7as<\/a><\/li>\n<li><a href=\"https:\/\/seer.ufrgs.br\/ConTexto\">Revista ConTexto &#8211; Contabilidade em Texto<\/a><\/li>\n<li><a href=\"https:\/\/periodicos.ufba.br\/index.php\/rcontabilidade\/index\">Revista de Contabilidade da UFBA<\/a><\/li>\n<li><a href=\"https:\/\/revistas.ufpr.br\/rcc\">Revista de Contabilidade e Controladoria<\/a><\/li>\n<li><a href=\"http:\/\/www.spell.org.br\/periodicos\/ver\/87\/revista-de-educacao-e-pesquisa-em-contabilidade\">Revista de Educa\u00e7\u00e3o e Pesquisa em Contabilidade<\/a><\/li>\n<li><a href=\"https:\/\/revista.crcpr.org.br\/\">Revista do CRC &#8211; PR<\/a><\/li>\n<li><a href=\"https:\/\/revistas.unibh.br\/dcjpg\">Revista E-Civitas<\/a><\/li>\n<li><a href=\"http:\/\/www.atena.org.br\/revista\/ojs-2.2.3-06\/index.php\/pensarcontabil\">Revista Pensar Cont\u00e1bil<\/a><\/li>\n<li><a href=\"https:\/\/racef.fundace.org.br\/index.php\/racef\">Revista RACEF<\/a><\/li>\n<li><a href=\"https:\/\/revista.univem.edu.br\/REGRAD\">Revista REGRAD<\/a><\/li>\n<li><a href=\"http:\/\/www.crcrs.org.br\/revista-tecnica\/\">Revista T\u00e9cnica do CRC &#8211; RS<\/a><\/li>\n<\/ul>\n<h5><strong>Livros Online<\/strong><\/h5>\n<ul>\n<li><a href=\"http:\/\/www.crcrs.org.br\/download-de-livros\">Livros gratuitos pdf | crc rs<\/a><\/li>\n<\/ul>\n<p><strong>CONSELHOS DE ADMINISTRA\u00c7\u00c3O<\/strong><\/p>\n<ul>\n<li><a href=\"https:\/\/cfc.org.br\/legislacao\/\">Conselho Federal de Contabilidade<\/a><\/li>\n<\/ul>\n","protected":false},"excerpt":{"rendered":"<p>REVISTAS DE LIVRE ACESSO CI\u00caNCIAS CONT\u00c1BEIS BASE &#8211; Revista de Administra\u00e7\u00e3o e Contabilidade da Unisinos Contabilidade Vista e Revista Contextus Custos e Agroneg\u00f3cio RACE &#8211; Revista de Administra\u00e7\u00e3o, Contabilidade e Economia RBGN REUNIR Revista\u00a0 Brasileira de Economia de Empresas Revista Ambiente Cont\u00e1bil Revista Ambiente e Sociedade Revista Brasileira de Finan\u00e7as<\/p>\n","protected":false},"author":6,"featured_media":0,"parent":2367,"menu_order":0,"comment_status":"closed","ping_status":"closed","template":"","meta":{"footnotes":""},"categories":[],"tags":[],"class_list":["post-2375","page","type-page","status-publish","hentry"],"_links":{"self":[{"href":"https:\/\/portal.unisepe.com.br\/fpbe\/wp-json\/wp\/v2\/pages\/2375","targetHints":{"allow":["GET"]}}],"collection":[{"href":"https:\/\/portal.unisepe.com.br\/fpbe\/wp-json\/wp\/v2\/pages"}],"about":[{"href":"https:\/\/portal.unisepe.com.br\/fpbe\/wp-json\/wp\/v2\/types\/page"}],"author":[{"embeddable":true,"href":"https:\/\/portal.unisepe.com.br\/fpbe\/wp-json\/wp\/v2\/users\/6"}],"replies":[{"embeddable":true,"href":"https:\/\/portal.unisepe.com.br\/fpbe\/wp-json\/wp\/v2\/comments?post=2375"}],"version-history":[{"count":3,"href":"https:\/\/portal.unisepe.com.br\/fpbe\/wp-json\/wp\/v2\/pages\/2375\/revisions"}],"predecessor-version":[{"id":4470,"href":"https:\/\/portal.unisepe.com.br\/fpbe\/wp-json\/wp\/v2\/pages\/2375\/revisions\/4470"}],"up":[{"embeddable":true,"href":"https:\/\/portal.unisepe.com.br\/fpbe\/wp-json\/wp\/v2\/pages\/2367"}],"wp:attachment":[{"href":"https:\/\/portal.unisepe.com.br\/fpbe\/wp-json\/wp\/v2\/media?parent=2375"}],"wp:term":[{"taxonomy":"category","embeddable":true,"href":"https:\/\/portal.unisepe.com.br\/fpbe\/wp-json\/wp\/v2\/categories?post=2375"},{"taxonomy":"post_tag","embeddable":true,"href":"https:\/\/portal.unisepe.com.br\/fpbe\/wp-json\/wp\/v2\/tags?post=2375"}],"curies":[{"name":"wp","href":"https:\/\/api.w.org\/{rel}","templated":true}]}}