{"id":2377,"date":"2018-06-04T16:06:45","date_gmt":"2018-06-04T19:06:45","guid":{"rendered":"http:\/\/portal.unisepe.com.br\/fpbe\/?page_id=2377"},"modified":"2023-05-10T19:56:41","modified_gmt":"2023-05-10T22:56:41","slug":"links-dir","status":"publish","type":"page","link":"https:\/\/portal.unisepe.com.br\/fpbe\/links-cursos\/links-dir\/","title":{"rendered":"Direito"},"content":{"rendered":"<p><strong>REVISTAS DE LIVRE ACESSO DIREITO<\/strong><\/p>\n<ul>\n<li><a href=\"http:\/\/www.bidforum.com.br\/\">Biblioteca digital f\u00f3rum<\/a><\/li>\n<li><a href=\"http:\/\/conjur.uol.com.br\/\">Consultor Jur\u00eddico<\/a><\/li>\n<li><a href=\"http:\/\/www.direitopublico.idp.edu.br\/index.php\/direitopublico\/index\">Direito P\u00fablico \u2013 Revista Direito P\u00fablico \u2013 IDP<\/a><\/li>\n<li><a href=\"http:\/\/www.intelligentiajuridica.com.br\/\">Inteltigentia Jur\u00eddica<\/a><\/li>\n<li><a href=\"http:\/\/www.meiojuridico.com.br\/\">Meio Jur\u00eddico<\/a><\/li>\n<li><a href=\"http:\/\/www.portaldeperiodicos.idp.edu.br\/index.php\/observatorio\">Observat\u00f3rio da Jurisdi\u00e7\u00e3o Constitucional<\/a><\/li>\n<li><a href=\"http:\/\/civilistica.com\/\">Revista Civilistica<\/a><\/li>\n<li><a href=\"http:\/\/www.e-publicacoes.uerj.br\/index.php\/rfduerj\">Revista da Faculdade de Direito da UERJ<\/a><\/li>\n<li><a href=\"http:\/\/ojs.c3sl.ufpr.br\/ojs\/index.php\/direito\">Revista da Faculdade de Direito da UFPR<\/a><\/li>\n<li><a href=\"http:\/\/periodicos.pucminas.br\/index.php\/Direito\">Revista da Faculdade Mineira de Direito<\/a><\/li>\n<li><a href=\"http:\/\/www.fdsm.edu.br\/site\/posgraduacao\/revistafdsm.php\">Revista da FDSM<\/a><\/li>\n<li><a href=\"http:\/\/www.pos.uea.edu.br\/direitoambiental\/?dest=revista\">Revista de direito ambiental da amaz\u00f4nia \u2013 uea<\/a><\/li>\n<li><a href=\"http:\/\/www.direitopublico.idp.edu.br\/index.php\/direitopublico\">Revista de Direito P\u00fablico do IDP<\/a><\/li>\n<li><a href=\"http:\/\/revistas.unisinos.br\/index.php\/RECHTD\">Revista de Estudos Constitucionais, Hermen\u00eautica e Teoria do Direito<\/a><\/li>\n<li><a href=\"http:\/\/www.pos.direito.ufmg.br\/rbep\/index.php\/rbep\">Revista de Estudos Pol\u00edticos da UFMG<\/a><\/li>\n<li><a href=\"http:\/\/infojur.ccj.ufsc.br\/\">Revista de Inform\u00e1tica Jur\u00eddica<\/a><\/li>\n<li><a href=\"http:\/\/www.uel.br\/revistas\/direitopub\/index.asp\">Revista do Direito P\u00fablico \u2013 UEL<\/a><\/li>\n<li><a href=\"http:\/\/revistas.pucsp.br\/index.php\/red\">Revista Eletr\u00f4nica da Faculdade de Direito da PUC-SP<\/a><\/li>\n<li><a href=\"http:\/\/www.e-publicacoes.uerj.br\/index.php\/redpenal\">Revista Eletr\u00f4nica de Direito Penal<\/a><\/li>\n<li><a href=\"http:\/\/www.redp.com.br\/\">Revista Eletr\u00f4nica de Direito Processual<\/a><\/li>\n<li><a href=\"http:\/\/www6.ufrgs.br\/direito\/?page_id=254\">Revista Eletr\u00f4nica de Direitos Humanos e Pol\u00edtica Criminal \u2013 Ufrgs.br<\/a><\/li>\n<li><a href=\"http:\/\/www.direitodoestado.com.br\/revistas-eletronicas\">Revista Eletr\u00f4nica Direito do Estado<\/a><\/li>\n<li><a href=\"http:\/\/www.univali.br\/direitoepolitica\">Revista Eletr\u00f4nica Direito e Pol\u00edtica \u2013 Univali<\/a><\/li>\n<li><a href=\"http:\/\/www.ufsm.br\/revistadireito\/\">Revista Eletr\u00f4nica do Curso de Direito da UFSM<\/a><\/li>\n<li><a href=\"http:\/\/www.libertas.ufop.br\/index.php\/libertas\">Revista Libertas da UFOP<\/a><\/li>\n<li><a href=\"http:\/\/www.uff.br\/maishumana\/\">Revista MaisHumana Direitos Humanos \u2013 \u00c9tica \u2013 Cidadania<\/a><\/li>\n<li><a href=\"http:\/\/www.cervantesvirtual.com\/bib\/portal\/DOXA\/index-2.shtml\">Revista Trimestral de Direito Civil<\/a><\/li>\n<li><a href=\"http:\/\/socialsciences.scielo.org\/scielo.php?script=sci_serial&amp;pid=1806-6445&amp;lng=pt&amp;nrm=iso&amp;rep=\">Sur \u2013 Revista Internacional de Direitos Humanos \u2013 Home Page<\/a><\/li>\n<li><a href=\"http:\/\/www.teiajuridica.com\/\">Teia Jur\u00eddica<\/a><\/li>\n<li><a href=\"http:\/\/www.revistapcecia.com.br\/\">Universo Jur\u00eddico<\/a><\/li>\n<li><\/li>\n<\/ul>\n<p><strong>NACIONAIS<\/strong><\/p>\n<ul>\n<li><a href=\"http:\/\/revistaseletronicas.pucrs.br\/fo\/ojs\/index.php\/fadir\">Direito &amp; Justi\u00e7a<\/a><\/li>\n<li><a href=\"http:\/\/srvapp2s.urisan.tche.br\/seer\/index.php\/direitosculturais\">Direitos Culturais<\/a><\/li>\n<li><a href=\"http:\/\/revista.grupointegrado.br\/revista\/index.php\/discursojuridico\/issue\/current\">Discurso Jur\u00ed\u00addico<\/a><\/li>\n<li><a href=\"http:\/\/www.senado.gov.br\/noticias\/Jornal\/emdiscussao.asp\">Em Discuss\u00e3o<\/a><\/li>\n<li><a href=\"http:\/\/seer.ucp.br\/seer\/index.php\/LexHumana\">Lex humana<\/a><\/li>\n<li><a href=\"http:\/\/www.scielo.br\/scielo.php\/script_sci_serial\/pid_0102-6445\/lng_en\/nrm_iso\">Lua Nova<\/a><\/li>\n<li><a href=\"http:\/\/www4.jfrj.jus.br\/seer\/index.php\/revista_sjrj\">Revista da SJRJ<\/a><\/li>\n<li><a href=\"http:\/\/srvapp2s.urisan.tche.br\/seer\/index.php\/direito_e_justica\">Revista Direito e Justi\u00e7a: Reflex\u00f5es Sociojur\u00eddicas<\/a><\/li>\n<li><a href=\"http:\/\/www.scielo.br\/scielo.php?script=sci_serial&amp;pid=1808-2432&amp;lng=pt&amp;nrm=is\">Revista Direito GV<\/a><\/li>\n<li><a href=\"http:\/\/revistaeletronicardfd.unibrasil.com.br\/index.php\/rdfd\/index\">Revista Direitos Fundamentais e Democracia<\/a><\/li>\n<li><a href=\"https:\/\/www.metodista.br\/revistas\/revistas-metodista\/index.php\/RFD\">Revista do Curso de Direito<\/a><\/li>\n<li><a href=\"http:\/\/www.revista.direitofranca.br\/index.php\/refdf\/index\">Revista Eletr\u00f4nica da Faculdade de Direito de Franca<\/a><\/li>\n<li><a href=\"http:\/\/periodicos.pucminas.br\/index.php\/DireitoSerro\">Revista Eletr\u00f4nica do Curso de Direito \u2013 PUC Minas Serro<\/a><\/li>\n<li><a href=\"http:\/\/www.revistafides.com\/ojs\/index.php\/br\">Revista FIDES<\/a><\/li>\n<li><a href=\"http:\/\/www.cesumar.br\/pesquisa\/periodicos\/index.php\/revjuridica\">Revista Jur\u00eddica Cesumar \u2013 Mestrado<\/a><\/li>\n<li><a href=\"http:\/\/www.e-publicacoes.uerj.br\/index.php\/rfduerj\">RFD-Revista da Faculdade de Direito da UERJ<\/a><\/li>\n<\/ul>\n<p>&nbsp;<\/p>\n<p><strong>INTERNACIONAIS<\/strong><\/p>\n<ul>\n<li><a href=\"http:\/\/www.scielo.cl\/scielo.php?script=sci_serial&amp;pid=0718-0012&amp;nrm=iso&amp;rep=&amp;lng=pt\">Lus et Praxis<\/a><\/li>\n<li><a href=\"http:\/\/onlinelibrary.wiley.com\/journal\/10.1111\/%28ISSN%291564-9148\">Revista Internacional Del Trabajo<\/a><\/li>\n<\/ul>\n<p>&nbsp;<\/p>\n<p><strong>CONSELHOS DA OAB<\/strong><\/p>\n<ul>\n<li><a href=\"https:\/\/www.oab.org.br\/\"><strong>Conselho Federal<\/strong><\/a><\/li>\n<li><a href=\"https:\/\/www.oabsp.org.br\/\">OAB\/SP<\/a><\/li>\n<li><a href=\"https:\/\/www2.oabsp.org.br\/asp\/subsecoes\/subsecoes.asp\"><strong>SUBSE\u00c7\u00d5ES<\/strong><\/a><\/li>\n<li><a href=\"https:\/\/www2.oabsp.org.br\/asp\/subsecoes\/subsecao.asp?codsub=2\">2\u00aa Subse\u00e7\u00e3o de SANTOS<\/a><\/li>\n<li><a href=\"https:\/\/www2.oabsp.org.br\/asp\/subsecoes\/subsecao.asp?codsub=149\">149\u00aa Subse\u00e7\u00e3o de PERU\u00cdBE<\/a><\/li>\n<\/ul>\n","protected":false},"excerpt":{"rendered":"<p>REVISTAS DE LIVRE ACESSO DIREITO Biblioteca digital f\u00f3rum Consultor Jur\u00eddico Direito P\u00fablico \u2013 Revista Direito P\u00fablico \u2013 IDP Inteltigentia Jur\u00eddica Meio Jur\u00eddico Observat\u00f3rio da Jurisdi\u00e7\u00e3o Constitucional Revista Civilistica Revista da Faculdade de Direito da UERJ Revista da Faculdade de Direito da UFPR Revista da Faculdade Mineira de Direito Revista da<\/p>\n","protected":false},"author":6,"featured_media":0,"parent":2367,"menu_order":0,"comment_status":"closed","ping_status":"closed","template":"","meta":{"footnotes":""},"categories":[],"tags":[],"class_list":["post-2377","page","type-page","status-publish","hentry"],"_links":{"self":[{"href":"https:\/\/portal.unisepe.com.br\/fpbe\/wp-json\/wp\/v2\/pages\/2377","targetHints":{"allow":["GET"]}}],"collection":[{"href":"https:\/\/portal.unisepe.com.br\/fpbe\/wp-json\/wp\/v2\/pages"}],"about":[{"href":"https:\/\/portal.unisepe.com.br\/fpbe\/wp-json\/wp\/v2\/types\/page"}],"author":[{"embeddable":true,"href":"https:\/\/portal.unisepe.com.br\/fpbe\/wp-json\/wp\/v2\/users\/6"}],"replies":[{"embeddable":true,"href":"https:\/\/portal.unisepe.com.br\/fpbe\/wp-json\/wp\/v2\/comments?post=2377"}],"version-history":[{"count":4,"href":"https:\/\/portal.unisepe.com.br\/fpbe\/wp-json\/wp\/v2\/pages\/2377\/revisions"}],"predecessor-version":[{"id":4472,"href":"https:\/\/portal.unisepe.com.br\/fpbe\/wp-json\/wp\/v2\/pages\/2377\/revisions\/4472"}],"up":[{"embeddable":true,"href":"https:\/\/portal.unisepe.com.br\/fpbe\/wp-json\/wp\/v2\/pages\/2367"}],"wp:attachment":[{"href":"https:\/\/portal.unisepe.com.br\/fpbe\/wp-json\/wp\/v2\/media?parent=2377"}],"wp:term":[{"taxonomy":"category","embeddable":true,"href":"https:\/\/portal.unisepe.com.br\/fpbe\/wp-json\/wp\/v2\/categories?post=2377"},{"taxonomy":"post_tag","embeddable":true,"href":"https:\/\/portal.unisepe.com.br\/fpbe\/wp-json\/wp\/v2\/tags?post=2377"}],"curies":[{"name":"wp","href":"https:\/\/api.w.org\/{rel}","templated":true}]}}