{"id":2379,"date":"2018-06-04T16:07:43","date_gmt":"2018-06-04T19:07:43","guid":{"rendered":"http:\/\/portal.unisepe.com.br\/fpbe\/?page_id=2379"},"modified":"2022-11-30T19:42:51","modified_gmt":"2022-11-30T22:42:51","slug":"links-edf","status":"publish","type":"page","link":"https:\/\/portal.unisepe.com.br\/fpbe\/links-cursos\/links-edf\/","title":{"rendered":"Educa\u00e7\u00e3o F\u00edsica"},"content":{"rendered":"<p><strong>Educa\u00e7\u00e3o F\u00edsica<\/strong><\/p>\n<p style=\"text-align: center\"><strong>Fontes de acesso livre<\/strong><\/p>\n<p>&nbsp;<\/p>\n<ul>\n<li><a href=\"http:\/\/www.periodicos.ufsc.br\/index.php\/rbcdh\/index\">Brazilian Journal of Kinanthropometry and Human Performance<\/a><\/li>\n<li><a href=\"http:\/\/e-revista.unioeste.br\/index.php\/cadernoedfisica\/index\">Caderno de Educa\u00e7\u00e3o F\u00edsica: Estudos e Reflex\u00f5es<\/a><\/li>\n<li><a href=\"http:\/\/online.unisc.br\/seer\/index.php\/cinergis\">Cinergis (UNISC)<\/a><\/li>\n<li><a href=\"http:\/\/proxy.furb.br\/ojs\/index.php\/dynamis\">Dynamis (FURB)<\/a><\/li>\n<li><a href=\"http:\/\/www.periodicos.uem.br\/ojs\/index.php\/RevEducFis\/index\">Jornal de Educa\u00e7\u00e3o F\u00edsica<\/a><\/li>\n<li><a href=\"https:\/\/journals.lww.com\/nsca-jscr\/pages\/default.aspx\">Jornal de Pesquisa para For\u00e7a e Condicionamento<\/a><\/li>\n<li><a href=\"http:\/\/www.periodicos.ufsc.br\/index.php\/motrivivencia\/index\">Motrivivencia<\/a><\/li>\n<li><a href=\"http:\/\/seer.ufrgs.br\/Movimento\/index\">Movimento<\/a><\/li>\n<li><a href=\"http:\/\/www.rbafs.org.br\/RBAFS\">Revista Brasileira de Atividade F\u00edsica &amp; Sa\u00fade &#8211; RBAFS<\/a><\/li>\n<li><a href=\"https:\/\/periodicos.ufsc.br\/index.php\/rbcdh\">Revista Brasileira de Cineantropometria e Desempenho Humano (RBCDH) <\/a><\/li>\n<li><a href=\"http:\/\/rbme.org\/\">Revista Brasileira de Medicina no Esporte<\/a><\/li>\n<li><a href=\"http:\/\/www.rbpfex.com.br\/index.php\/rbpfex\">Revista Brasileira de Prescri\u00e7\u00e3o e Fisiologia do Exerc\u00edcio<\/a><\/li>\n<li><a href=\"http:\/\/www.periodicos.uem.br\/ojs\/index.php\/RevEducFis\/index\">Revista da Educa\u00e7\u00e3o F\u00edsica\/UEM<\/a><\/li>\n<li><a href=\"https:\/\/www.rpd-online.com\/\">Revista de Psicologia Do Esporte<\/a><\/li>\n<li><a href=\"http:\/\/www.revista-apunts.com\/en\/\">Revista em Educa\u00e7\u00e3o F\u00edsica e Esporte<\/a><\/li>\n<li><a href=\"https:\/\/revistas.rcaap.pt\/motricidade\">Revista Motricidade<\/a><\/li>\n<li><a href=\"https:\/\/www.revistas.ufg.br\/fef\">Revista Motriz<\/a><\/li>\n<li><a href=\"http:\/\/www.seer.ufrgs.br\/index.php\/Movimento\">Revista Movimento<\/a><\/li>\n<li><a href=\"https:\/\/revistas.ufg.br\/fef\/index\">Revista Pensar a Pr\u00e1tica<\/a><\/li>\n<li><a href=\"https:\/\/rpcd.fade.up.pt\/entradaPT.html\">Revista Portuguesa de Ci\u00eancias do Desporto<\/a><\/li>\n<li><a href=\"http:\/\/periodicos.uem.br\/ojs\/index.php\/RevEducFis\">Revista Universidade Estadual de Maring\u00e1<\/a><\/li>\n<li><a href=\"http:\/\/www.unifia.edu.br\/projetoRevista\/qualis.html\">Revistas Eletr\u00f4nicas UNISEPE<\/a><\/li>\n<li><a href=\"http:\/\/www.rbone.com.br\/index.php\/rbone\" style=\"font-size: 0.95em\">Sobama \u2013 Associa\u00e7\u00e3o Brasileira De Atividade Motora Adaptada<\/a><\/li>\n<li><a href=\"http:\/\/www.rbone.com.br\/index.php\/rbone\" style=\"font-size: 0.95em\">Revista Brasileira Atividade F\u00edsica Motora Adaptada<\/a><\/li>\n<li><a href=\"http:\/\/www.rbone.com.br\/index.php\/rbone\" style=\"font-size: 0.95em\">Revista Interdisciplinar De Promo\u00e7\u00e3o Da Sa\u00fade<\/a><\/li>\n<li><a href=\"http:\/\/www.rbone.com.br\/index.php\/rbone\" style=\"font-size: 0.95em\">Revista Brasileira De Educa\u00e7\u00e3o F\u00edsica E Esporte (Usp)<\/a><\/li>\n<li><a href=\"http:\/\/www.rbone.com.br\/index.php\/rbone\" style=\"font-size: 0.95em\">Revista De Educa\u00e7\u00e3o F\u00edsica<\/a><\/li>\n<li><a href=\"http:\/\/www.rbone.com.br\/index.php\/rbone\" style=\"font-size: 0.95em\">Revista Brasileira De Ci\u00eancias Do Esporte (Scielo)<\/a><\/li>\n<li><a href=\"http:\/\/www.rbone.com.br\/index.php\/rbone\" style=\"font-size: 0.95em\">Revista Brasileira De Futsal E Futebol<\/a><\/li>\n<li><a href=\"http:\/\/www.rbone.com.br\/index.php\/rbone\" style=\"font-size: 0.95em\">Revista Brasileira De Medicina Do Esporte<\/a><\/li>\n<li><a href=\"http:\/\/www.rbone.com.br\/index.php\/rbone\" style=\"font-size: 0.95em\">Ci\u00eancia &amp; Sa\u00fade Coletiva \u2013 Revista Da Associa\u00e7\u00e3o Brasileira De Sa\u00fade Coletiva<\/a><\/li>\n<li><a href=\"http:\/\/www.rbone.com.br\/index.php\/rbone\" style=\"font-size: 0.95em\">Revista Brasileira De Obesidade, Nutri\u00e7\u00e3o E Emagrecimento<\/a><\/li>\n<li><a href=\"http:\/\/www.rbone.com.br\/index.php\/rbone\" style=\"font-size: 0.95em\">REVISTA BRASILEIRA<\/a><a href=\"http:\/\/www.rbone.com.br\/index.php\/rbone\" style=\"font-size: 0.95em\">DE OBESIDADE, NUTRI\u00c7\u00c3O E EMAGRECIMENTO<\/a><\/li>\n<li><a href=\"https:\/\/portalrevistas.ucb.br\/index.php\/RBCM\" style=\"font-size: 0.95em\">Sa\u00fade E Sociedade (Usp)<\/a><\/li>\n<li><a href=\"https:\/\/portalrevistas.ucb.br\/index.php\/RBCM\" style=\"font-size: 0.95em\">Revista Brasileira De Futebol<\/a><\/li>\n<li><a href=\"https:\/\/portalrevistas.ucb.br\/index.php\/RBCM\" style=\"font-size: 0.95em\">Revista Brasileira De Qualidade De Vida<\/a><\/li>\n<li><a href=\"https:\/\/portalrevistas.ucb.br\/index.php\/RBCM\" style=\"font-size: 0.95em\">Movimenta<\/a><\/li>\n<li><a href=\"https:\/\/portalrevistas.ucb.br\/index.php\/RBCM\" style=\"font-size: 0.95em\">Revista Ci\u00eancia Em Movimento \u2013 Reabilita\u00e7\u00e3o E Sa\u00fade<\/a><\/li>\n<li><a href=\"https:\/\/portalrevistas.ucb.br\/index.php\/RBCM\" style=\"font-size: 0.95em\">Cadernos De Sa\u00fade P\u00fablica (Scielo)<\/a><\/li>\n<li><a href=\"https:\/\/portalrevistas.ucb.br\/index.php\/RBCM\" style=\"font-size: 0.95em\">Estudos Interdisciplinares Sobre O Envelhecimento<\/a><\/li>\n<li><a href=\"https:\/\/portalrevistas.ucb.br\/index.php\/RBCM\" style=\"font-size: 0.95em\">Motriviv\u00eancia<\/a><\/li>\n<li><a href=\"https:\/\/portalrevistas.ucb.br\/index.php\/RBCM\" style=\"font-size: 0.95em\">Corpoconsci\u00eancia<\/a><\/li>\n<li><a href=\"https:\/\/portalrevistas.ucb.br\/index.php\/RBCM\" style=\"font-size: 0.95em\">Praxia<\/a><\/li>\n<li><a href=\"https:\/\/portalrevistas.ucb.br\/index.php\/RBCM\" style=\"font-size: 0.95em\">Arquivos De Ci\u00eancias Do Esporte<\/a><\/li>\n<li><a href=\"https:\/\/portalrevistas.ucb.br\/index.php\/RBCM\" style=\"font-size: 0.95em\">Revista Mackenzie De Educa\u00e7\u00e3o F\u00edsica E Esporte<\/a><\/li>\n<li><a href=\"https:\/\/portalrevistas.ucb.br\/index.php\/RBCM\" style=\"font-size: 0.95em\">Revista Brasileira De Nutri\u00e7\u00e3o Esportiva<\/a><\/li>\n<li><a href=\"https:\/\/portalrevistas.ucb.br\/index.php\/RBCM\" style=\"font-size: 0.95em\">Sociedade Brasileira De Biomec\u00e2nica<\/a><\/li>\n<li><a href=\"https:\/\/portalrevistas.ucb.br\/index.php\/RBCM\" style=\"font-size: 0.95em\">Esporte E Sociedade<\/a><\/li>\n<li><a href=\"https:\/\/portalrevistas.ucb.br\/index.php\/RBCM\" style=\"font-size: 0.95em\">Revista De Ci\u00eancia E Sa\u00fade<\/a><\/li>\n<li><a href=\"https:\/\/portalrevistas.ucb.br\/index.php\/RBCM\" style=\"font-size: 0.95em\">Caderno De Educa\u00e7\u00e3o F\u00edsica E Esporte<\/a><\/li>\n<li><a href=\"https:\/\/portalrevistas.ucb.br\/index.php\/RBCM\" style=\"font-size: 0.95em\">Revista Brasileira De Ci\u00eancia E Movimento<\/a><\/li>\n<li><a href=\"https:\/\/portalrevistas.ucb.br\/index.php\/RBCM\" style=\"font-size: 0.95em\">REVISTA BRASILEIRA DE CI\u00caNCIA E MOVIMENTO<\/a><\/li>\n<\/ul>\n<p>&nbsp;<\/p>\n<p style=\"text-align: center\"><strong>Revistas Internacionais<\/strong><\/p>\n<ul>\n<li><a href=\"http:\/\/www.apefadal.es\/\">Revista ADAL \u2013 Prfessores Educa\u00e7\u00e3o F\u00edsica \u2013 Espanha<\/a><\/li>\n<li><a href=\"http:\/\/www.revue-eps.com\/\">Revista EPS \u2013 Fran\u00e7a<\/a><\/li>\n<li><a href=\"http:\/\/www.revista-apunts.com\/en\/\">Revista Apunts \u2013 INEFC \u2013 Espanha<\/a><\/li>\n<li><a href=\"https:\/\/physoc.onlinelibrary.wiley.com\/journal\/14697793\">THE JOURNAL OF PHYSIOLOGY<\/a><\/li>\n<li><a href=\"https:\/\/www.elsevier.com\/pt-br\/search-results?labels=journals\">ELSEVIER<\/a><\/li>\n<\/ul>\n","protected":false},"excerpt":{"rendered":"<p>Educa\u00e7\u00e3o F\u00edsica Fontes de acesso livre &nbsp; Brazilian Journal of Kinanthropometry and Human Performance Caderno de Educa\u00e7\u00e3o F\u00edsica: Estudos e Reflex\u00f5es Cinergis (UNISC) Dynamis (FURB) Jornal de Educa\u00e7\u00e3o F\u00edsica Jornal de Pesquisa para For\u00e7a e Condicionamento Motrivivencia Movimento Revista Brasileira de Atividade F\u00edsica &amp; Sa\u00fade &#8211; RBAFS Revista Brasileira de<\/p>\n","protected":false},"author":6,"featured_media":0,"parent":2367,"menu_order":0,"comment_status":"closed","ping_status":"closed","template":"","meta":{"footnotes":""},"categories":[],"tags":[],"class_list":["post-2379","page","type-page","status-publish","hentry"],"_links":{"self":[{"href":"https:\/\/portal.unisepe.com.br\/fpbe\/wp-json\/wp\/v2\/pages\/2379","targetHints":{"allow":["GET"]}}],"collection":[{"href":"https:\/\/portal.unisepe.com.br\/fpbe\/wp-json\/wp\/v2\/pages"}],"about":[{"href":"https:\/\/portal.unisepe.com.br\/fpbe\/wp-json\/wp\/v2\/types\/page"}],"author":[{"embeddable":true,"href":"https:\/\/portal.unisepe.com.br\/fpbe\/wp-json\/wp\/v2\/users\/6"}],"replies":[{"embeddable":true,"href":"https:\/\/portal.unisepe.com.br\/fpbe\/wp-json\/wp\/v2\/comments?post=2379"}],"version-history":[{"count":9,"href":"https:\/\/portal.unisepe.com.br\/fpbe\/wp-json\/wp\/v2\/pages\/2379\/revisions"}],"predecessor-version":[{"id":3910,"href":"https:\/\/portal.unisepe.com.br\/fpbe\/wp-json\/wp\/v2\/pages\/2379\/revisions\/3910"}],"up":[{"embeddable":true,"href":"https:\/\/portal.unisepe.com.br\/fpbe\/wp-json\/wp\/v2\/pages\/2367"}],"wp:attachment":[{"href":"https:\/\/portal.unisepe.com.br\/fpbe\/wp-json\/wp\/v2\/media?parent=2379"}],"wp:term":[{"taxonomy":"category","embeddable":true,"href":"https:\/\/portal.unisepe.com.br\/fpbe\/wp-json\/wp\/v2\/categories?post=2379"},{"taxonomy":"post_tag","embeddable":true,"href":"https:\/\/portal.unisepe.com.br\/fpbe\/wp-json\/wp\/v2\/tags?post=2379"}],"curies":[{"name":"wp","href":"https:\/\/api.w.org\/{rel}","templated":true}]}}