{"id":2381,"date":"2018-06-04T16:08:13","date_gmt":"2018-06-04T19:08:13","guid":{"rendered":"http:\/\/portal.unisepe.com.br\/fpbe\/?page_id=2381"},"modified":"2023-05-10T19:58:15","modified_gmt":"2023-05-10T22:58:15","slug":"links-enf","status":"publish","type":"page","link":"https:\/\/portal.unisepe.com.br\/fpbe\/links-cursos\/links-enf\/","title":{"rendered":"Enfermagem"},"content":{"rendered":"<p><strong>REVISTAS DE LIVRE ACESSO ENFERMAGEM<\/strong><\/p>\n<ul>\n<li><a href=\"http:\/\/portal.revistas.bvs.br\/index.php?issn=0103-2100&amp;lang=pt\">Acta paulista de enfermagem<\/a><\/li>\n<li><a href=\"http:\/\/portal.revistas.bvs.br\/index.php?issn=0002-936X&amp;lang=pt\">American journal of nursing<\/a><\/li>\n<li><a href=\"http:\/\/portal.revistas.bvs.br\/index.php?issn=0098-1486&amp;lang=pt\">American nurse<\/a><\/li>\n<li><a href=\"http:\/\/portal.revistas.bvs.br\/index.php?issn=0008-4581&amp;lang=pt\">Canadian nurse<\/a><\/li>\n<li><a href=\"https:\/\/portal.unisepe.com.br\/saolourenco\/wp-content\/uploads\/sites\/10005\/2018\/09\/cdiras.pdf\">Crit\u00e9rios Diagn\u00f3sticos de Infec\u00e7\u00e3o Relacionada \u00e0 Assist\u00eancia \u00e0 Sa\u00fade<\/a><\/li>\n<li><a href=\"https:\/\/portal.unisepe.com.br\/saolourenco\/wp-content\/uploads\/sites\/10005\/2018\/09\/dip.pdf\">Doen\u00e7as Parasit\u00e1rias e Infecciosas<\/a><\/li>\n<li><a href=\"https:\/\/portal.unisepe.com.br\/saolourenco\/wp-content\/uploads\/sites\/10005\/2018\/09\/espi.pdf\">Envelhecimento e sa\u00fade da pessoa idosa<\/a><\/li>\n<li><a href=\"http:\/\/portal.revistas.bvs.br\/index.php?issn=1414-8145&amp;lang=pt\">Escola Anna Nery Revista de Enfermagem<\/a><\/li>\n<li><a href=\"http:\/\/portal.revistas.bvs.br\/index.php?issn=0197-4572&amp;lang=pt\">Geriatric nursing<\/a><\/li>\n<li><a href=\"http:\/\/portal.revistas.bvs.br\/index.php?issn=1445-8330&amp;lang=pt\">International journal of mental health nursing<\/a><\/li>\n<li><a href=\"http:\/\/portal.revistas.bvs.br\/index.php?issn=1075-4210&amp;lang=pt\">International journal of trauma nursing<\/a><\/li>\n<li><a href=\"http:\/\/portal.revistas.bvs.br\/index.php?issn=0120-5307&amp;lang=pt\">Investigaci\u00f3n y educaci\u00f3n en enfermer\u00eda<\/a><\/li>\n<li><a href=\"https:\/\/portal.unisepe.com.br\/saolourenco\/wp-content\/uploads\/sites\/10005\/2018\/09\/pntn.pdf\">Manual \u2013 Programa Nacional de Triagem Neonatal<\/a><\/li>\n<li><a href=\"http:\/\/portal.revistas.bvs.br\/index.php?issn=1471-5953&amp;lang=pt\">Nurse education in practice<\/a><\/li>\n<li><a href=\"http:\/\/portal.revistas.bvs.br\/index.php?issn=0360-4039&amp;lang=pt\">Nursing<\/a><\/li>\n<li><a href=\"http:\/\/portal.revistas.bvs.br\/index.php?issn=1676-4285&amp;lang=pt\">Online brazilian journal of nursing (Online)<\/a><\/li>\n<li><a href=\"http:\/\/portalms.saude.gov.br\/\">Portal da Sa\u00fade<\/a><\/li>\n<li><a href=\"https:\/\/portal.unisepe.com.br\/saolourenco\/wp-content\/uploads\/sites\/10005\/2018\/09\/03-1.pdf\">Protocolo da Aten\u00e7\u00e3o B\u00e1sica Sa\u00fade das Mulheres<\/a><\/li>\n<li><a href=\"http:\/\/portal.revistas.bvs.br\/index.php?issn=1415-2762&amp;lang=pt\">REME: revista mineira de enfermagem<\/a><\/li>\n<li><a href=\"http:\/\/portal.revistas.bvs.br\/index.php?issn=1517-3852&amp;lang=pt\">Rev. RENE: revista da rede de enfermagem do Nordeste<\/a><\/li>\n<li><a href=\"http:\/\/portal.revistas.bvs.br\/index.php?issn=0102-5430&amp;lang=pt\">Revista baiana de enfermagem<\/a><\/li>\n<li><a href=\"http:\/\/portal.revistas.bvs.br\/index.php?issn=0034-7167&amp;lang=pt\">Revista brasileira de enfermagem<\/a><\/li>\n<li><a href=\"http:\/\/portal.revistas.bvs.br\/index.php?issn=0080-6234&amp;lang=pt\">Revista da Escola de Enfermagem da USP<\/a><\/li>\n<li><a href=\"http:\/\/portal.revistas.bvs.br\/index.php?issn=0874-0283&amp;lang=pt\">Revista de educa\u00e7\u00e3o e forma\u00e7\u00e3o em enfermagem<\/a><\/li>\n<li><a href=\"http:\/\/portal.revistas.bvs.br\/index.php?issn=1518-1944&amp;lang=pt\">Revista eletr\u00f4nica de enfermagem<\/a><\/li>\n<li><a href=\"http:\/\/portal.revistas.bvs.br\/index.php?issn=0104-3552&amp;lang=pt\">Revista enfermagem UERJ<\/a><\/li>\n<li><a href=\"http:\/\/portal.revistas.bvs.br\/index.php?issn=0102-6933&amp;lang=pt\">Revista ga\u00facha de enfermagem<\/a><\/li>\n<li><a href=\"http:\/\/portal.revistas.bvs.br\/index.php?issn=0102-6933&amp;lang=pt\">Revista latino-americana de enfermagem<\/a><\/li>\n<li><a href=\"http:\/\/portal.revistas.bvs.br\/index.php?issn=1816-9260&amp;lang=pt\">Revista paraguaya de enfermeira<\/a><\/li>\n<li><a href=\"http:\/\/portal.revistas.bvs.br\/index.php?issn=0100-8889&amp;lang=pt\">Revista paulista de enfermagem<\/a><\/li>\n<li><a href=\"http:\/\/portal.revistas.bvs.br\/index.php?issn=0797-6194&amp;lang=pt\">Revista uruguaya de enfermar\u00eda<\/a><\/li>\n<li><a href=\"https:\/\/portal.unisepe.com.br\/saolourenco\/wp-content\/uploads\/sites\/10005\/2018\/09\/05.pdf\">Sa\u00fade Integral de adolescentes e jovens<\/a><\/li>\n<li><a href=\"https:\/\/portal.unisepe.com.br\/saolourenco\/wp-content\/uploads\/sites\/10005\/2018\/09\/06.pdf\">Sa\u00fade Mental<\/a><\/li>\n<li><a href=\"https:\/\/portal.unisepe.com.br\/saolourenco\/wp-content\/uploads\/sites\/10005\/2018\/09\/07.pdf\">Sa\u00fade sexual e sa\u00fade reprodutiva<\/a><\/li>\n<li><a href=\"http:\/\/portal.revistas.bvs.br\/index.php?issn=0104-0707&amp;lang=pt\">Texto &amp; contexto-enfermagem<\/a><\/li>\n<\/ul>\n<p>&nbsp;<\/p>\n<p><strong>Ci\u00eancias da Sa\u00fade em Geral<\/strong><\/p>\n<ul>\n<li><a href=\"http:\/\/www.bvsalutz.coc.fiocruz.br\/\">Adolpho Lutz<\/a><\/li>\n<li><a href=\"http:\/\/aps.bvs.br\/\">Aten\u00e7\u00e3o Prim\u00e1ria \u00e0 Sa\u00fade<\/a><\/li>\n<li><a href=\"http:\/\/portal.revistas.bvs.br\/index.php?lang=pt\">Cat\u00e1logo de revistas cient\u00edficas<\/a><\/li>\n<li><a href=\"http:\/\/www.cofen.gov.br\/\">Conselho Federal de Enfermagem: Cofen<\/a><\/li>\n<li><a href=\"https:\/\/www.corenmg.gov.br\/web\/guest\">COREN-MG \u2013 Conselho Regional de Enfermagem de Minas Gerais<\/a><\/li>\n<li><a href=\"http:\/\/decs.bvs.br\/\">DeCS- Terminologia em Sa\u00fade<\/a><\/li>\n<li><a href=\"http:\/\/www.bvseps.icict.fiocruz.br\/\">Educa\u00e7\u00e3o Profissional em Sa\u00fade<\/a><\/li>\n<li><a href=\"http:\/\/enfermagem.bvs.br\/\">Enfermagem<\/a><\/li>\n<li><a href=\"http:\/\/homeopatia.bvs.br\/\">Homeopatia<\/a><\/li>\n<li><a href=\"http:\/\/www.bvsintegralidade.icict.fiocruz.br\/\">Integralidade<\/a><\/li>\n<li><a href=\"http:\/\/brasil.bvs.br\/lis-Regional\/xmlListT.php?xml%5b%5d=@\/P\/define.xml&amp;xml%5b%5d=@\/P\/defineContent.xml&amp;xsl=lis-Regional\/home.xsl\">LIS- Localizador de Informa\u00e7\u00e3o em Sa\u00fade<\/a><\/li>\n<li><a href=\"http:\/\/portal.revistas.bvs.br\/index.php?lang=pt\">Revistas Cient\u00edficas em Ci\u00eancias da Sa\u00fade<\/a><\/li>\n<li><a href=\"http:\/\/saudepublica.bvs.br\/\">Sa\u00fade P\u00fablica<\/a><\/li>\n<li><a href=\"http:\/\/scad.bvs.br\/php\/index.php\">SCAD- servi\u00e7o de c\u00f3pia de documentos<\/a><\/li>\n<li><a href=\"http:\/\/www.saude.mg.gov.br\/\">Secretaria de Estado de Sa\u00fade de Minas Gerais- SESMG<\/a><\/li>\n<\/ul>\n<p>&nbsp;<\/p>\n<p><strong>Institucionais<\/strong><\/p>\n<ul>\n<li><a href=\"http:\/\/bvsfiocruz.fiocruz.br\/\">FIOCRUZ<\/a><\/li>\n<li><a href=\"http:\/\/www.iec.gov.br\/portal\/\">Instituto Evandro Chagas \u2013 SVS\/MS<\/a><\/li>\n<li><a href=\"http:\/\/bvsms.saude.gov.br\/\">Minist\u00e9rio da Sa\u00fade<\/a><\/li>\n<li><a href=\"http:\/\/ses.sp.bvs.br\/\">Secretaria de Estado da Sa\u00fade de Sao Paulo (SES-SP)<\/a><\/li>\n<li><a href=\"http:\/\/sms.sp.bvs.br\/\">Secretaria Municipal da Sa\u00fade de S\u00e3o Paulo (SMS-SP)<\/a><\/li>\n<\/ul>\n<p>&nbsp;<\/p>\n<p><strong>Diret\u00f3rios, Portais e Servi\u00e7os<\/strong><\/p>\n<ul>\n<li><a href=\"http:\/\/aps.bvs.br\/apps\/calculadoras\/\">Calculadoras M\u00e9dicas<\/a><\/li>\n<li><a href=\"http:\/\/www2.datasus.gov.br\/DATASUS\/index.php?acao=11&amp;id=29010\">Indicadores e Dados B\u00e1sicos de Sa\u00fade<\/a><\/li>\n<li><a href=\"http:\/\/portalms.saude.gov.br\/legislacao-da-saude\">Legisla\u00e7\u00e3o da Sa\u00fade<\/a><\/li>\n<li><a href=\"http:\/\/revista.saude.sc.gov.br\/index.php\/inicio\/article\/view\/145\">Pol\u00edticas de Sa\u00fade do Brasil<\/a><\/li>\n<\/ul>\n","protected":false},"excerpt":{"rendered":"<p>REVISTAS DE LIVRE ACESSO ENFERMAGEM Acta paulista de enfermagem American journal of nursing American nurse Canadian nurse Crit\u00e9rios Diagn\u00f3sticos de Infec\u00e7\u00e3o Relacionada \u00e0 Assist\u00eancia \u00e0 Sa\u00fade Doen\u00e7as Parasit\u00e1rias e Infecciosas Envelhecimento e sa\u00fade da pessoa idosa Escola Anna Nery Revista de Enfermagem Geriatric nursing International journal of mental health nursing<\/p>\n","protected":false},"author":6,"featured_media":0,"parent":2367,"menu_order":0,"comment_status":"closed","ping_status":"closed","template":"","meta":{"footnotes":""},"categories":[],"tags":[],"class_list":["post-2381","page","type-page","status-publish","hentry"],"_links":{"self":[{"href":"https:\/\/portal.unisepe.com.br\/fpbe\/wp-json\/wp\/v2\/pages\/2381","targetHints":{"allow":["GET"]}}],"collection":[{"href":"https:\/\/portal.unisepe.com.br\/fpbe\/wp-json\/wp\/v2\/pages"}],"about":[{"href":"https:\/\/portal.unisepe.com.br\/fpbe\/wp-json\/wp\/v2\/types\/page"}],"author":[{"embeddable":true,"href":"https:\/\/portal.unisepe.com.br\/fpbe\/wp-json\/wp\/v2\/users\/6"}],"replies":[{"embeddable":true,"href":"https:\/\/portal.unisepe.com.br\/fpbe\/wp-json\/wp\/v2\/comments?post=2381"}],"version-history":[{"count":3,"href":"https:\/\/portal.unisepe.com.br\/fpbe\/wp-json\/wp\/v2\/pages\/2381\/revisions"}],"predecessor-version":[{"id":4473,"href":"https:\/\/portal.unisepe.com.br\/fpbe\/wp-json\/wp\/v2\/pages\/2381\/revisions\/4473"}],"up":[{"embeddable":true,"href":"https:\/\/portal.unisepe.com.br\/fpbe\/wp-json\/wp\/v2\/pages\/2367"}],"wp:attachment":[{"href":"https:\/\/portal.unisepe.com.br\/fpbe\/wp-json\/wp\/v2\/media?parent=2381"}],"wp:term":[{"taxonomy":"category","embeddable":true,"href":"https:\/\/portal.unisepe.com.br\/fpbe\/wp-json\/wp\/v2\/categories?post=2381"},{"taxonomy":"post_tag","embeddable":true,"href":"https:\/\/portal.unisepe.com.br\/fpbe\/wp-json\/wp\/v2\/tags?post=2381"}],"curies":[{"name":"wp","href":"https:\/\/api.w.org\/{rel}","templated":true}]}}