{"id":2385,"date":"2018-06-04T16:09:40","date_gmt":"2018-06-04T19:09:40","guid":{"rendered":"http:\/\/portal.unisepe.com.br\/fpbe\/?page_id=2385"},"modified":"2023-05-10T19:59:31","modified_gmt":"2023-05-10T22:59:31","slug":"links-ped","status":"publish","type":"page","link":"https:\/\/portal.unisepe.com.br\/fpbe\/links-cursos\/links-ped\/","title":{"rendered":"Pedagogia"},"content":{"rendered":"<p><strong>REVISTAS DE LIVRE ACESSO PEDAGOGIA<\/strong><\/p>\n<p>&nbsp;<\/p>\n<ul>\n<li><a href=\"https:\/\/www.saraiva.com.br\/\">Editora Saraiva<\/a><\/li>\n<li><a href=\"http:\/\/www.scielo.br\/scielo.php?script=sci_serial&amp;pid=0102-4698&amp;lng=pt&amp;nrm=iso\">Educa\u00e7\u00e3o em Revista<\/a><\/li>\n<li><a href=\"http:\/\/www.fae.ufmg.br\/revista\/\">Educa\u00e7\u00e3o em Revista \u2013 FaE\/UFMG<\/a><\/li>\n<li><a href=\"https:\/\/educacaoespecialinclusiva.wordpress.com\/tag\/revista-ciranda-da-inclusao\/\">Educa\u00e7\u00e3o Especial Inclusiva<\/a><\/li>\n<li><a href=\"http:\/\/www.crmariocovas.sp.gov.br\/inf_l.php?t=001\">Educa\u00e7\u00e3o Infantil<\/a><\/li>\n<li><a href=\"http:\/\/www.periodicos.rc.biblioteca.unesp.br\/index.php\/educacao\/index\">Educa\u00e7\u00e3o: teoria e pr\u00e1tica \u2013 UNESP<\/a><\/li>\n<li><a href=\"http:\/\/www.educacional.com.br\/home\/home.asp\">Educacional<\/a><\/li>\n<li><a href=\"https:\/\/www.gestaoeducacional.com.br\/\">Gest\u00e3o Educacional<\/a><\/li>\n<li><a href=\"https:\/\/www.paulofreire.org\/acervo-paulo-freire\">Instituto Paulo Freire<\/a><\/li>\n<li><a href=\"http:\/\/www.scielo.br\/scielo.php?script=sci_serial&amp;pid=1518-7632&amp;lng=pt&amp;nrm=iso\">Linguagem em Discurso<\/a><\/li>\n<li><a href=\"https:\/\/novaescola.org.br\/\">Nova Escola<\/a><\/li>\n<li><a href=\"http:\/\/periodicos.pucminas.br\/index.php\/pedagogiacao\">Pedagogia em A\u00e7\u00e3o \u2013 PUCMINAS<\/a><\/li>\n<li><a href=\"http:\/\/www.revistapsicopedagogia.com.br\/\">Psicopedagogia<\/a><\/li>\n<li><a href=\"http:\/\/www.scielo.br\/scielo.php?script=sci_serial&amp;pid=1413-2478&amp;lng=en&amp;nrm=iso\">Revista Brasileira de Educa\u00e7\u00e3o<\/a><\/li>\n<li><a href=\"http:\/\/www.scielo.br\/scielo.php?pid=1413-6538&amp;script=sci_serial\">Revista Brasileira de Educa\u00e7\u00e3o Especial \u2013 Home Page<\/a><\/li>\n<li><a href=\"http:\/\/rbep.inep.gov.br\/index.php\/rbep\">Revista Brasileira de Estudos Pedag\u00f3gicos \u2013 Inep<\/a><\/li>\n<li><a href=\"https:\/\/www.revistas.usp.br\/comueduc\/index\">Revista Comunica\u00e7\u00e3o &amp; Educa\u00e7\u00e3o<\/a><\/li>\n<li><a href=\"http:\/\/www.scielo.br\/scielo.php?script=sci_serial&amp;pid=0102-2555\">Revista da Faculdade de Educa\u00e7\u00e3o \u2013 Home Page\u00a0 \u2013\u00a0 USP<\/a><\/li>\n<li><a href=\"http:\/\/www.scielo.br\/scielo.php?script=sci_serial&amp;pid=0102-2555\">Revista da Faculdade de Educa\u00e7\u00e3o \u2013 USP<\/a><\/li>\n<li><a href=\"https:\/\/periodicos.unifesp.br\/index.php\/exilium\">Revista de Estudos da Contemporaneidade \u2013 Exilium<\/a><\/li>\n<li><a href=\"http:\/\/www.rpm.org.br\/\">Revista do Professor de Matem\u00e1tica<\/a><\/li>\n<li><a href=\"http:\/\/www.rpm.org.br\/\">Revista do Professor de Matem\u00e1tica<\/a><\/li>\n<li><a href=\"https:\/\/www.metodista.br\/revistas\/revistas-ims\/index.php\/EL\/index\">Revista Educa\u00e7\u00e3o e Linguagem<\/a><\/li>\n<li><a href=\"http:\/\/www.educacaoepesquisa.fe.usp.br\/\">Revista Educa\u00e7\u00e3o e Pesquisa<\/a><\/li>\n<li><a href=\"https:\/\/seer.ufrgs.br\/educacaoerealidade\">Revista Educa\u00e7\u00e3o e Realidade<\/a><\/li>\n<li><a href=\"http:\/\/www.reveduc.ufscar.br\/\">Revista Eletr\u00f4nica de Educa\u00e7\u00e3o \u2013 UFSCAR<\/a><\/li>\n<li><a href=\"https:\/\/bibliotecadigital.fgv.br\/ojs\/index.php\/reh\">Revista Estudos Hist\u00f3ricos \u2013 FGV<\/a><\/li>\n<li><a href=\"https:\/\/www.scielo.br\/j\/ld\/\">Revista Linguagem em Discurso<\/a><\/li>\n<li><a href=\"http:\/\/revistas.ulusofona.pt\/index.php\/rleducacao\">Revista Lus\u00f3fona de Educa\u00e7\u00e3o<\/a><\/li>\n<li><a href=\"https:\/\/periodicos.unifesp.br\/index.php\/olhares\">Revista Olhares \u2013 Unifesp<\/a><\/li>\n<li><a href=\"http:\/\/www.revistapatio.com.br\/\">Revista P\u00e1tio Online<\/a><\/li>\n<li><a href=\"https:\/\/periodicos.unifesp.br\/index.php\/pensata\">Revista Pensata<\/a><\/li>\n<li><a href=\"https:\/\/periodicos.ufsc.br\/index.php\/perspectiva\">Revista Perspectiva \u2013 UFSC<\/a><\/li>\n<li><a href=\"http:\/\/www.profissaomestre.com.br\/\">Revista Profiss\u00e3o Mestre<\/a><\/li>\n<li><a href=\"https:\/\/periodicos.unifesp.br\/index.php\/prometeica\/issue\/view\/763\">Revista Prometeica \u2013 Filosofia y Ci\u00eancias<\/a><\/li>\n<li><a href=\"https:\/\/www.scielo.br\/j\/pee\/\">Revista Psicologia Escolar Educacional<\/a><\/li>\n<li><a href=\"http:\/\/pepsic.bvsalud.org\/scielo.php?script=sci_serial&amp;pid=0103-8486&amp;lng=pt&amp;nrm=iso\">Revista Psicopedagogia<\/a><\/li>\n<li><a href=\"https:\/\/www.e-publicacoes.uerj.br\/index.php\/revistateias\">Revista Teias<\/a><\/li>\n<li><a href=\"http:\/\/www.sbhe.org.br\/\">Sociedade Brasileira de Hist\u00f3ria da Educa\u00e7\u00e3o<\/a><\/li>\n<li><a href=\"http:\/\/www.sbhe.org.br\/\">Sociedade Brasileira de Hist\u00f3ria da Educa\u00e7\u00e3o<\/a><\/li>\n<li><a href=\"https:\/\/periodicos.sbu.unicamp.br\/ojs\/index.php\/zetetike\/\">Zetetike \u2013 UNICAMP<\/a><\/li>\n<\/ul>\n<p>&nbsp;<\/p>\n<p><strong>Cadernos<\/strong><\/p>\n<ul>\n<li><a href=\"https:\/\/www.seer.ufrgs.br\/index.php\/CadernosdoAplicacao\/issue\/view\/4729\">Caderno de aplica\u00e7\u00e3o (Educa\u00e7\u00e3o B\u00e1sica e EJA)<\/a><\/li>\n<li><a href=\"https:\/\/www.scielo.br\/j\/cest\/\">Caderno de Estudos<\/a><\/li>\n<li><a href=\"http:\/\/www.scielo.br\/scielo.php?pid=0101-3262&amp;script=sci_serial\">Cadernos CEDES<\/a><\/li>\n<li><a href=\"https:\/\/periodicos.ufpel.edu.br\/index.php\/caduc\/index\">Cadernos de Educa\u00e7\u00e3o<\/a><\/li>\n<li><a href=\"http:\/\/www.seer.ufu.br\/index.php\/che\/\">Cadernos de Hist\u00f3ria da Educa\u00e7\u00e3o \u2013 UFU<\/a><\/li>\n<li><a href=\"http:\/\/www.prpg.usp.br\/index.php\/pt-br\/pae\/etapa-de-preparacao-pedagogica\/cadernos-de-pedagogia\">Cadernos de Pedagogia \u2013 USP<\/a><\/li>\n<li><a href=\"http:\/\/www.scielo.br\/scielo.php?script=sci_serial&amp;pid=0100-1574&amp;nrm=iso&amp;rep=&amp;lng=pt\">Cadernos de Pesquisa<\/a><\/li>\n<\/ul>\n","protected":false},"excerpt":{"rendered":"<p>REVISTAS DE LIVRE ACESSO PEDAGOGIA &nbsp; Editora Saraiva Educa\u00e7\u00e3o em Revista Educa\u00e7\u00e3o em Revista \u2013 FaE\/UFMG Educa\u00e7\u00e3o Especial Inclusiva Educa\u00e7\u00e3o Infantil Educa\u00e7\u00e3o: teoria e pr\u00e1tica \u2013 UNESP Educacional Gest\u00e3o Educacional Instituto Paulo Freire Linguagem em Discurso Nova Escola Pedagogia em A\u00e7\u00e3o \u2013 PUCMINAS Psicopedagogia Revista Brasileira de Educa\u00e7\u00e3o Revista Brasileira<\/p>\n","protected":false},"author":6,"featured_media":0,"parent":2367,"menu_order":0,"comment_status":"closed","ping_status":"closed","template":"","meta":{"footnotes":""},"categories":[],"tags":[],"class_list":["post-2385","page","type-page","status-publish","hentry"],"_links":{"self":[{"href":"https:\/\/portal.unisepe.com.br\/fpbe\/wp-json\/wp\/v2\/pages\/2385","targetHints":{"allow":["GET"]}}],"collection":[{"href":"https:\/\/portal.unisepe.com.br\/fpbe\/wp-json\/wp\/v2\/pages"}],"about":[{"href":"https:\/\/portal.unisepe.com.br\/fpbe\/wp-json\/wp\/v2\/types\/page"}],"author":[{"embeddable":true,"href":"https:\/\/portal.unisepe.com.br\/fpbe\/wp-json\/wp\/v2\/users\/6"}],"replies":[{"embeddable":true,"href":"https:\/\/portal.unisepe.com.br\/fpbe\/wp-json\/wp\/v2\/comments?post=2385"}],"version-history":[{"count":5,"href":"https:\/\/portal.unisepe.com.br\/fpbe\/wp-json\/wp\/v2\/pages\/2385\/revisions"}],"predecessor-version":[{"id":4474,"href":"https:\/\/portal.unisepe.com.br\/fpbe\/wp-json\/wp\/v2\/pages\/2385\/revisions\/4474"}],"up":[{"embeddable":true,"href":"https:\/\/portal.unisepe.com.br\/fpbe\/wp-json\/wp\/v2\/pages\/2367"}],"wp:attachment":[{"href":"https:\/\/portal.unisepe.com.br\/fpbe\/wp-json\/wp\/v2\/media?parent=2385"}],"wp:term":[{"taxonomy":"category","embeddable":true,"href":"https:\/\/portal.unisepe.com.br\/fpbe\/wp-json\/wp\/v2\/categories?post=2385"},{"taxonomy":"post_tag","embeddable":true,"href":"https:\/\/portal.unisepe.com.br\/fpbe\/wp-json\/wp\/v2\/tags?post=2385"}],"curies":[{"name":"wp","href":"https:\/\/api.w.org\/{rel}","templated":true}]}}