{"id":285,"date":"2016-07-09T00:51:13","date_gmt":"2016-07-09T00:51:13","guid":{"rendered":"http:\/\/www.fvr.edu.br\/fvr\/site\/?page_id=285"},"modified":"2024-07-16T18:27:48","modified_gmt":"2024-07-16T21:27:48","slug":"biblioteca","status":"publish","type":"page","link":"https:\/\/portal.unisepe.com.br\/fpbe\/biblioteca\/","title":{"rendered":"Biblioteca"},"content":{"rendered":"<p style=\"text-align: justify;line-height: 150%;background: white;vertical-align: baseline;margin: 9.0pt 0cm 9.0pt 0cm\"><span style=\"font-family: 'Arial',sans-serif;color: #373a3c\">A Biblioteca da Faculdade Peru\u00edbe tem por finalidade atender \u00e0s necessidades de informa\u00e7\u00e3o, estudo, pesquisa e extens\u00e3o de acad\u00eamicos, professores e funcion\u00e1rios.<\/span><\/p>\n<p style=\"text-align: justify;line-height: 150%;background: white;vertical-align: baseline;margin: 9.0pt 0cm 9.0pt 0cm\"><span style=\"font-family: 'Arial',sans-serif;color: #373a3c\">Totalmente informatizada de acordo com as normas de cataloga\u00e7\u00e3o AACR2 e a Classifica\u00e7\u00e3o Decimal Dewey. A \u00e1rea destinada a pesquisa possui computadores com acesso \u00e0 internet, cabines individuais de estudo, uma sala de apoio para reuni\u00f5es e trabalhos em grupo.<\/span><\/p>\n<p style=\"text-align: justify;line-height: 150%;background: white;vertical-align: baseline;margin: 9.0pt 0cm 9.0pt 0cm\"><span style=\"font-family: 'Arial',sans-serif;color: #373a3c\">O sistema de consulta tamb\u00e9m permite que os alunos e professores fa\u00e7am consultas online nos computadores. O servi\u00e7o garante mais agilidade na procura e sele\u00e7\u00e3o do material bibliogr\u00e1fico.<\/span><\/p>\n<p style=\"text-align: justify;line-height: 150%;background: white;vertical-align: baseline;margin: 9.0pt 0cm 9.0pt 0cm\"><span style=\"font-family: 'Arial',sans-serif;color: #373a3c\">Na biblioteca \u00e9 reservado computador com software de acessibilidade para usu\u00e1rios com necessidades especiais.<\/span><\/p>\n<p style=\"text-align: justify;line-height: 150%;background: white;vertical-align: baseline;margin: 9.0pt 0cm 9.0pt 0cm\"><span style=\"font-family: 'Arial',sans-serif;color: #373a3c\">A atualiza\u00e7\u00e3o dos t\u00edtulos \u00e9 sistem\u00e1tica e permanente, feita por indica\u00e7\u00e3o de alunos, professores e atendendo as exig\u00eancias do Minist\u00e9rio da Educa\u00e7\u00e3o.<\/span><\/p>\n<p style=\"text-align: justify;line-height: 150%;background: white;vertical-align: baseline;margin: 9.0pt 0cm 9.0pt 0cm\"><span style=\"font-family: 'Arial',sans-serif;color: #373a3c\">A biblioteca, \u00e9 muito procurada por estudantes e profissionais de toda regi\u00e3o, atende alunos e ex-alunos.<\/span><\/p>\n<p style=\"text-align: justify;line-height: 150%;background: white;vertical-align: baseline;margin: 9.0pt 0cm 9.0pt 0cm\"><span style=\"font-family: 'Arial',sans-serif;color: #373a3c\">A biblioteca proporciona sem d\u00favida o mais poderoso instrumento de cultura j\u00e1 concebido pelo homem. As informa\u00e7\u00f5es contidas nos livros s\u00e3o origin\u00e1rias das mentes privilegiadas de renomados autores. As m\u00e1quinas indispens\u00e1veis a difus\u00e3o de informa\u00e7\u00f5es. Os servi\u00e7os prestados s\u00e3o de grande valia para o ensino, colaborando para o grau de desenvolvimento intelectual dos alunos, a fim de proporcionar a liberdade do pensamento e a transforma\u00e7\u00e3o social de uma sociedade evolu\u00edda e aut\u00f4noma de hoje e do futuro.<\/span><\/p>\n<p>&nbsp;<\/p>\n<p><strong>\u00a0<\/strong><\/p>\n<p><strong>Hor\u00e1rios de funcionamento<\/strong><\/p>\n<p>&nbsp;<\/p>\n<table width=\"619\">\n<tbody>\n<tr>\n<td width=\"302\"><strong>Campus I<\/strong><\/td>\n<td width=\"264\"><\/td>\n<\/tr>\n<tr>\n<td width=\"302\">Segunda a Sexta-feira<\/p>\n<p>13h30 \u00e0s 17h30 \/ 18h30 \u00e0s 22h<\/td>\n<td width=\"264\"><\/td>\n<\/tr>\n<tr>\n<td width=\"302\">S\u00e1bados, das 8h \u00e0s 12h.<\/td>\n<td width=\"264\"><\/td>\n<\/tr>\n<tr>\n<td width=\"302\">Av. Darcy Fonseca, n\u00ba 530<\/td>\n<td width=\"264\"><\/td>\n<\/tr>\n<tr>\n<td width=\"302\">Bairro: Jardim dos Prados &#8211; Peru\u00edbe \/ SP<\/td>\n<td width=\"264\"><\/td>\n<\/tr>\n<tr>\n<td width=\"302\">Tel. WhatsApp:(13) 3456-2930<\/p>\n<p>Tel.\u00a0 3456-3055<\/td>\n<td width=\"264\"><\/td>\n<\/tr>\n<\/tbody>\n<\/table>\n<p>&nbsp;<\/p>\n","protected":false},"excerpt":{"rendered":"<p>A Biblioteca da Faculdade Peru\u00edbe tem por finalidade atender \u00e0s necessidades de informa\u00e7\u00e3o, estudo, pesquisa e extens\u00e3o de acad\u00eamicos, professores e funcion\u00e1rios. Totalmente informatizada de acordo com as normas de cataloga\u00e7\u00e3o AACR2 e a Classifica\u00e7\u00e3o Decimal Dewey. A \u00e1rea destinada a pesquisa possui computadores com acesso \u00e0 internet, cabines individuais<\/p>\n","protected":false},"author":6,"featured_media":0,"parent":0,"menu_order":0,"comment_status":"closed","ping_status":"closed","template":"templates\/template-pagina_menu_vertical.php","meta":{"footnotes":""},"categories":[],"tags":[],"class_list":["post-285","page","type-page","status-publish","hentry"],"_links":{"self":[{"href":"https:\/\/portal.unisepe.com.br\/fpbe\/wp-json\/wp\/v2\/pages\/285","targetHints":{"allow":["GET"]}}],"collection":[{"href":"https:\/\/portal.unisepe.com.br\/fpbe\/wp-json\/wp\/v2\/pages"}],"about":[{"href":"https:\/\/portal.unisepe.com.br\/fpbe\/wp-json\/wp\/v2\/types\/page"}],"author":[{"embeddable":true,"href":"https:\/\/portal.unisepe.com.br\/fpbe\/wp-json\/wp\/v2\/users\/6"}],"replies":[{"embeddable":true,"href":"https:\/\/portal.unisepe.com.br\/fpbe\/wp-json\/wp\/v2\/comments?post=285"}],"version-history":[{"count":13,"href":"https:\/\/portal.unisepe.com.br\/fpbe\/wp-json\/wp\/v2\/pages\/285\/revisions"}],"predecessor-version":[{"id":4918,"href":"https:\/\/portal.unisepe.com.br\/fpbe\/wp-json\/wp\/v2\/pages\/285\/revisions\/4918"}],"wp:attachment":[{"href":"https:\/\/portal.unisepe.com.br\/fpbe\/wp-json\/wp\/v2\/media?parent=285"}],"wp:term":[{"taxonomy":"category","embeddable":true,"href":"https:\/\/portal.unisepe.com.br\/fpbe\/wp-json\/wp\/v2\/categories?post=285"},{"taxonomy":"post_tag","embeddable":true,"href":"https:\/\/portal.unisepe.com.br\/fpbe\/wp-json\/wp\/v2\/tags?post=285"}],"curies":[{"name":"wp","href":"https:\/\/api.w.org\/{rel}","templated":true}]}}