{"id":2889,"date":"2019-03-12T20:41:58","date_gmt":"2019-03-12T23:41:58","guid":{"rendered":"http:\/\/portal.unisepe.com.br\/fpbe\/?page_id=2889"},"modified":"2019-03-12T20:42:33","modified_gmt":"2019-03-12T23:42:33","slug":"jornais","status":"publish","type":"page","link":"https:\/\/portal.unisepe.com.br\/fpbe\/biblioteca\/jornais\/","title":{"rendered":"Jornais"},"content":{"rendered":"<p><strong>Jornais do Brasil On-line<\/strong><\/p>\n<p>Jornal do Brasil<br \/>\n<a href=\"http:\/\/www.jb.com.br\/\">http:\/\/www.jb.com.br\/<\/a><\/p>\n<p>O Estado de S\u00e3o Paulo<br \/>\n<a href=\"http:\/\/www.estadao.com.br\/\">http:\/\/www.estadao.com.br\/<\/a><\/p>\n<p>O Globo<br \/>\n<a href=\"https:\/\/oglobo.globo.com\/Folha%20de%20S\u00e3o%20Paulo\">https:\/\/oglobo.globo.com\/Folha de S\u00e3o Paulo<\/a><\/p>\n<p>Folha de S\u00e3o Paulo<br \/>\n<a href=\"http:\/\/www1.folha.uol.com.br\/fsp\/\">http:\/\/www1.folha.uol.com.br\/fsp\/<\/a><\/p>\n<p>O Dia<br \/>\n<a href=\"http:\/\/www.jornalodiasp.com.br\/\">http:\/\/www.jornalodiasp.com.br\/<\/a><\/p>\n<p>&nbsp;<\/p>\n<p>BOLETIM OFICIAL PERU\u00cdBE<\/p>\n<p><a href=\"http:\/\/www.peruibe3.sp.gov.br\/boletim-oficial\/\">http:\/\/www.peruibe3.sp.gov.br\/boletim-oficial\/<\/a><\/p>\n<p>&nbsp;<\/p>\n<p>Correio Braziliense<br \/>\n<a href=\"http:\/\/www.correiobraziliense.com.br\/\">http:\/\/www.correiobraziliense.com.br\/<\/a><\/p>\n<p>Gazeta do Povo<br \/>\n<a href=\"http:\/\/www.gazetadopovo.com.br\/\">http:\/\/www.gazetadopovo.com.br\/<\/a><\/p>\n<p>Jornal do Com\u00e9rcio<br \/>\n<a href=\"http:\/\/jcrs.uol.com.br\/site\/\">http:\/\/jcrs.uol.com.br\/site\/<\/a><\/p>\n<p>&nbsp;<\/p>\n<p><strong>Jornais Internacionais<\/strong><\/p>\n<p>M\u00e9xico \u2013 El Universal<br \/>\n<a href=\"http:\/\/www.eluniversal.com.mx\/noticias.html\">http:\/\/www.eluniversal.com.mx\/noticias.html<\/a><\/p>\n<p>Argentina \u2013 Clar\u00edn<br \/>\n<a href=\"http:\/\/www.clarin.com\/\">http:\/\/www.clarin.com\/<\/a><\/p>\n<p>Argentina \u2013 Ol\u00e9<br \/>\n<a href=\"http:\/\/www.ole.com.ar\/\">http:\/\/www.ole.com.ar\/<\/a><\/p>\n<p>Peru \u2013 El Com\u00e9rcio<br \/>\n<a href=\"http:\/\/elcomercio.pe\/\">http:\/\/elcomercio.pe\/<\/a><\/p>\n<p>Venezuela \u2013 El Nacional<br \/>\n<a href=\"http:\/\/www.el-nacional.com\/\">http:\/\/www.el-nacional.com<\/a><\/p>\n<p>Colombia \u2013 El Tiempo<br \/>\n<a href=\"http:\/\/www.eltiempo.com\/\">http:\/\/www.eltiempo.com\/<\/a><\/p>\n<p>Chile \u2013 El Mercurio<br \/>\n<a href=\"http:\/\/www.emol.com\/\">http:\/\/www.emol.com<\/a><\/p>\n<p>Espanha \u2013 El Pais<br \/>\n<a href=\"http:\/\/www.elpais.com\/global\/\">http:\/\/www.elpais.com\/global\/<\/a><\/p>\n<p>Espanha \u2013 El Mundo<br \/>\n<a href=\"http:\/\/www.elmundo.es\/\">http:\/\/www.elmundo.es<\/a><\/p>\n<p>Espanha \u2013 Marca<br \/>\n<a href=\"http:\/\/www.marca.com\/\">http:\/\/www.marca.com\/<\/a><\/p>\n<p>Portugal \u2013 Diario de Noticias<br \/>\n<a href=\"http:\/\/www.dn.pt\/inicio\/default.aspx\">http:\/\/www.dn.pt\/inicio\/default.aspx<\/a><\/p>\n<p>Portugal \u2013 Correio da Manha<br \/>\n<a href=\"http:\/\/www.cmjornal.xl.pt\/\">http:\/\/www.cmjornal.xl.pt\/<\/a><\/p>\n<p>Portugal \u2013 Record<br \/>\n<a href=\"http:\/\/www.record.xl.pt\/\">http:\/\/www.record.xl.pt\/<\/a><\/p>\n<p>Portugal \u2013 A Bola<br \/>\n<a href=\"http:\/\/www.abola.pt\/\">http:\/\/www.abola.pt\/<\/a><\/p>\n<p>&nbsp;<\/p>\n<p><strong>Revistas Online<\/strong><\/p>\n<p><a href=\"http:\/\/veja.abril.com.br\/\">VEJA.com<\/a><\/p>\n<p><a href=\"http:\/\/revistaepoca.globo.com\/\">\u00c9POCA \u2013 Not\u00edcias e opini\u00e3o de Brasil, Mundo, Ci\u00eancia e Tecnologia<\/a><\/p>\n<p><a href=\"http:\/\/www.istoe.com.br\/\">ISTO\u00c9 Independente \u2013 a revista mais combativa do pa\u00eds<\/a><\/p>\n<p><a href=\"http:\/\/exame.abril.com.br\/\">Exame<\/a><\/p>\n<p><a href=\"http:\/\/vocesa.abril.com.br\/\">Voc\u00ea S\/A<\/a><\/p>\n<p><a href=\"http:\/\/revistavocerh.abril.com.br\/\">Revista Voc\u00ea RH<\/a><\/p>\n<p><a href=\"http:\/\/info.abril.com.br\/\">INFO Online \u2013 Not\u00edcias, reviews, downloads, dicas e f\u00f3runs<\/a><\/p>\n<p><a href=\"http:\/\/revistapegn.globo.com\/\">Pequenas Empresas &amp; Grandes Neg\u00f3cios \u2013 Empreendedorismo<\/a><\/p>\n<p><a href=\"http:\/\/nova.abril.com.br\/\">NOVA \u2013 Cosmopolitan<\/a><\/p>\n<p><a href=\"http:\/\/www.revistacasanova.com\/\">Revista Casa Nova<\/a><\/p>\n<p>&nbsp;<\/p>\n","protected":false},"excerpt":{"rendered":"<p>Jornais do Brasil On-line Jornal do Brasil http:\/\/www.jb.com.br\/ O Estado de S\u00e3o Paulo http:\/\/www.estadao.com.br\/ O Globo https:\/\/oglobo.globo.com\/Folha de S\u00e3o Paulo Folha de S\u00e3o Paulo http:\/\/www1.folha.uol.com.br\/fsp\/ O Dia http:\/\/www.jornalodiasp.com.br\/ &nbsp; BOLETIM OFICIAL PERU\u00cdBE http:\/\/www.peruibe3.sp.gov.br\/boletim-oficial\/ &nbsp; Correio Braziliense http:\/\/www.correiobraziliense.com.br\/ Gazeta do Povo http:\/\/www.gazetadopovo.com.br\/ Jornal do Com\u00e9rcio http:\/\/jcrs.uol.com.br\/site\/ &nbsp; Jornais Internacionais M\u00e9xico \u2013<\/p>\n","protected":false},"author":6,"featured_media":0,"parent":285,"menu_order":0,"comment_status":"closed","ping_status":"closed","template":"templates\/template-curso_menu_vertical.php","meta":{"footnotes":""},"categories":[],"tags":[],"class_list":["post-2889","page","type-page","status-publish","hentry"],"_links":{"self":[{"href":"https:\/\/portal.unisepe.com.br\/fpbe\/wp-json\/wp\/v2\/pages\/2889","targetHints":{"allow":["GET"]}}],"collection":[{"href":"https:\/\/portal.unisepe.com.br\/fpbe\/wp-json\/wp\/v2\/pages"}],"about":[{"href":"https:\/\/portal.unisepe.com.br\/fpbe\/wp-json\/wp\/v2\/types\/page"}],"author":[{"embeddable":true,"href":"https:\/\/portal.unisepe.com.br\/fpbe\/wp-json\/wp\/v2\/users\/6"}],"replies":[{"embeddable":true,"href":"https:\/\/portal.unisepe.com.br\/fpbe\/wp-json\/wp\/v2\/comments?post=2889"}],"version-history":[{"count":1,"href":"https:\/\/portal.unisepe.com.br\/fpbe\/wp-json\/wp\/v2\/pages\/2889\/revisions"}],"predecessor-version":[{"id":2890,"href":"https:\/\/portal.unisepe.com.br\/fpbe\/wp-json\/wp\/v2\/pages\/2889\/revisions\/2890"}],"up":[{"embeddable":true,"href":"https:\/\/portal.unisepe.com.br\/fpbe\/wp-json\/wp\/v2\/pages\/285"}],"wp:attachment":[{"href":"https:\/\/portal.unisepe.com.br\/fpbe\/wp-json\/wp\/v2\/media?parent=2889"}],"wp:term":[{"taxonomy":"category","embeddable":true,"href":"https:\/\/portal.unisepe.com.br\/fpbe\/wp-json\/wp\/v2\/categories?post=2889"},{"taxonomy":"post_tag","embeddable":true,"href":"https:\/\/portal.unisepe.com.br\/fpbe\/wp-json\/wp\/v2\/tags?post=2889"}],"curies":[{"name":"wp","href":"https:\/\/api.w.org\/{rel}","templated":true}]}}