{"id":291,"date":"2016-07-09T00:55:10","date_gmt":"2016-07-09T00:55:10","guid":{"rendered":"http:\/\/www.fvr.edu.br\/fvr\/site\/?page_id=291"},"modified":"2024-04-22T20:52:21","modified_gmt":"2024-04-22T23:52:21","slug":"infraestrutura","status":"publish","type":"page","link":"https:\/\/portal.unisepe.com.br\/fpbe\/a-instituicao\/infraestrutura\/","title":{"rendered":"Infraestrutura"},"content":{"rendered":"<ul>\n<li><a href=\"https:\/\/portal.unisepe.com.br\/fpbe\/wp-content\/uploads\/sites\/10008\/2024\/04\/Laborat\u00f3rio-de-Inform\u00e1tica.pdf\">Laborat\u00f3rio de Inform\u00e1tica<\/a><\/li>\n<li><a href=\"https:\/\/portal.unisepe.com.br\/fpbe\/wp-content\/uploads\/sites\/10008\/2024\/04\/Laborat\u00f3rio-de-Anatomofisiologia-e-Microscopia.pdf\">Laborat\u00f3rio de Anatomofisiologia e Microscopia<\/a><\/li>\n<li><a href=\"https:\/\/portal.unisepe.com.br\/fpbe\/wp-content\/uploads\/sites\/10008\/2024\/04\/Laborat\u00f3rio-de-Enfermagem.pdf\">Laborat\u00f3rio de Enfermagem<\/a><\/li>\n<li><a href=\"https:\/\/portal.unisepe.com.br\/fpbe\/wp-content\/uploads\/sites\/10008\/2024\/04\/Laborat\u00f3rio-de-Mecanoterapia-e-Cinesioterapia.pdf\">Laborat\u00f3rio de Mecanoterapia e Cinesioterapia<\/a><\/li>\n<li><a href=\"https:\/\/portal.unisepe.com.br\/fpbe\/wp-content\/uploads\/sites\/10008\/2024\/04\/Laborat\u00f3rio-de-Eletrotermofototerapia-e-Avalia\u00e7\u00e3o.pdf\">Laborat\u00f3rio de Eletrotermofototerapia e Avalia\u00e7\u00e3o<\/a><\/li>\n<li><a href=\"https:\/\/portal.unisepe.com.br\/fpbe\/wp-content\/uploads\/sites\/10008\/2024\/04\/Policlinica-Iesep-1.pdf\">Policlinica Iesep<\/a><\/li>\n<\/ul>\n","protected":false},"excerpt":{"rendered":"<p>Laborat\u00f3rio de Inform\u00e1tica Laborat\u00f3rio de Anatomofisiologia e Microscopia Laborat\u00f3rio de Enfermagem Laborat\u00f3rio de Mecanoterapia e Cinesioterapia Laborat\u00f3rio de Eletrotermofototerapia e Avalia\u00e7\u00e3o Policlinica Iesep<\/p>\n","protected":false},"author":6,"featured_media":0,"parent":81,"menu_order":0,"comment_status":"closed","ping_status":"closed","template":"templates\/template-pagina_menu_vertical.php","meta":{"footnotes":""},"categories":[],"tags":[],"class_list":["post-291","page","type-page","status-publish","hentry"],"_links":{"self":[{"href":"https:\/\/portal.unisepe.com.br\/fpbe\/wp-json\/wp\/v2\/pages\/291","targetHints":{"allow":["GET"]}}],"collection":[{"href":"https:\/\/portal.unisepe.com.br\/fpbe\/wp-json\/wp\/v2\/pages"}],"about":[{"href":"https:\/\/portal.unisepe.com.br\/fpbe\/wp-json\/wp\/v2\/types\/page"}],"author":[{"embeddable":true,"href":"https:\/\/portal.unisepe.com.br\/fpbe\/wp-json\/wp\/v2\/users\/6"}],"replies":[{"embeddable":true,"href":"https:\/\/portal.unisepe.com.br\/fpbe\/wp-json\/wp\/v2\/comments?post=291"}],"version-history":[{"count":10,"href":"https:\/\/portal.unisepe.com.br\/fpbe\/wp-json\/wp\/v2\/pages\/291\/revisions"}],"predecessor-version":[{"id":4775,"href":"https:\/\/portal.unisepe.com.br\/fpbe\/wp-json\/wp\/v2\/pages\/291\/revisions\/4775"}],"up":[{"embeddable":true,"href":"https:\/\/portal.unisepe.com.br\/fpbe\/wp-json\/wp\/v2\/pages\/81"}],"wp:attachment":[{"href":"https:\/\/portal.unisepe.com.br\/fpbe\/wp-json\/wp\/v2\/media?parent=291"}],"wp:term":[{"taxonomy":"category","embeddable":true,"href":"https:\/\/portal.unisepe.com.br\/fpbe\/wp-json\/wp\/v2\/categories?post=291"},{"taxonomy":"post_tag","embeddable":true,"href":"https:\/\/portal.unisepe.com.br\/fpbe\/wp-json\/wp\/v2\/tags?post=291"}],"curies":[{"name":"wp","href":"https:\/\/api.w.org\/{rel}","templated":true}]}}