{"id":3099,"date":"2019-12-27T13:10:08","date_gmt":"2019-12-27T16:10:08","guid":{"rendered":"http:\/\/portal.unisepe.com.br\/fpbe\/?page_id=3099"},"modified":"2024-10-23T09:55:22","modified_gmt":"2024-10-23T12:55:22","slug":"pos-graduacao","status":"publish","type":"page","link":"https:\/\/portal.unisepe.com.br\/fpbe\/pos-graduacao\/","title":{"rendered":"P\u00f3s Gradua\u00e7\u00e3o"},"content":{"rendered":"<p style=\"text-align: justify;\"><span>A\u00a0p\u00f3s-gradua\u00e7\u00e3o\u00a0\u00e9 um curso superior destinado aos indiv\u00edduos que j\u00e1 possuem diploma universit\u00e1rio, podendo ser: bacharelado, licenciatura, tecn\u00f3logo. Em 1965, no Brasil, foi aprovado pelo Conselho Federal de Educa\u00e7\u00e3o o parecer Newton Sucupira, que dividiu em dois n\u00edveis os cursos de p\u00f3s-gradua\u00e7\u00e3o:\u00a0<\/span><em>lato sensu<\/em><span>\u00a0e\u00a0<\/span><em>stricto sensu<\/em><span>.<\/span><\/p>\n<div class=\"text-justify\">\n<p style=\"text-align: justify;\">Dentro do agrupamento dos cursos da modalidade\u00a0<em>lato sensu<\/em>\u00a0est\u00e3o: os cursos de\u00a0<a href=\"https:\/\/www.infoescola.com\/educacao\/especializacao\/\">especializa\u00e7\u00e3o<\/a>, voltados \u00e0 atua\u00e7\u00e3o profissional em uma \u00e1rea espec\u00edfica. Outro curso de aperfei\u00e7oamento que existe no Brasil, \u00e9 o MBA (<em>Master in Business Administration<\/em>), que traduzido para o portugu\u00eas, significa Mestre em Administra\u00e7\u00e3o de Empresas, mas no nosso pa\u00eds, n\u00e3o equivale a um curso de Mestrado. Normalmente os cursos de especializa\u00e7\u00e3o nessa modalidade apresenta uma carga m\u00ednima de 360 horas, levando em torno de um ano a dois anos para ser conclu\u00eddo.<\/p>\n<p>GARCIA, Fabio Gallo; J\u00daNIOR, Willian Eid. \u201cComo planejar a educa\u00e7\u00e3o \u2013 seu guia de projetos para o futuro\u201d. Publifolha, 2001.<br \/>\nPORTAL DA CAPES: http:\/\/www.capes.gov.br\/sobre-a-capes\/historia-e-missao<\/p>\n<\/div>\n<p>&nbsp;<\/p>\n<p>Cursos:<\/p>\n<ul>\n<li>\nP\u00d3S GRADUA\u00c7\u00c3O EM DOC\u00caNCIA DO ENSINO SUPERIOR &#8211; <a href=\"https:\/\/portal.unisepe.com.br\/unisepe\/pos\/pos-graduacao-em-docencia-do-ensino-superior?edital=46908\" class=\"btn btn-success\">Fazer inscri\u00e7\u00e3o!<\/a><\/li>\n<\/ul>\n<p>&nbsp;<\/p>\n","protected":false},"excerpt":{"rendered":"<p>A\u00a0p\u00f3s-gradua\u00e7\u00e3o\u00a0\u00e9 um curso superior destinado aos indiv\u00edduos que j\u00e1 possuem diploma universit\u00e1rio, podendo ser: bacharelado, licenciatura, tecn\u00f3logo. Em 1965, no Brasil, foi aprovado pelo Conselho Federal de Educa\u00e7\u00e3o o parecer Newton Sucupira, que dividiu em dois n\u00edveis os cursos de p\u00f3s-gradua\u00e7\u00e3o:\u00a0lato sensu\u00a0e\u00a0stricto sensu. Dentro do agrupamento dos cursos da modalidade\u00a0lato<\/p>\n","protected":false},"author":6,"featured_media":0,"parent":0,"menu_order":0,"comment_status":"closed","ping_status":"closed","template":"templates\/template-fullwidth.php","meta":{"footnotes":""},"categories":[],"tags":[],"class_list":["post-3099","page","type-page","status-publish","hentry"],"_links":{"self":[{"href":"https:\/\/portal.unisepe.com.br\/fpbe\/wp-json\/wp\/v2\/pages\/3099","targetHints":{"allow":["GET"]}}],"collection":[{"href":"https:\/\/portal.unisepe.com.br\/fpbe\/wp-json\/wp\/v2\/pages"}],"about":[{"href":"https:\/\/portal.unisepe.com.br\/fpbe\/wp-json\/wp\/v2\/types\/page"}],"author":[{"embeddable":true,"href":"https:\/\/portal.unisepe.com.br\/fpbe\/wp-json\/wp\/v2\/users\/6"}],"replies":[{"embeddable":true,"href":"https:\/\/portal.unisepe.com.br\/fpbe\/wp-json\/wp\/v2\/comments?post=3099"}],"version-history":[{"count":27,"href":"https:\/\/portal.unisepe.com.br\/fpbe\/wp-json\/wp\/v2\/pages\/3099\/revisions"}],"predecessor-version":[{"id":4969,"href":"https:\/\/portal.unisepe.com.br\/fpbe\/wp-json\/wp\/v2\/pages\/3099\/revisions\/4969"}],"wp:attachment":[{"href":"https:\/\/portal.unisepe.com.br\/fpbe\/wp-json\/wp\/v2\/media?parent=3099"}],"wp:term":[{"taxonomy":"category","embeddable":true,"href":"https:\/\/portal.unisepe.com.br\/fpbe\/wp-json\/wp\/v2\/categories?post=3099"},{"taxonomy":"post_tag","embeddable":true,"href":"https:\/\/portal.unisepe.com.br\/fpbe\/wp-json\/wp\/v2\/tags?post=3099"}],"curies":[{"name":"wp","href":"https:\/\/api.w.org\/{rel}","templated":true}]}}