{"id":3167,"date":"2019-12-27T16:58:13","date_gmt":"2019-12-27T19:58:13","guid":{"rendered":"http:\/\/portal.unisepe.com.br\/fpbe\/?page_id=3167"},"modified":"2019-12-27T16:59:00","modified_gmt":"2019-12-27T19:59:00","slug":"atos-legais-2","status":"publish","type":"page","link":"https:\/\/portal.unisepe.com.br\/fpbe\/fisioterapia\/atos-legais-2\/","title":{"rendered":"Atos Legais"},"content":{"rendered":"<table cellspacing=\"0\" border=\"0\" cellpadding=\"3\" width=\"100%\">\n<tbody>\n<tr valign=\"middle\" class=\"avalLinhaCampos\">\n<td class=\"subline2 avalTituloCampos\"><strong>Ato Regulat\u00f3rio:<\/strong><\/td>\n<td class=\"subline2\">Autoriza\u00e7\u00e3o<\/td>\n<\/tr>\n<tr valign=\"middle\" class=\"avalLinhaCampos\">\n<td class=\"subline2 avalTituloCampos\"><strong>Tipo de documento:<\/strong><\/td>\n<td class=\"subline2\">Portaria<\/td>\n<td class=\"subline2 avalTituloCampos\">No. Documento:<\/td>\n<td class=\"subline2\">209<\/td>\n<\/tr>\n<tr valign=\"middle\" class=\"avalLinhaCampos\">\n<td class=\"subline2 avalTituloCampos\"><strong>Data do Documento:<\/strong><\/td>\n<td class=\"subline2\">29\/04\/2019<\/td>\n<td class=\"subline2 avalTituloCampos\">Data de Publica\u00e7\u00e3o :<\/td>\n<td class=\"subline2\">30\/04\/2019<\/td>\n<\/tr>\n<tr valign=\"middle\" class=\"avalLinhaCampos\">\n<td class=\"subline2 avalTituloCampos\"><strong>Prazo de validade:<\/strong><\/td>\n<td class=\"subline2\"><em>Art. 35 Decreto 5.773\/06 (Reda\u00e7\u00e3o dada pelo Art. 2 Decreto 6.303\/07)<\/em><\/td>\n<\/tr>\n<\/tbody>\n<\/table>\n","protected":false},"excerpt":{"rendered":"<p>Ato Regulat\u00f3rio: Autoriza\u00e7\u00e3o Tipo de documento: Portaria No. Documento: 209 Data do Documento: 29\/04\/2019 Data de Publica\u00e7\u00e3o : 30\/04\/2019 Prazo de validade: Art. 35 Decreto 5.773\/06 (Reda\u00e7\u00e3o dada pelo Art. 2 Decreto 6.303\/07)<\/p>\n","protected":false},"author":6,"featured_media":0,"parent":417,"menu_order":0,"comment_status":"closed","ping_status":"closed","template":"","meta":{"footnotes":""},"categories":[],"tags":[],"class_list":["post-3167","page","type-page","status-publish","hentry"],"_links":{"self":[{"href":"https:\/\/portal.unisepe.com.br\/fpbe\/wp-json\/wp\/v2\/pages\/3167","targetHints":{"allow":["GET"]}}],"collection":[{"href":"https:\/\/portal.unisepe.com.br\/fpbe\/wp-json\/wp\/v2\/pages"}],"about":[{"href":"https:\/\/portal.unisepe.com.br\/fpbe\/wp-json\/wp\/v2\/types\/page"}],"author":[{"embeddable":true,"href":"https:\/\/portal.unisepe.com.br\/fpbe\/wp-json\/wp\/v2\/users\/6"}],"replies":[{"embeddable":true,"href":"https:\/\/portal.unisepe.com.br\/fpbe\/wp-json\/wp\/v2\/comments?post=3167"}],"version-history":[{"count":4,"href":"https:\/\/portal.unisepe.com.br\/fpbe\/wp-json\/wp\/v2\/pages\/3167\/revisions"}],"predecessor-version":[{"id":3172,"href":"https:\/\/portal.unisepe.com.br\/fpbe\/wp-json\/wp\/v2\/pages\/3167\/revisions\/3172"}],"up":[{"embeddable":true,"href":"https:\/\/portal.unisepe.com.br\/fpbe\/wp-json\/wp\/v2\/pages\/417"}],"wp:attachment":[{"href":"https:\/\/portal.unisepe.com.br\/fpbe\/wp-json\/wp\/v2\/media?parent=3167"}],"wp:term":[{"taxonomy":"category","embeddable":true,"href":"https:\/\/portal.unisepe.com.br\/fpbe\/wp-json\/wp\/v2\/categories?post=3167"},{"taxonomy":"post_tag","embeddable":true,"href":"https:\/\/portal.unisepe.com.br\/fpbe\/wp-json\/wp\/v2\/tags?post=3167"}],"curies":[{"name":"wp","href":"https:\/\/api.w.org\/{rel}","templated":true}]}}