{"id":3273,"date":"2020-03-05T19:25:34","date_gmt":"2020-03-05T22:25:34","guid":{"rendered":"http:\/\/portal.unisepe.com.br\/fpbe\/?page_id=3273"},"modified":"2024-08-19T15:45:41","modified_gmt":"2024-08-19T18:45:41","slug":"acervo","status":"publish","type":"page","link":"https:\/\/portal.unisepe.com.br\/fpbe\/biblioteca\/acervo\/","title":{"rendered":"Acervo"},"content":{"rendered":"<p><strong>Acervo<\/strong><\/p>\n<p style=\"text-align: justify;line-height: 150%;background: white;vertical-align: baseline;margin: 9.0pt 0cm 9.0pt 0cm\"><span style=\"font-family: 'Arial',sans-serif;color: #373a3c\">O acervo da Biblioteca Peru\u00edbe \u00e9 composto por aproximadamente 18 mil exemplares nas diversas \u00e1reas dos cursos oferecidos, al\u00e9m das bases de dados, abrangendo todas as \u00e1reas abordadas pela UNISEPE.<\/span><\/p>\n<p style=\"text-align: justify;line-height: 150%;background: white;vertical-align: baseline;margin: 9.0pt 0cm 9.0pt 0cm\"><span style=\"font-family: 'Arial',sans-serif;color: #373a3c\">\u00c9 poss\u00edvel pesquisar o acervo f\u00edsico ou digital atrav\u00e9s de v\u00e1rios canais, a come\u00e7ar pelo cat\u00e1logo on-line no site da Faculdade. A Biblioteca disponibiliza tamb\u00e9m o acesso aos Peri\u00f3dicos de acesso livre e Revistas Eletr\u00f4nicas Institucionais, itens produzidos pelo Grupo UNISEPE.<\/span><\/p>\n<p style=\"text-align: justify;line-height: 150%;background: white;vertical-align: baseline;margin: 9.0pt 0cm 9.0pt 0cm\"><span style=\"font-family: 'Arial',sans-serif;color: #373a3c\">A Biblioteca hoje conta com 2 plataformas de Acervo Digital, os alunos fazem acesso direto pelo Portal do Acad\u00eamico.<\/span><\/p>\n<p style=\"text-align: justify;line-height: 150%;background: white;vertical-align: baseline;margin: 9.0pt 0cm 9.0pt 0cm\"><span style=\"font-family: 'Arial',sans-serif;color: #373a3c\">A pesquisa pode ser realizada tanto em terminais da rede local como pela internet, via computadores ou via dispositivos m\u00f3veis como tablets e celulares.<\/span><\/p>\n<p style=\"text-align: justify;line-height: 150%;background: white;vertical-align: baseline;margin: 9.0pt 0cm 9.0pt 0cm\"><span style=\"font-family: 'Arial',sans-serif;color: #373a3c\">O empr\u00e9stimo das cole\u00e7\u00f5es did\u00e1ticas \u00e9 exclusivo para a comunidade acad\u00eamica.<\/span><\/p>\n<p style=\"margin: 0cm;margin-bottom: .0001pt;text-align: justify;line-height: 150%;background: white;vertical-align: baseline\"><span style=\"font-family: 'Arial',sans-serif;color: #373a3c\">A Biblioteca da Faculdade Peru\u00edbe de car\u00e1ter universit\u00e1rio e tem como objetivo contribuir para a capacita\u00e7\u00e3o do estudante e para a forma\u00e7\u00e3o cont\u00ednua dos professores. Constitui-se em interface entre o usu\u00e1rio e a informa\u00e7\u00e3o usando os recursos inform\u00e1ticos e os princ\u00edpios de pesquisa bibliogr\u00e1fica, otimizando a busca e a recupera\u00e7\u00e3o da informa\u00e7\u00e3o influindo no desempenho da comunidade acad\u00eamica contribuindo com novas produ\u00e7\u00f5es do conhecimento com apoio das normas documentais.<\/span><\/p>\n<p style=\"margin: 0cm;margin-bottom: .0001pt;text-align: justify;line-height: 150%;background: white;vertical-align: baseline\"><span style=\"font-family: 'Arial',sans-serif;color: #373a3c\">Discrimina-se no quadro abaixo o acervo da biblioteca por \u00e1rea de conhecimento, tomando como base a classifica\u00e7\u00e3o Decimal de Dewey \u2013 CDD.<\/span><\/p>\n<table border=\"1\" width=\"699\" cellspacing=\"0\" cellpadding=\"0\">\n<tbody>\n<tr>\n<td align=\"center\" valign=\"top\" width=\"250\" height=\"5\"><strong>\u00c1reas<\/strong><\/td>\n<td align=\"center\" valign=\"top\" width=\"180\" height=\"5\"><strong>N.\u00ba T\u00edtulos<\/strong><\/td>\n<td align=\"center\" valign=\"top\" width=\"171\" height=\"5\"><strong>N.\u00ba Exemplares<\/strong><\/td>\n<\/tr>\n<tr>\n<td valign=\"top\" width=\"250\" height=\"5\">\u00a0Ci\u00eancias Exatas e da Terra<\/td>\n<td align=\"center\" valign=\"top\" height=\"5\">189<\/td>\n<td align=\"center\" valign=\"top\" height=\"5\">892<\/td>\n<\/tr>\n<tr>\n<td valign=\"top\" width=\"250\" height=\"5\">\u00a0Ci\u00eancias Biol\u00f3gicas<\/td>\n<td align=\"center\" valign=\"top\" height=\"5\">76<\/td>\n<td align=\"center\" valign=\"top\" height=\"5\">484<\/td>\n<\/tr>\n<tr>\n<td valign=\"top\" width=\"250\" height=\"5\">\u00a0Ci\u00eancias da Sa\u00fade<\/td>\n<td align=\"center\" valign=\"top\" height=\"5\">974<\/td>\n<td align=\"center\" valign=\"top\" height=\"5\">4304<\/td>\n<\/tr>\n<tr>\n<td valign=\"top\" width=\"250\" height=\"5\">\u00a0Ci\u00eancias Sociais Aplicadas<\/td>\n<td align=\"center\" valign=\"top\" height=\"5\">1.702<\/td>\n<td align=\"center\" valign=\"top\" height=\"5\">8629<\/td>\n<\/tr>\n<tr>\n<td valign=\"top\" width=\"250\" height=\"5\">\u00a0Ci\u00eancias Humanas<\/td>\n<td align=\"center\" valign=\"top\" width=\"180\" height=\"5\">1.305<\/td>\n<td align=\"center\" valign=\"top\" width=\"171\" height=\"5\">3.510<\/td>\n<\/tr>\n<tr>\n<td valign=\"top\" width=\"250\" height=\"5\">\u00a0Ling\u00fc\u00edstica, Letras e Artes<\/td>\n<td align=\"center\" valign=\"top\" height=\"5\">398<\/td>\n<td align=\"center\" valign=\"top\" height=\"5\">909<\/td>\n<\/tr>\n<tr>\n<td valign=\"top\" width=\"250\" height=\"5\">\u00a0Engenharias<\/td>\n<td align=\"center\" valign=\"top\" height=\"5\">10<\/td>\n<td align=\"center\" valign=\"top\" height=\"5\">86<\/td>\n<\/tr>\n<tr>\n<td valign=\"top\" width=\"250\" height=\"5\">\u00a0Ci\u00eancias Agr\u00e1rias<\/td>\n<td align=\"center\" valign=\"top\" height=\"5\">4<\/td>\n<td align=\"center\" valign=\"top\" height=\"5\">20<\/td>\n<\/tr>\n<tr>\n<td align=\"center\" valign=\"top\" width=\"250\" height=\"5\"><strong>Total<\/strong><\/td>\n<td align=\"center\" valign=\"top\" width=\"180\" height=\"5\"><strong>4658<\/strong><\/td>\n<td align=\"center\" valign=\"top\" width=\"171\" height=\"5\"><strong>18834<\/strong><\/td>\n<\/tr>\n<\/tbody>\n<\/table>\n<p>&nbsp;<\/p>\n<p>&nbsp;<\/p>\n<p>&nbsp;<\/p>\n<table>\n<tbody>\n<tr>\n<td align=\"center\" valign=\"top\" width=\"250\" height=\"5\" style=\"text-align: left\"><strong>Peri\u00f3dicos<\/strong><\/td>\n<td align=\"center\" valign=\"top\" width=\"180\" height=\"5\" style=\"text-align: center\"><strong>N.\u00ba T\u00edtulos<\/strong><\/td>\n<td align=\"center\" valign=\"top\" width=\"171\" height=\"5\" style=\"text-align: center\"><strong>N.\u00ba Exemplares<\/strong><\/td>\n<\/tr>\n<tr>\n<td align=\"center\" valign=\"top\" width=\"250\" height=\"5\" style=\"text-align: center\">&#8211;<\/td>\n<td align=\"center\" valign=\"top\" width=\"250\" height=\"5\" style=\"text-align: center\">&#8211;<\/td>\n<td align=\"center\" valign=\"top\" width=\"250\" height=\"5\" style=\"text-align: center\">&#8211;<\/td>\n<\/tr>\n<tr>\n<td align=\"center\" valign=\"top\" width=\"250\" height=\"5\" style=\"text-align: left\"><strong>CD-ROM<\/strong><\/td>\n<\/tr>\n<tr>\n<td align=\"center\" valign=\"top\" width=\"250\" height=\"5\" style=\"text-align: left\">Ci\u00eancias da Sa\u00fade<\/td>\n<td align=\"center\" valign=\"top\" width=\"250\" height=\"5\" style=\"text-align: center\">1<\/td>\n<td align=\"center\" valign=\"top\" width=\"250\" height=\"5\" style=\"text-align: center\">2<\/td>\n<\/tr>\n<tr>\n<td align=\"center\" valign=\"top\" width=\"250\" height=\"5\" style=\"text-align: left\"><strong>Total \/ Biblioteca UNISEPE &#8211; Peru\u00edbe<\/strong><\/td>\n<td align=\"center\" valign=\"top\" width=\"250\" height=\"5\" style=\"text-align: center\"><strong>4660<\/strong><\/td>\n<td align=\"center\" valign=\"top\" width=\"250\" height=\"5\" style=\"text-align: center\"><strong>18839<\/strong><\/td>\n<\/tr>\n<\/tbody>\n<\/table>\n<p>&nbsp;<\/p>\n<p>&nbsp;<\/p>\n","protected":false},"excerpt":{"rendered":"<p>Acervo O acervo da Biblioteca Peru\u00edbe \u00e9 composto por aproximadamente 18 mil exemplares nas diversas \u00e1reas dos cursos oferecidos, al\u00e9m das bases de dados, abrangendo todas as \u00e1reas abordadas pela UNISEPE. \u00c9 poss\u00edvel pesquisar o acervo f\u00edsico ou digital atrav\u00e9s de v\u00e1rios canais, a come\u00e7ar pelo cat\u00e1logo on-line no site<\/p>\n","protected":false},"author":6,"featured_media":0,"parent":285,"menu_order":0,"comment_status":"closed","ping_status":"closed","template":"templates\/template-curso_menu_vertical.php","meta":{"footnotes":""},"categories":[],"tags":[],"class_list":["post-3273","page","type-page","status-publish","hentry"],"_links":{"self":[{"href":"https:\/\/portal.unisepe.com.br\/fpbe\/wp-json\/wp\/v2\/pages\/3273","targetHints":{"allow":["GET"]}}],"collection":[{"href":"https:\/\/portal.unisepe.com.br\/fpbe\/wp-json\/wp\/v2\/pages"}],"about":[{"href":"https:\/\/portal.unisepe.com.br\/fpbe\/wp-json\/wp\/v2\/types\/page"}],"author":[{"embeddable":true,"href":"https:\/\/portal.unisepe.com.br\/fpbe\/wp-json\/wp\/v2\/users\/6"}],"replies":[{"embeddable":true,"href":"https:\/\/portal.unisepe.com.br\/fpbe\/wp-json\/wp\/v2\/comments?post=3273"}],"version-history":[{"count":12,"href":"https:\/\/portal.unisepe.com.br\/fpbe\/wp-json\/wp\/v2\/pages\/3273\/revisions"}],"predecessor-version":[{"id":4924,"href":"https:\/\/portal.unisepe.com.br\/fpbe\/wp-json\/wp\/v2\/pages\/3273\/revisions\/4924"}],"up":[{"embeddable":true,"href":"https:\/\/portal.unisepe.com.br\/fpbe\/wp-json\/wp\/v2\/pages\/285"}],"wp:attachment":[{"href":"https:\/\/portal.unisepe.com.br\/fpbe\/wp-json\/wp\/v2\/media?parent=3273"}],"wp:term":[{"taxonomy":"category","embeddable":true,"href":"https:\/\/portal.unisepe.com.br\/fpbe\/wp-json\/wp\/v2\/categories?post=3273"},{"taxonomy":"post_tag","embeddable":true,"href":"https:\/\/portal.unisepe.com.br\/fpbe\/wp-json\/wp\/v2\/tags?post=3273"}],"curies":[{"name":"wp","href":"https:\/\/api.w.org\/{rel}","templated":true}]}}