{"id":3278,"date":"2020-03-05T19:31:51","date_gmt":"2020-03-05T22:31:51","guid":{"rendered":"http:\/\/portal.unisepe.com.br\/fpbe\/?page_id=3278"},"modified":"2024-07-16T18:28:25","modified_gmt":"2024-07-16T21:28:25","slug":"doacoes","status":"publish","type":"page","link":"https:\/\/portal.unisepe.com.br\/fpbe\/biblioteca\/doacoes\/","title":{"rendered":"Doa\u00e7\u00f5es"},"content":{"rendered":"<p>A Biblioteca FPbe est\u00e1 recebendo doa\u00e7\u00f5es de materiais bibliogr\u00e1ficos.<\/p>\n<p>Veja abaixo como fazer sua doa\u00e7\u00e3o:<\/p>\n<p><strong>\u00a0<\/strong><\/p>\n<p><strong>Crit\u00e9rios de doa\u00e7\u00e3o<\/strong><\/p>\n<p>Apresenta\u00e7\u00e3o pr\u00e9via \u00e0 Biblioteca FPbe da listagem dos livros as serem doados, onde constem:<\/p>\n<ul>\n<li>T\u00edtulo do livro;<\/li>\n<li>Nome do(s) autor(es);<\/li>\n<li>Ano de Publica\u00e7\u00e3o.<\/li>\n<\/ul>\n<p>&nbsp;<\/p>\n<p><strong>Crit\u00e9rios utilizados para recebimento de doa\u00e7\u00f5es<\/strong><\/p>\n<p><strong>\u00a0<\/strong><\/p>\n<p><strong>Materiais que apresentarem tais caracter\u00edsticas, abaixo, n\u00e3o ser\u00e3o aceitos:<\/strong><\/p>\n<p>-Quando danificados ou em mau estado de conserva\u00e7\u00e3o;<\/p>\n<p>-Quando forem fotoc\u00f3pias;<\/p>\n<p>-Volumes de cole\u00e7\u00f5es descontinuadas;<\/p>\n<p>-Idioma pouco acess\u00edvel;<\/p>\n<p>-Desatualizado;<\/p>\n<p>-Livros did\u00e1ticos de ensino fundamental\/m\u00e9dio, apostilas de cursinho e<\/p>\n<p>concursos desatualizados;<\/p>\n<p>-Enciclop\u00e9dia desatualizada;<\/p>\n<p>-Dicion\u00e1rios desatualizados.<\/p>\n<p><strong>\u00a0<\/strong><\/p>\n<p><strong><a href=\"http:\/\/portal.unisepe.com.br\/fpbe\/wp-content\/uploads\/sites\/10008\/2020\/03\/Lista-de-Materiais-de-Doa\u00e7\u00e3o-para-An\u00e1lise.doc\">\u2022LISTA DE MATERIAIS DE DOA\u00c7\u00c3O PARA AN\u00c1LISE<\/a>\u00a0<\/strong><\/p>\n<p><a href=\"http:\/\/portal.unisepe.com.br\/fpbe\/wp-content\/uploads\/sites\/10008\/2020\/03\/Termo-de-Doa\u00e7\u00e3o-de-Livros.doc\"><strong>\u2022TERMO DE DOA\u00c7\u00c3O DE MATERIAL BIBLIOGR\u00c1FICO<\/strong><\/a><\/p>\n<p><strong>\u00a0<\/strong><\/p>\n<p><strong>Como solicitar: <\/strong>Enviar por e-mail ao <a href=\"https:\/\/portal.unisepe.com.br\/fpbe\/biblioteca\/pessoal-de-apoio\/\">Pessoal de Apoio<\/a> a lista de materiais de doa\u00e7\u00e3o para an\u00e1lise a biblioteca.<\/p>\n<p>&nbsp;<\/p>\n<ul>\n<li>S\u00e3o aceitos apenas livros em bom estado de conserva\u00e7\u00e3o e com informa\u00e7\u00e3o atualizada.<\/li>\n<\/ul>\n<p>&nbsp;<\/p>\n<p>Tel. \/ WhatsApp: <a href=\"https:\/\/api.whatsapp.com\/send\/?phone=551334562979&amp;text&amp;type=phone_number&amp;app_absent=0\" target=\"_blank\" rel=\"noopener noreferrer\">(13) 3456-2979<\/a><\/p>\n","protected":false},"excerpt":{"rendered":"<p>A Biblioteca FPbe est\u00e1 recebendo doa\u00e7\u00f5es de materiais bibliogr\u00e1ficos. Veja abaixo como fazer sua doa\u00e7\u00e3o: \u00a0 Crit\u00e9rios de doa\u00e7\u00e3o Apresenta\u00e7\u00e3o pr\u00e9via \u00e0 Biblioteca FPbe da listagem dos livros as serem doados, onde constem: T\u00edtulo do livro; Nome do(s) autor(es); Ano de Publica\u00e7\u00e3o. &nbsp; Crit\u00e9rios utilizados para recebimento de doa\u00e7\u00f5es \u00a0<\/p>\n","protected":false},"author":6,"featured_media":0,"parent":285,"menu_order":0,"comment_status":"closed","ping_status":"closed","template":"templates\/template-curso_menu_vertical.php","meta":{"footnotes":""},"categories":[],"tags":[],"class_list":["post-3278","page","type-page","status-publish","hentry"],"_links":{"self":[{"href":"https:\/\/portal.unisepe.com.br\/fpbe\/wp-json\/wp\/v2\/pages\/3278","targetHints":{"allow":["GET"]}}],"collection":[{"href":"https:\/\/portal.unisepe.com.br\/fpbe\/wp-json\/wp\/v2\/pages"}],"about":[{"href":"https:\/\/portal.unisepe.com.br\/fpbe\/wp-json\/wp\/v2\/types\/page"}],"author":[{"embeddable":true,"href":"https:\/\/portal.unisepe.com.br\/fpbe\/wp-json\/wp\/v2\/users\/6"}],"replies":[{"embeddable":true,"href":"https:\/\/portal.unisepe.com.br\/fpbe\/wp-json\/wp\/v2\/comments?post=3278"}],"version-history":[{"count":8,"href":"https:\/\/portal.unisepe.com.br\/fpbe\/wp-json\/wp\/v2\/pages\/3278\/revisions"}],"predecessor-version":[{"id":4919,"href":"https:\/\/portal.unisepe.com.br\/fpbe\/wp-json\/wp\/v2\/pages\/3278\/revisions\/4919"}],"up":[{"embeddable":true,"href":"https:\/\/portal.unisepe.com.br\/fpbe\/wp-json\/wp\/v2\/pages\/285"}],"wp:attachment":[{"href":"https:\/\/portal.unisepe.com.br\/fpbe\/wp-json\/wp\/v2\/media?parent=3278"}],"wp:term":[{"taxonomy":"category","embeddable":true,"href":"https:\/\/portal.unisepe.com.br\/fpbe\/wp-json\/wp\/v2\/categories?post=3278"},{"taxonomy":"post_tag","embeddable":true,"href":"https:\/\/portal.unisepe.com.br\/fpbe\/wp-json\/wp\/v2\/tags?post=3278"}],"curies":[{"name":"wp","href":"https:\/\/api.w.org\/{rel}","templated":true}]}}