{"id":3286,"date":"2020-03-05T19:47:57","date_gmt":"2020-03-05T22:47:57","guid":{"rendered":"http:\/\/portal.unisepe.com.br\/fpbe\/?page_id=3286"},"modified":"2026-04-06T19:18:59","modified_gmt":"2026-04-06T22:18:59","slug":"trabalhos-academicos","status":"publish","type":"page","link":"https:\/\/portal.unisepe.com.br\/fpbe\/biblioteca\/trabalhos-academicos\/","title":{"rendered":"Trabalhos Acad\u00eamicos"},"content":{"rendered":"<p><span style=\"font-family: arial, helvetica, sans-serif\">Atendimento personalizado para padroniza\u00e7\u00e3o de trabalhos acad\u00eamicos, conforme as normas ABNT.<\/span><\/p>\n<p><span style=\"font-family: arial, helvetica, sans-serif\">Para receber orienta\u00e7\u00e3o, \u00e9 necess\u00e1rio agendar um hor\u00e1rio no setor, por e-mail ou pessoalmente.<\/span><\/p>\n<p><span style=\"font-family: arial, helvetica, sans-serif\">O atendimento \u00e9 para ORIENTAR, n\u00e3o corrigimos a normaliza\u00e7\u00e3o.<\/span><\/p>\n<p><span style=\"font-family: arial, helvetica, sans-serif\">N\u00e3o ministramos atendimento de revis\u00e3o gramatical de trabalhos acad\u00eamicos.<\/span><\/p>\n<p><span style=\"font-family: arial, helvetica, sans-serif\">Para que possamos atender a toda a demanda democraticamente e considerando a quantidade de estudantes da Faculdade Peru\u00edbe, estipulamos o limite de uma hora por atendimento, e de no m\u00e1ximo dois atendimentos por usu\u00e1rio.<\/span><\/p>\n<p>&nbsp;<\/p>\n<p><span style=\"font-family: arial, helvetica, sans-serif\"><strong>APOIO:<\/strong><\/span><\/p>\n<p><span style=\"font-family: arial, helvetica, sans-serif\"><strong>Formas de solicitar um treinamento:<\/strong><\/span><\/p>\n<p><span style=\"font-family: arial, helvetica, sans-serif\"><strong> <\/strong>Pessoalmente na Biblioteca do seu Campus.<\/span><\/p>\n<p><span style=\"font-family: arial, helvetica, sans-serif\">Confira algumas das modalidades de treinamento e suporte aos usu\u00e1rios disponibilizadas pela Biblioteca FPbe:<\/span><\/p>\n<p>&nbsp;<\/p>\n<p><span style=\"font-family: arial, helvetica, sans-serif\"><strong>Normatiza\u00e7\u00e3o de Trabalho Acad\u00eamico<\/strong><\/span><\/p>\n<p><span style=\"font-family: arial, helvetica, sans-serif\"><strong>\u00a0<\/strong><\/span><\/p>\n<p><span style=\"font-family: arial, helvetica, sans-serif\">Tem como objetivo apresentar de maneira simples e objetiva as etapas de constru\u00e7\u00e3o de artigo cient\u00edfico. Orientar referente as normas NBR 14.724 \u2013 Trabalhos acad\u00eamicos-Apresenta\u00e7\u00e3o; NBR 6023 \u2013 Refer\u00eancias-Elabora\u00e7\u00e3o; NBR 10520 \u2013 Cita\u00e7\u00f5es de documentos e NBR 6022 \u2013 Artigos. Tragam suas d\u00favidas<\/span><\/p>\n<p>&nbsp;<\/p>\n<p><span style=\"font-family: arial, helvetica, sans-serif\"><strong>Curr\u00edculo Lattes <\/strong><\/span><\/p>\n<p><span style=\"font-family: arial, helvetica, sans-serif\">Curr\u00edculo Lattes \u00e9 um banco de dados de curr\u00edculos que comp\u00f5e a Plataforma Lattes em um ambiente online criado em 2009. Mantido pelo Conselho Nacional de Desenvolvimento Cient\u00edfico e Tecnol\u00f3gico (CNPQ), que integra em um \u00fanico sistema de informa\u00e7\u00e3o as bases de dados de curr\u00edculos, de grupos de pesquisa e de institui\u00e7\u00f5es.<\/span><\/p>\n<p><span style=\"font-family: arial, helvetica, sans-serif\">O objetivo do Curr\u00edculo Lattes \u00e9 a organiza\u00e7\u00e3o e padroniza\u00e7\u00e3o dos curr\u00edculos dos estudantes, professores e pesquisadores do Brasil, sendo que, a partir de uma \u00fanica plataforma on-line, voc\u00ea pode pesquisar as informa\u00e7\u00f5es dos pesquisadores.<\/p>\n<p>Segue PDF com passo a passo do <strong>Curr\u00edculo Lattes.<\/strong><\/p>\n<p><a href=\"https:\/\/portal.unisepe.com.br\/fpbe\/wp-content\/uploads\/sites\/10008\/2026\/04\/Passo-a-Passo-Lattes-2026.pdf\"><strong>Curr\u00edculo Lattes<\/strong><\/a><\/p>\n<p><\/span><\/p>\n<p><span style=\"font-family: arial, helvetica, sans-serif\"><a href=\"https:\/\/lattes.cnpq.br\/\"><img loading=\"lazy\" decoding=\"async\" src=\"http:\/\/portal.unisepe.com.br\/fpbe\/wp-content\/uploads\/sites\/10008\/2020\/03\/image_2020_03_10T18_40_32_828Z.png\" alt=\"\" width=\"219\" height=\"49\" class=\"size-full wp-image-3302 alignleft\" \/><\/a><\/span><\/p>\n<p>&nbsp;<\/p>\n<p>&nbsp;<\/p>\n<p>&nbsp;<\/p>\n<p><strong>Modelos de Trabalhos Acad\u00eamicos<\/strong><\/p>\n<p>Acesse os modelos para elabora\u00e7\u00e3o dos trabalhos acad\u00eamicos disponibilizados pela Biblioteca:<\/p>\n<p>&nbsp;<\/p>\n<ul>\n<li><a href=\"https:\/\/portal.unisepe.com.br\/fpbe\/wp-content\/uploads\/sites\/10008\/2024\/05\/NORMAS-DE-APRESENTA\u00c7\u00c3O-GR\u00c1FICA-DOS-TRABALHOS-1.docx\">Normas de apresenta\u00e7\u00e3o gr\u00e1fica dos trabalhos<\/a><\/li>\n<li><a href=\"https:\/\/portal.unisepe.com.br\/fpbe\/wp-content\/uploads\/sites\/10008\/2024\/05\/Modelo-de-capa-de-Trabalho-disciplinas-2016-1.docx\">Modelo capa Trabalho disciplinas 2016<\/a><\/li>\n<li><a href=\"https:\/\/portal.unisepe.com.br\/fpbe\/wp-content\/uploads\/sites\/10008\/2024\/05\/Modelo-de-capa-de-Trabalho-de-Conclus\u00e3o-de-Curso-1.docx\">Modelo capa de Trabalho de Conclus\u00e3o de Curso<\/a><\/li>\n<li><a href=\"https:\/\/portal.unisepe.com.br\/fpbe\/wp-content\/uploads\/sites\/10008\/2026\/03\/modelo_tcc_artigo_saude_2026.docx\">Modelo de Artigo Cient\u00edfico Word 2026<\/a><\/li>\n<\/ul>\n<p>&nbsp;<\/p>\n","protected":false},"excerpt":{"rendered":"<p>Atendimento personalizado para padroniza\u00e7\u00e3o de trabalhos acad\u00eamicos, conforme as normas ABNT. Para receber orienta\u00e7\u00e3o, \u00e9 necess\u00e1rio agendar um hor\u00e1rio no setor, por e-mail ou pessoalmente. O atendimento \u00e9 para ORIENTAR, n\u00e3o corrigimos a normaliza\u00e7\u00e3o. N\u00e3o ministramos atendimento de revis\u00e3o gramatical de trabalhos acad\u00eamicos. Para que possamos atender a toda a<\/p>\n","protected":false},"author":6,"featured_media":0,"parent":285,"menu_order":0,"comment_status":"closed","ping_status":"closed","template":"templates\/template-curso_menu_vertical.php","meta":{"footnotes":""},"categories":[],"tags":[],"class_list":["post-3286","page","type-page","status-publish","hentry"],"_links":{"self":[{"href":"https:\/\/portal.unisepe.com.br\/fpbe\/wp-json\/wp\/v2\/pages\/3286","targetHints":{"allow":["GET"]}}],"collection":[{"href":"https:\/\/portal.unisepe.com.br\/fpbe\/wp-json\/wp\/v2\/pages"}],"about":[{"href":"https:\/\/portal.unisepe.com.br\/fpbe\/wp-json\/wp\/v2\/types\/page"}],"author":[{"embeddable":true,"href":"https:\/\/portal.unisepe.com.br\/fpbe\/wp-json\/wp\/v2\/users\/6"}],"replies":[{"embeddable":true,"href":"https:\/\/portal.unisepe.com.br\/fpbe\/wp-json\/wp\/v2\/comments?post=3286"}],"version-history":[{"count":17,"href":"https:\/\/portal.unisepe.com.br\/fpbe\/wp-json\/wp\/v2\/pages\/3286\/revisions"}],"predecessor-version":[{"id":3301,"href":"https:\/\/portal.unisepe.com.br\/fpbe\/wp-json\/wp\/v2\/pages\/3286\/revisions\/3301"}],"up":[{"embeddable":true,"href":"https:\/\/portal.unisepe.com.br\/fpbe\/wp-json\/wp\/v2\/pages\/285"}],"wp:attachment":[{"href":"https:\/\/portal.unisepe.com.br\/fpbe\/wp-json\/wp\/v2\/media?parent=3286"}],"wp:term":[{"taxonomy":"category","embeddable":true,"href":"https:\/\/portal.unisepe.com.br\/fpbe\/wp-json\/wp\/v2\/categories?post=3286"},{"taxonomy":"post_tag","embeddable":true,"href":"https:\/\/portal.unisepe.com.br\/fpbe\/wp-json\/wp\/v2\/tags?post=3286"}],"curies":[{"name":"wp","href":"https:\/\/api.w.org\/{rel}","templated":true}]}}