{"id":335,"date":"2016-07-12T00:23:22","date_gmt":"2016-07-12T00:23:22","guid":{"rendered":"http:\/\/www.fvr.edu.br\/fvr\/site\/?page_id=335"},"modified":"2020-07-16T16:35:10","modified_gmt":"2020-07-16T19:35:10","slug":"atos-legais","status":"publish","type":"page","link":"https:\/\/portal.unisepe.com.br\/fpbe\/ciencias-contabeis\/atos-legais\/","title":{"rendered":"Atos Legais"},"content":{"rendered":"<table class=\"table\">\n<tbody>\n<tr>\n<th>Ato Regulat\u00f3rio:<\/th>\n<th>Tipo de documento:<\/th>\n<th>Data do Documento:<\/th>\n<th>No. Parecer \/ Despacho:<\/th>\n<th>Prazo de validade:<\/th>\n<th>Data de Publica\u00e7\u00e3o :<\/th>\n<\/tr>\n<tr>\n<td>Reconhecimento de Curso<\/td>\n<td>Portaria MEC<\/td>\n<td>29\/04\/2015<\/td>\n<td>N\u00ba 311 de 28\/04\/2015<\/td>\n<td>Vinculado ao Ciclo Avaliativo<\/td>\n<td>29\/04\/2015<\/td>\n<\/tr>\n<\/tbody>\n<\/table>\n<table class=\"table\">\n<tbody>\n<tr>\n<th>Ato Regulat\u00f3rio:<\/th>\n<th>Tipo de documento:<\/th>\n<th>Prazo de validade:<\/th>\n<th>Data de Publica\u00e7\u00e3o :<\/th>\n<\/tr>\n<tr>\n<td>Autoriza\u00e7\u00e3o<\/td>\n<td>Portaria N\u00ba 1.483 21\/09\/2010<\/td>\n<td>Art. 35 Decreto 5.773\/06 (Reda\u00e7\u00e3o dada pelo Art. 2 Decreto 6.303\/07)<\/td>\n<td>22\/09\/2010<\/td>\n<\/tr>\n<\/tbody>\n<\/table>\n<table class=\"table\">\n<tbody>\n<tr>\n<th>Ato Regulat\u00f3rio:<\/th>\n<th>Tipo de documento:<\/th>\n<th>Data do Documento:<\/th>\n<th>No. Parecer \/ Despacho:<\/th>\n<th>Prazo de validade:<\/th>\n<th>Data de Publica\u00e7\u00e3o :<\/th>\n<th>Data do Despacho:<\/th>\n<\/tr>\n<tr>\n<td><span>Renova\u00e7\u00e3o de Reconhecimento de curso<\/span><\/td>\n<td><span>Portaria Mec<\/span><\/td>\n<td><span>07\/07\/2020<\/span><\/td>\n<td><span>Portaria N\u00ba 208, de 25\/06\/2020<\/span><\/td>\n<td>Vinculado ao CPC<\/td>\n<td>07\/07\/2020<\/td>\n<td><\/td>\n<\/tr>\n<\/tbody>\n<\/table>\n","protected":false},"excerpt":{"rendered":"<p>Ato Regulat\u00f3rio: Tipo de documento: Data do Documento: No. Parecer \/ Despacho: Prazo de validade: Data de Publica\u00e7\u00e3o : Reconhecimento de Curso Portaria MEC 29\/04\/2015 N\u00ba 311 de 28\/04\/2015 Vinculado ao Ciclo Avaliativo 29\/04\/2015 Ato Regulat\u00f3rio: Tipo de documento: Prazo de validade: Data de Publica\u00e7\u00e3o : Autoriza\u00e7\u00e3o Portaria N\u00ba 1.483<\/p>\n","protected":false},"author":6,"featured_media":0,"parent":331,"menu_order":0,"comment_status":"closed","ping_status":"closed","template":"templates\/template-curso_menu_vertical.php","meta":{"footnotes":""},"categories":[],"tags":[],"class_list":["post-335","page","type-page","status-publish","hentry"],"_links":{"self":[{"href":"https:\/\/portal.unisepe.com.br\/fpbe\/wp-json\/wp\/v2\/pages\/335","targetHints":{"allow":["GET"]}}],"collection":[{"href":"https:\/\/portal.unisepe.com.br\/fpbe\/wp-json\/wp\/v2\/pages"}],"about":[{"href":"https:\/\/portal.unisepe.com.br\/fpbe\/wp-json\/wp\/v2\/types\/page"}],"author":[{"embeddable":true,"href":"https:\/\/portal.unisepe.com.br\/fpbe\/wp-json\/wp\/v2\/users\/6"}],"replies":[{"embeddable":true,"href":"https:\/\/portal.unisepe.com.br\/fpbe\/wp-json\/wp\/v2\/comments?post=335"}],"version-history":[{"count":2,"href":"https:\/\/portal.unisepe.com.br\/fpbe\/wp-json\/wp\/v2\/pages\/335\/revisions"}],"predecessor-version":[{"id":3415,"href":"https:\/\/portal.unisepe.com.br\/fpbe\/wp-json\/wp\/v2\/pages\/335\/revisions\/3415"}],"up":[{"embeddable":true,"href":"https:\/\/portal.unisepe.com.br\/fpbe\/wp-json\/wp\/v2\/pages\/331"}],"wp:attachment":[{"href":"https:\/\/portal.unisepe.com.br\/fpbe\/wp-json\/wp\/v2\/media?parent=335"}],"wp:term":[{"taxonomy":"category","embeddable":true,"href":"https:\/\/portal.unisepe.com.br\/fpbe\/wp-json\/wp\/v2\/categories?post=335"},{"taxonomy":"post_tag","embeddable":true,"href":"https:\/\/portal.unisepe.com.br\/fpbe\/wp-json\/wp\/v2\/tags?post=335"}],"curies":[{"name":"wp","href":"https:\/\/api.w.org\/{rel}","templated":true}]}}