{"id":362,"date":"2016-07-12T01:00:08","date_gmt":"2016-07-12T01:00:08","guid":{"rendered":"http:\/\/www.fvr.edu.br\/fvr\/site\/?page_id=362"},"modified":"2022-12-02T15:03:33","modified_gmt":"2022-12-02T18:03:33","slug":"atos-legais","status":"publish","type":"page","link":"https:\/\/portal.unisepe.com.br\/fpbe\/educacao-fisica\/atos-legais\/","title":{"rendered":"Atos Legais"},"content":{"rendered":"<table width=\"1039\">\n<tbody>\n<tr>\n<td width=\"93\"><strong>\u00a0<\/strong><\/td>\n<td width=\"124\"><strong>Ato Regulat\u00f3rio<\/strong><\/td>\n<td width=\"142\"><strong>Tipo de Documento<\/strong><\/td>\n<td width=\"142\"><strong>Data do Documento<\/strong><\/td>\n<td width=\"227\"><strong>Prazo de Validade<\/strong><\/td>\n<td width=\"170\"><strong>N\u00famero do Documento<\/strong><\/td>\n<td width=\"142\"><strong>Data da Publica\u00e7\u00e3o<\/strong><\/td>\n<\/tr>\n<tr>\n<td width=\"93\"><strong> Licenciatura<\/strong><\/td>\n<td width=\"124\">Reconhecimento de Curso<\/td>\n<td width=\"142\">Portaria MEC<\/td>\n<td width=\"142\">19\/11\/2020<\/td>\n<td width=\"227\">N\u00ba 473 DE 19\/11\/2020<\/td>\n<td width=\"170\">Vinculado ao ciclo avaliativo<\/td>\n<td width=\"142\">20\/11\/2020<\/td>\n<\/tr>\n<tr>\n<td width=\"93\"><strong>Licenciatura<\/strong><\/td>\n<td width=\"124\">Autoriza\u00e7\u00e3o<\/td>\n<td width=\"142\">Portaria<\/td>\n<td width=\"142\">04\/09\/2015<\/td>\n<td width=\"227\">Art. 35 Decreto 5.773\/06 (Reda\u00e7\u00e3o dada pelo Art. 2 Decreto 6.303\/07)<\/td>\n<td width=\"170\">Portaria 621 de 04\/09\/2015<\/td>\n<td width=\"142\">08\/09\/2015<\/td>\n<\/tr>\n<tr>\n<td width=\"93\"><strong>Bacharel<\/strong><\/td>\n<td width=\"124\">Reconhecimento<\/td>\n<td width=\"142\">Portaria<\/td>\n<td width=\"142\">29\/11\/2022<\/td>\n<td width=\"227\">N\u00ba 1.005, DE 29\/11\/2022<\/td>\n<td width=\"170\">Vinculado ao ciclo avaliativo<\/td>\n<td width=\"142\">01\/12\/2022<\/td>\n<\/tr>\n<\/tbody>\n<\/table>\n<p>&nbsp;<\/p>\n","protected":false},"excerpt":{"rendered":"<p>\u00a0 Ato Regulat\u00f3rio Tipo de Documento Data do Documento Prazo de Validade N\u00famero do Documento Data da Publica\u00e7\u00e3o Licenciatura Reconhecimento de Curso Portaria MEC 19\/11\/2020 N\u00ba 473 DE 19\/11\/2020 Vinculado ao ciclo avaliativo 20\/11\/2020 Licenciatura Autoriza\u00e7\u00e3o Portaria 04\/09\/2015 Art. 35 Decreto 5.773\/06 (Reda\u00e7\u00e3o dada pelo Art. 2 Decreto 6.303\/07) Portaria<\/p>\n","protected":false},"author":6,"featured_media":0,"parent":360,"menu_order":0,"comment_status":"closed","ping_status":"closed","template":"templates\/template-curso_menu_vertical.php","meta":{"footnotes":""},"categories":[],"tags":[],"class_list":["post-362","page","type-page","status-publish","hentry"],"_links":{"self":[{"href":"https:\/\/portal.unisepe.com.br\/fpbe\/wp-json\/wp\/v2\/pages\/362","targetHints":{"allow":["GET"]}}],"collection":[{"href":"https:\/\/portal.unisepe.com.br\/fpbe\/wp-json\/wp\/v2\/pages"}],"about":[{"href":"https:\/\/portal.unisepe.com.br\/fpbe\/wp-json\/wp\/v2\/types\/page"}],"author":[{"embeddable":true,"href":"https:\/\/portal.unisepe.com.br\/fpbe\/wp-json\/wp\/v2\/users\/6"}],"replies":[{"embeddable":true,"href":"https:\/\/portal.unisepe.com.br\/fpbe\/wp-json\/wp\/v2\/comments?post=362"}],"version-history":[{"count":8,"href":"https:\/\/portal.unisepe.com.br\/fpbe\/wp-json\/wp\/v2\/pages\/362\/revisions"}],"predecessor-version":[{"id":3911,"href":"https:\/\/portal.unisepe.com.br\/fpbe\/wp-json\/wp\/v2\/pages\/362\/revisions\/3911"}],"up":[{"embeddable":true,"href":"https:\/\/portal.unisepe.com.br\/fpbe\/wp-json\/wp\/v2\/pages\/360"}],"wp:attachment":[{"href":"https:\/\/portal.unisepe.com.br\/fpbe\/wp-json\/wp\/v2\/media?parent=362"}],"wp:term":[{"taxonomy":"category","embeddable":true,"href":"https:\/\/portal.unisepe.com.br\/fpbe\/wp-json\/wp\/v2\/categories?post=362"},{"taxonomy":"post_tag","embeddable":true,"href":"https:\/\/portal.unisepe.com.br\/fpbe\/wp-json\/wp\/v2\/tags?post=362"}],"curies":[{"name":"wp","href":"https:\/\/api.w.org\/{rel}","templated":true}]}}