{"id":3707,"date":"2022-06-06T15:11:59","date_gmt":"2022-06-06T18:11:59","guid":{"rendered":"https:\/\/portal.unisepe.com.br\/fpbe\/?page_id=3707"},"modified":"2022-11-28T19:06:31","modified_gmt":"2022-11-28T22:06:31","slug":"educacao-fisica-2","status":"publish","type":"page","link":"https:\/\/portal.unisepe.com.br\/fpbe\/educacao-fisica-2\/","title":{"rendered":"Reposit\u00f3rio do curso de Educa\u00e7\u00e3o F\u00edsica 2020"},"content":{"rendered":"<p>&nbsp;<\/p>\n<ul>\n<li><a href=\"https:\/\/portal.unisepe.com.br\/fpbe\/wp-content\/uploads\/sites\/10008\/2022\/06\/Artigo_-Educa\u00e7\u00e3o-F\u00edsica-Escolar-Inclusiva.pdf\">2020 &#8211; EDUCA\u00c7\u00c3O F\u00cdSICA ESCOLAR INCLUSIVA <\/a><\/li>\n<li><a href=\"https:\/\/portal.unisepe.com.br\/fpbe\/wp-content\/uploads\/sites\/10008\/2022\/06\/Artigo_O-surf-como-ferramenta-no-processo-de-inclus\u00e3o-social-_pronto.pdf\">2020 &#8211; O SURF COMO FERRAMENTA NO PROCESSO DE INCLUS\u00c3O SOCIAL\u00a0<\/a><\/li>\n<li><a href=\"https:\/\/portal.unisepe.com.br\/fpbe\/wp-content\/uploads\/sites\/10008\/2022\/06\/Artigo_ANALISE-DA-LITERATURA-SOBRE-A-PARTICIPA\u00c7\u00c3O-DE-AUTISTAS-NA-EQUOTERAPIA-..pdf\">2020 &#8211; <span style=\"font-family: arial, helvetica, sans-serif\"><\/span><span style=\"font-family: arial, helvetica, sans-serif\">AN\u00c1LISE DA LITERATURA SOBRE A PARTICIPA\u00c7\u00c3O DE AUTISTAS NA EQUOTERAPIA<\/span><\/a><\/li>\n<li><a href=\"https:\/\/portal.unisepe.com.br\/fpbe\/wp-content\/uploads\/sites\/10008\/2022\/06\/CARACTERIZA\u00c7\u00c3O-DAS-LES\u00d5ES-NAS-PR\u00c1TICAS-DO-FUTEV\u00d4LEI.pdf\">2020 &#8211; CARACTERIZA\u00c7\u00c3O DAS LES\u00d5ES NAS PR\u00c1TICAS DO FUTEV\u00d4LEI<\/a><\/li>\n<li><a href=\"https:\/\/portal.unisepe.com.br\/fpbe\/wp-content\/uploads\/sites\/10008\/2022\/06\/A-DAN\u00c7A-E-SEUS-BENEF\u00cdCIOS-PARA-PREVEN\u00c7\u00c3O-E-TRATAMENTO-DA-DEPRESS\u00c3O.pdf\">2020 &#8211; A DAN\u00c7A E SEUS BENEF\u00cdCIOS PARA PREVEN\u00c7\u00c3O E TRATAMENTO DA <\/a><br \/>\n<a href=\"https:\/\/portal.unisepe.com.br\/fpbe\/wp-content\/uploads\/sites\/10008\/2022\/06\/A-DAN\u00c7A-E-SEUS-BENEF\u00cdCIOS-PARA-PREVEN\u00c7\u00c3O-E-TRATAMENTO-DA-DEPRESS\u00c3O.pdf\">DEPRESS\u00c3O<\/a><\/li>\n<li><a href=\"https:\/\/portal.unisepe.com.br\/fpbe\/wp-content\/uploads\/sites\/10008\/2022\/06\/VANTAGENS-DO-TREINAMENTO-DE-FOR\u00c7A-ESPEC\u00cdFICO-NO-ATLETISMO-DE-ALTA-PERFORMANCE.pdf\">2020 &#8211; VANTAGENS DO TREINAMENTO DE FOR\u00c7A ESPEC\u00cdFICO NO <\/a><br \/>\n<a href=\"https:\/\/portal.unisepe.com.br\/fpbe\/wp-content\/uploads\/sites\/10008\/2022\/06\/VANTAGENS-DO-TREINAMENTO-DE-FOR\u00c7A-ESPEC\u00cdFICO-NO-ATLETISMO-DE-ALTA-PERFORMANCE.pdf\">ATLETISMO DE ALTA PERFORMANCE\u00a0<\/a><\/li>\n<li><a href=\"https:\/\/portal.unisepe.com.br\/fpbe\/wp-content\/uploads\/sites\/10008\/2022\/06\/UMA-ESCOLA-LIVRE-DE-PRECONCEITOS.pdf\">2020 &#8211; UMA ESCOLA LIVRE DE PRECONCEITOS\u00a0<\/a><\/li>\n<li><a href=\"https:\/\/portal.unisepe.com.br\/fpbe\/wp-content\/uploads\/sites\/10008\/2022\/06\/A-IMPORT\u00c2NCIA-DA-HIDRATA\u00c7\u00c3O-NO-FUTEBOL.pdf\">2020 &#8211; A IMPORT\u00c2NCIA DA HIDRATA\u00c7\u00c3O NO FUTEBOL<\/a><\/li>\n<li><a href=\"https:\/\/portal.unisepe.com.br\/fpbe\/wp-content\/uploads\/sites\/10008\/2022\/06\/A-IMPORT\u00c2NCIA-DE-UTILIZAR-AS-UNIDADES-ESCOLARES-PARA-OFERECER-ESPORTES-NO-SEU-PER\u00cdODO-DE-INATIVIDADE.pdf\">2020 &#8211; A IMPORT\u00c2NCIA DE UTILIZAR AS UNIDADES ESCOLARES, PARA OFERECER ESPORTES NO SEU PER\u00cdODO DE INATIVIDADE<\/a><\/li>\n<li><a href=\"https:\/\/portal.unisepe.com.br\/fpbe\/wp-content\/uploads\/sites\/10008\/2022\/06\/AVALIA\u00c7\u00c3O-DO-M\u00c9TODO-PILATES-NA-ALTERA\u00c7\u00c3O-POSTURAL-DE-ESCOLARES-ENTRE-8-E-9-ANOS.pdf\">2020 &#8211; AVALIA\u00c7\u00c3O DO M\u00c9TODO PILATES NA ALTERA\u00c7\u00c3O POSTURAL <\/a><br \/>\n<a href=\"https:\/\/portal.unisepe.com.br\/fpbe\/wp-content\/uploads\/sites\/10008\/2022\/06\/AVALIA\u00c7\u00c3O-DO-M\u00c9TODO-PILATES-NA-ALTERA\u00c7\u00c3O-POSTURAL-DE-ESCOLARES-ENTRE-8-E-9-ANOS.pdf\">DE ESCOLARES ENTRE 8 E 9 ANOS<\/a><\/li>\n<li><a href=\"https:\/\/portal.unisepe.com.br\/fpbe\/wp-content\/uploads\/sites\/10008\/2022\/06\/ESPORTE-DE-RAQUETE-NAS-AULAS-DE-EDUCA\u00c7\u00c3O-F\u00cdSICA-ESCOLAR.pdf\">2020 &#8211; ESPORTE DE RAQUETE NAS AULAS DE EDUCA\u00c7\u00c3O F\u00cdSICA ESCOLAR<\/a><\/li>\n<li><a href=\"https:\/\/portal.unisepe.com.br\/fpbe\/wp-content\/uploads\/sites\/10008\/2022\/06\/ESTUDO-NUTRICIONAL-DOS-ESCOLARES-DE-7-\u00c1-10-ANOS-DA-REDE-P\u00daBLICA-PERU\u00cdBE-SP.pdf\">2020 &#8211; ESTUDO NUTRICIONAL DOS ESCOLARES DE 7 \u00c1 10 ANOS DA <\/a><br \/>\n<a href=\"https:\/\/portal.unisepe.com.br\/fpbe\/wp-content\/uploads\/sites\/10008\/2022\/06\/ESTUDO-NUTRICIONAL-DOS-ESCOLARES-DE-7-\u00c1-10-ANOS-DA-REDE-P\u00daBLICA-PERU\u00cdBE-SP.pdf\">REDE P\u00daBLICA PERU\u00cdBE\/SP<\/a><\/li>\n<li><a href=\"https:\/\/portal.unisepe.com.br\/fpbe\/wp-content\/uploads\/sites\/10008\/2022\/06\/GRUPO-EDUCATIVO-NA-ESCOLA-CRIA\u00c7\u00c3O-DE-PE\u00c7A-TEATRAL-COMO-MATERIAL-L\u00daDICO-PARA-PROMO\u00c7\u00c3O-DA-SA\u00daDE.pdf\">2020 &#8211; GRUPO EDUCATIVO NA ESCOLA: CRIA\u00c7\u00c3O DE PE\u00c7A TEATRAL COMO MATERIAL L\u00daDICO PARA PROMO\u00c7\u00c3O DA SA\u00daDE<\/a><\/li>\n<li><a href=\"https:\/\/portal.unisepe.com.br\/fpbe\/wp-content\/uploads\/sites\/10008\/2022\/06\/INTENSIDADE-DAS-S\u00c9RIES-ADICIONAIS-PR\u00c9VIAS-AO-TREINAMENTO-RESISTIDO-TRADICIONAL-PARA-OTIMIZA\u00c7\u00c3O-DA-HIPERTROFIA-MUSCULAR..pdf\">2020 &#8211; INTENSIDADE DAS S\u00c9RIES ADICIONAIS PR\u00c9VIAS AO TREINAMENTO <\/a><br \/>\n<a href=\"https:\/\/portal.unisepe.com.br\/fpbe\/wp-content\/uploads\/sites\/10008\/2022\/06\/INTENSIDADE-DAS-S\u00c9RIES-ADICIONAIS-PR\u00c9VIAS-AO-TREINAMENTO-RESISTIDO-TRADICIONAL-PARA-OTIMIZA\u00c7\u00c3O-DA-HIPERTROFIA-MUSCULAR..pdf\">RESISTIDO TRADICIONAL PARA OTIMIZA\u00c7\u00c3O DA HIPERTROFIA MUSCULAR.<\/a><\/li>\n<li><a href=\"https:\/\/portal.unisepe.com.br\/fpbe\/wp-content\/uploads\/sites\/10008\/2022\/06\/LEVANTAMENTO-DOS-TIPOS-DE-ALTERA\u00c7\u00d5ES-POSTURAIS-E-SEUS-INDICADORES-EM-ALUNOS-DOS-ANOS-FINAIS-NO-ENSINO-FUNDAMENTAL.pdf\">2020 &#8211; LEVANTAMENTO DOS TIPOS DE ALTERA\u00c7\u00d5ES POSTURAIS E SEUS <\/a><br \/>\n<a href=\"https:\/\/portal.unisepe.com.br\/fpbe\/wp-content\/uploads\/sites\/10008\/2022\/06\/LEVANTAMENTO-DOS-TIPOS-DE-ALTERA\u00c7\u00d5ES-POSTURAIS-E-SEUS-INDICADORES-EM-ALUNOS-DOS-ANOS-FINAIS-NO-ENSINO-FUNDAMENTAL.pdf\">INDICADORES EM ALUNOS DOS ANOS FINAIS NO ENSINO FUNDAMENTAL<\/a><\/li>\n<li><a href=\"https:\/\/portal.unisepe.com.br\/fpbe\/wp-content\/uploads\/sites\/10008\/2022\/06\/O-COMPORTAMENTO-DOS-IDOSOS-RELACIONADO-AO-USO-DE-MEDICAMENTOS-ATIVIDADES-F\u00cdSICAS-E-DOEN\u00c7AS-PR\u00c9-EXISTENTES..pdf\">2020 &#8211; O COMPORTAMENTO DOS IDOSOS RELACIONADO AO USO DE <\/a><br \/>\n<a href=\"https:\/\/portal.unisepe.com.br\/fpbe\/wp-content\/uploads\/sites\/10008\/2022\/06\/O-COMPORTAMENTO-DOS-IDOSOS-RELACIONADO-AO-USO-DE-MEDICAMENTOS-ATIVIDADES-F\u00cdSICAS-E-DOEN\u00c7AS-PR\u00c9-EXISTENTES..pdf\">MEDICAMENTOS, ATIVIDADES F\u00cdSICAS E DOEN\u00c7AS PR\u00c9-EXISTENTES.\u00a0<\/a><\/li>\n<li><a href=\"https:\/\/portal.unisepe.com.br\/fpbe\/wp-content\/uploads\/sites\/10008\/2022\/06\/OS-BENEF\u00cdCIOS-DO-V\u00d4LEI-E-A-IMPORT\u00c2NCIA-DA-PR\u00c1TICA-COM-CRIAN\u00c7AS-E-ADOLESCENTES.pdf\">2020 &#8211; OS BENEF\u00cdCIOS DO V\u00d4LEI E A IMPORT\u00c2NCIA DA PR\u00c1TICA COM CRIAN\u00c7AS E ADOLESCENTES<\/a><\/li>\n<li><a href=\"https:\/\/portal.unisepe.com.br\/fpbe\/wp-content\/uploads\/sites\/10008\/2022\/06\/TECNOLOGIA-DA-INFORMA\u00c7\u00c3O-E-COMUNICA\u00c7\u00c3O-UMA-REVIS\u00c3O-SISTEM\u00c1TICA-DO-USO-DA-TECNOLOGIA-NAS-AULAS-DE-ED.-F\u00cdSICA.pdf\">2020 &#8211; TECNOLOGIA DA INFORMA\u00c7\u00c3O E COMUNICA\u00c7\u00c3O: UMA <\/a><br \/>\n<a href=\"https:\/\/portal.unisepe.com.br\/fpbe\/wp-content\/uploads\/sites\/10008\/2022\/06\/TECNOLOGIA-DA-INFORMA\u00c7\u00c3O-E-COMUNICA\u00c7\u00c3O-UMA-REVIS\u00c3O-SISTEM\u00c1TICA-DO-USO-DA-TECNOLOGIA-NAS-AULAS-DE-ED.-F\u00cdSICA.pdf\">REVIS\u00c3O SISTEM\u00c1TICA DO USO DA TECNOLOGIA NAS AULAS DE ED. F\u00cdSICA<\/a><\/li>\n<li><a href=\"https:\/\/portal.unisepe.com.br\/fpbe\/wp-content\/uploads\/sites\/10008\/2022\/06\/UMA-AN\u00c1LISE-SOBRE-A-APLICA\u00c7\u00c3O-DA-SUSTENTABILIDADE-NAS-AULAS-DE-EDUCA\u00c7\u00c3O-F\u00cdSICA-ESCOLAR.pdf\">2020 &#8211; UMA AN\u00c1LISE SOBRE A APLICA\u00c7\u00c3O DA SUSTENTABILIDADE <\/a><br \/>\n<a href=\"https:\/\/portal.unisepe.com.br\/fpbe\/wp-content\/uploads\/sites\/10008\/2022\/06\/UMA-AN\u00c1LISE-SOBRE-A-APLICA\u00c7\u00c3O-DA-SUSTENTABILIDADE-NAS-AULAS-DE-EDUCA\u00c7\u00c3O-F\u00cdSICA-ESCOLAR.pdf\">NAS AULAS DE EDUCA\u00c7\u00c3O F\u00cdSICA ESCOLAR<\/a><\/li>\n<\/ul>\n","protected":false},"excerpt":{"rendered":"<p>&nbsp; 2020 &#8211; EDUCA\u00c7\u00c3O F\u00cdSICA ESCOLAR INCLUSIVA 2020 &#8211; O SURF COMO FERRAMENTA NO PROCESSO DE INCLUS\u00c3O SOCIAL\u00a0 2020 &#8211; AN\u00c1LISE DA LITERATURA SOBRE A PARTICIPA\u00c7\u00c3O DE AUTISTAS NA EQUOTERAPIA 2020 &#8211; CARACTERIZA\u00c7\u00c3O DAS LES\u00d5ES NAS PR\u00c1TICAS DO FUTEV\u00d4LEI 2020 &#8211; A DAN\u00c7A E SEUS BENEF\u00cdCIOS PARA PREVEN\u00c7\u00c3O E TRATAMENTO<\/p>\n","protected":false},"author":6,"featured_media":0,"parent":0,"menu_order":0,"comment_status":"closed","ping_status":"closed","template":"","meta":{"footnotes":""},"categories":[],"tags":[],"class_list":["post-3707","page","type-page","status-publish","hentry"],"_links":{"self":[{"href":"https:\/\/portal.unisepe.com.br\/fpbe\/wp-json\/wp\/v2\/pages\/3707","targetHints":{"allow":["GET"]}}],"collection":[{"href":"https:\/\/portal.unisepe.com.br\/fpbe\/wp-json\/wp\/v2\/pages"}],"about":[{"href":"https:\/\/portal.unisepe.com.br\/fpbe\/wp-json\/wp\/v2\/types\/page"}],"author":[{"embeddable":true,"href":"https:\/\/portal.unisepe.com.br\/fpbe\/wp-json\/wp\/v2\/users\/6"}],"replies":[{"embeddable":true,"href":"https:\/\/portal.unisepe.com.br\/fpbe\/wp-json\/wp\/v2\/comments?post=3707"}],"version-history":[{"count":14,"href":"https:\/\/portal.unisepe.com.br\/fpbe\/wp-json\/wp\/v2\/pages\/3707\/revisions"}],"predecessor-version":[{"id":3710,"href":"https:\/\/portal.unisepe.com.br\/fpbe\/wp-json\/wp\/v2\/pages\/3707\/revisions\/3710"}],"wp:attachment":[{"href":"https:\/\/portal.unisepe.com.br\/fpbe\/wp-json\/wp\/v2\/media?parent=3707"}],"wp:term":[{"taxonomy":"category","embeddable":true,"href":"https:\/\/portal.unisepe.com.br\/fpbe\/wp-json\/wp\/v2\/categories?post=3707"},{"taxonomy":"post_tag","embeddable":true,"href":"https:\/\/portal.unisepe.com.br\/fpbe\/wp-json\/wp\/v2\/tags?post=3707"}],"curies":[{"name":"wp","href":"https:\/\/api.w.org\/{rel}","templated":true}]}}