{"id":3749,"date":"2022-06-08T12:21:54","date_gmt":"2022-06-08T15:21:54","guid":{"rendered":"https:\/\/portal.unisepe.com.br\/fpbe\/?page_id=3749"},"modified":"2025-02-19T20:43:11","modified_gmt":"2025-02-19T23:43:11","slug":"monitoria","status":"publish","type":"page","link":"https:\/\/portal.unisepe.com.br\/fpbe\/educacao-fisica\/monitoria\/","title":{"rendered":"Monitoria"},"content":{"rendered":"<p><strong>ATUALIZA\u00c7\u00c3O DA P\u00c1GINA DO CURSO DE EDUCA\u00c7\u00c3O F\u00cdSICA DA FPBE<\/strong><\/p>\n<p><strong>\u00a0<\/strong><\/p>\n<p>&nbsp;<\/p>\n<p>O Programa de Monitoria representa mais uma possibilidade de aprendizagem para os alunos do curso de Educa\u00e7\u00e3o F\u00edsica da FPBE e contribui para sua forma\u00e7\u00e3o integrada. Tem como principal finalidade o aperfei\u00e7oamento acad\u00eamico e profissional. Al\u00e9m disso, s\u00e3o objetivos deste programa: promover a coopera\u00e7\u00e3o entre alunos e professores, gerar possibilidades para o desenvolvimento da educa\u00e7\u00e3o permanente, despertar o interesse do aluno pelas atividades no eixo Ensino, Pesquisa e Extens\u00e3o Universit\u00e1ria.<\/p>\n<p>O exerc\u00edcio da monitoria \u00e9 volunt\u00e1rio e as atividades s\u00e3o desenvolvidas em hor\u00e1rios que n\u00e3o coincidam com as atividades acad\u00eamicas do aluno monitor. Para participar no Programa de Monitoria do curso de Educa\u00e7\u00e3o F\u00edsica da FPBE, o aluno deve consultar a coordena\u00e7\u00e3o do curso e acompanhar a divulga\u00e7\u00e3o semestral do edital de sele\u00e7\u00e3o.<\/p>\n<p>&nbsp;<\/p>\n<ul>\n<li><a href=\"https:\/\/portal.unisepe.com.br\/fpbe\/wp-content\/uploads\/sites\/10008\/2022\/06\/Anexo-Ficha-de-inscri\u00e7\u00e3o-Monitoria-2021.pdf\">Ficha de inscri\u00e7\u00e3o &#8211; Monitoria 2021<\/a><\/li>\n<li><a href=\"https:\/\/portal.unisepe.com.br\/fpbe\/wp-content\/uploads\/sites\/10008\/2022\/06\/Edital-de-Sele\u00e7\u00e3o-monitoria-2021.pdf\">Edital de Sele\u00e7\u00e3o monitoria 2021<\/a><\/li>\n<li><a href=\"https:\/\/portal.unisepe.com.br\/fpbe\/wp-content\/uploads\/sites\/10008\/2022\/06\/Regulamento-de-monitoria-2021.pdf\">Regulamento de monitoria 2021<\/a><\/li>\n<li><a href=\"https:\/\/portal.unisepe.com.br\/fpbe\/wp-content\/uploads\/sites\/10008\/2023\/02\/Edital-de-Sele\u00e7\u00e3o-monitoria-2022-1.pdf\">Edital de Sele\u00e7\u00e3o monitoria-2022<\/a><\/li>\n<li><a href=\"https:\/\/portal.unisepe.com.br\/fpbe\/wp-content\/uploads\/sites\/10008\/2023\/02\/Edital-de-Sele\u00e7\u00e3o-monitoria-2023-1.pdf\">Edital de Sele\u00e7\u00e3o monitoria 2023<\/a><\/li>\n<li><a href=\"https:\/\/portal.unisepe.com.br\/fpbe\/wp-content\/uploads\/sites\/10008\/2024\/03\/Edital-de-Sele\u00e7\u00e3o-Monitoria-2024-EDF-.pdf\">Edital de Sele\u00e7\u00e3o Monitoria 2024<\/a><\/li>\n<li><a href=\"https:\/\/portal.unisepe.com.br\/fpbe\/wp-content\/uploads\/sites\/10008\/2025\/02\/Edital-de-Selecao-monitoria-2025-EDF.pdf\">Edital de Sele\u00e7\u00e3o Monitoria 2025<\/a><\/li>\n<\/ul>\n<p>&nbsp;<\/p>\n<p>&nbsp;<\/p>\n","protected":false},"excerpt":{"rendered":"<p>ATUALIZA\u00c7\u00c3O DA P\u00c1GINA DO CURSO DE EDUCA\u00c7\u00c3O F\u00cdSICA DA FPBE \u00a0 &nbsp; O Programa de Monitoria representa mais uma possibilidade de aprendizagem para os alunos do curso de Educa\u00e7\u00e3o F\u00edsica da FPBE e contribui para sua forma\u00e7\u00e3o integrada. Tem como principal finalidade o aperfei\u00e7oamento acad\u00eamico e profissional. Al\u00e9m disso, s\u00e3o<\/p>\n","protected":false},"author":6,"featured_media":0,"parent":360,"menu_order":0,"comment_status":"closed","ping_status":"closed","template":"templates\/template-pagina_menu_vertical.php","meta":{"footnotes":""},"categories":[],"tags":[],"class_list":["post-3749","page","type-page","status-publish","hentry"],"_links":{"self":[{"href":"https:\/\/portal.unisepe.com.br\/fpbe\/wp-json\/wp\/v2\/pages\/3749","targetHints":{"allow":["GET"]}}],"collection":[{"href":"https:\/\/portal.unisepe.com.br\/fpbe\/wp-json\/wp\/v2\/pages"}],"about":[{"href":"https:\/\/portal.unisepe.com.br\/fpbe\/wp-json\/wp\/v2\/types\/page"}],"author":[{"embeddable":true,"href":"https:\/\/portal.unisepe.com.br\/fpbe\/wp-json\/wp\/v2\/users\/6"}],"replies":[{"embeddable":true,"href":"https:\/\/portal.unisepe.com.br\/fpbe\/wp-json\/wp\/v2\/comments?post=3749"}],"version-history":[{"count":7,"href":"https:\/\/portal.unisepe.com.br\/fpbe\/wp-json\/wp\/v2\/pages\/3749\/revisions"}],"predecessor-version":[{"id":5015,"href":"https:\/\/portal.unisepe.com.br\/fpbe\/wp-json\/wp\/v2\/pages\/3749\/revisions\/5015"}],"up":[{"embeddable":true,"href":"https:\/\/portal.unisepe.com.br\/fpbe\/wp-json\/wp\/v2\/pages\/360"}],"wp:attachment":[{"href":"https:\/\/portal.unisepe.com.br\/fpbe\/wp-json\/wp\/v2\/media?parent=3749"}],"wp:term":[{"taxonomy":"category","embeddable":true,"href":"https:\/\/portal.unisepe.com.br\/fpbe\/wp-json\/wp\/v2\/categories?post=3749"},{"taxonomy":"post_tag","embeddable":true,"href":"https:\/\/portal.unisepe.com.br\/fpbe\/wp-json\/wp\/v2\/tags?post=3749"}],"curies":[{"name":"wp","href":"https:\/\/api.w.org\/{rel}","templated":true}]}}