{"id":3758,"date":"2022-06-10T15:30:05","date_gmt":"2022-06-10T18:30:05","guid":{"rendered":"https:\/\/portal.unisepe.com.br\/fpbe\/?page_id=3758"},"modified":"2022-06-10T15:36:34","modified_gmt":"2022-06-10T18:36:34","slug":"estagio-curricular","status":"publish","type":"page","link":"https:\/\/portal.unisepe.com.br\/fpbe\/educacao-fisica\/estagio-curricular\/","title":{"rendered":"Est\u00e1gio curricular"},"content":{"rendered":"<p>O est\u00e1gio supervisionado do curso de Bacharelado em Educa\u00e7\u00e3o f\u00edsica da FPBe abrange as \u00e1reas: inicia\u00e7\u00e3o esportiva \/ lazer, qualidade de vida \/ exerc\u00edcios para grupos especiais, alto rendimento, atividades aqu\u00e1ticas\/ esportes de aventura. As atividades desenvolvidas ser\u00e3o acompanhadas e discutidas relacionando a teoria e a pr\u00e1tica. Dessa forma, o discente ter\u00e1 a possibilidade de vivenciar a teoria e a pr\u00e1tica de forma efetiva, preparando-se para os desafios da vida profissional.<\/p>\n<p>Os est\u00e1gios ser\u00e3o realizados nos 4 \u00faltimos semestres do curso com carga hor\u00e1ria total de 688 horas. Segue abaixo a descri\u00e7\u00e3o dos est\u00e1gios e a bibliografia sugerida:<\/p>\n<p>Inicia\u00e7\u00e3o esportiva ou lazer (140 horas): Nesse est\u00e1gio o aluno ter\u00e1 como objetivos identificar os processos de ensino-aprendizagem de modalidades esportivas visando o desenvolvimento dos fundamentos t\u00e9cnicos &#8211; t\u00e1ticos da modalidade e o desenvolvimento f\u00edsico do praticante.<\/p>\n<p>Qualidade de vida e exerc\u00edcios para grupos especiais (160 horas): Neste est\u00e1gio o aluno ter\u00e1 como objetivos promover melhora na qualidade de vida, bem como acompanhar as propostas de exerc\u00edcio voltadas ao tratamento das doen\u00e7as atrav\u00e9s do exerc\u00edcio.<\/p>\n<p>Alto rendimento (195 horas): Este est\u00e1gio permite ao aluno aplicar avalia\u00e7\u00f5es e testes para identificar o n\u00edvel de condicionamento dos atletas e a partir da\u00ed propor a realiza\u00e7\u00e3o de interven\u00e7\u00f5es necess\u00e1rias para aumentar a performance dos atletas\/equipe.<\/p>\n<p>Esportes aqu\u00e1ticos ou de aventura (193 horas): No est\u00e1gio supervisionado em esportes aqu\u00e1ticos ou de aventura o aluno ter\u00e1 como objetivo participar do processo ensino-aprendizagem destas modalidades, al\u00e9m de vivenciar na pr\u00e1tica os conceitos te\u00f3ricos do esporte e tamb\u00e9m da interdisciplinaridade presente nos esportes realizados na natureza.<\/p>\n<p>O curso possui conv\u00eanio com diversas academias e projetos sociais esportivos oferecidos na regi\u00e3o com uma enorme gama de modalidades que v\u00e3o desde o futebol at\u00e9 o surf e que podem ser eleitas para a realiza\u00e7\u00e3o dos per\u00edodos de est\u00e1gio.<\/p>\n","protected":false},"excerpt":{"rendered":"<p>O est\u00e1gio supervisionado do curso de Bacharelado em Educa\u00e7\u00e3o f\u00edsica da FPBe abrange as \u00e1reas: inicia\u00e7\u00e3o esportiva \/ lazer, qualidade de vida \/ exerc\u00edcios para grupos especiais, alto rendimento, atividades aqu\u00e1ticas\/ esportes de aventura. As atividades desenvolvidas ser\u00e3o acompanhadas e discutidas relacionando a teoria e a pr\u00e1tica. Dessa forma, o<\/p>\n","protected":false},"author":6,"featured_media":0,"parent":360,"menu_order":0,"comment_status":"closed","ping_status":"closed","template":"templates\/template-pagina_menu_vertical.php","meta":{"footnotes":""},"categories":[],"tags":[],"class_list":["post-3758","page","type-page","status-publish","hentry"],"_links":{"self":[{"href":"https:\/\/portal.unisepe.com.br\/fpbe\/wp-json\/wp\/v2\/pages\/3758","targetHints":{"allow":["GET"]}}],"collection":[{"href":"https:\/\/portal.unisepe.com.br\/fpbe\/wp-json\/wp\/v2\/pages"}],"about":[{"href":"https:\/\/portal.unisepe.com.br\/fpbe\/wp-json\/wp\/v2\/types\/page"}],"author":[{"embeddable":true,"href":"https:\/\/portal.unisepe.com.br\/fpbe\/wp-json\/wp\/v2\/users\/6"}],"replies":[{"embeddable":true,"href":"https:\/\/portal.unisepe.com.br\/fpbe\/wp-json\/wp\/v2\/comments?post=3758"}],"version-history":[{"count":2,"href":"https:\/\/portal.unisepe.com.br\/fpbe\/wp-json\/wp\/v2\/pages\/3758\/revisions"}],"predecessor-version":[{"id":3760,"href":"https:\/\/portal.unisepe.com.br\/fpbe\/wp-json\/wp\/v2\/pages\/3758\/revisions\/3760"}],"up":[{"embeddable":true,"href":"https:\/\/portal.unisepe.com.br\/fpbe\/wp-json\/wp\/v2\/pages\/360"}],"wp:attachment":[{"href":"https:\/\/portal.unisepe.com.br\/fpbe\/wp-json\/wp\/v2\/media?parent=3758"}],"wp:term":[{"taxonomy":"category","embeddable":true,"href":"https:\/\/portal.unisepe.com.br\/fpbe\/wp-json\/wp\/v2\/categories?post=3758"},{"taxonomy":"post_tag","embeddable":true,"href":"https:\/\/portal.unisepe.com.br\/fpbe\/wp-json\/wp\/v2\/tags?post=3758"}],"curies":[{"name":"wp","href":"https:\/\/api.w.org\/{rel}","templated":true}]}}