{"id":3761,"date":"2022-06-10T15:40:29","date_gmt":"2022-06-10T18:40:29","guid":{"rendered":"https:\/\/portal.unisepe.com.br\/fpbe\/?page_id=3761"},"modified":"2022-06-10T15:40:29","modified_gmt":"2022-06-10T18:40:29","slug":"extensao-universitaria","status":"publish","type":"page","link":"https:\/\/portal.unisepe.com.br\/fpbe\/educacao-fisica\/extensao-universitaria\/","title":{"rendered":"Extens\u00e3o Universitaria"},"content":{"rendered":"<p>A Extens\u00e3o Universit\u00e1ria representa o elo entre a institui\u00e7\u00e3o de ensino e a sociedade. As atividades desenvolvidas possibilitam o interc\u00e2mbio de informa\u00e7\u00f5es e experi\u00eancias. Deste modo, ela \u00e9 indispens\u00e1vel para a forma\u00e7\u00e3o do estudante e para o seu reconhecimento enquanto profissional e cidad\u00e3o. No curso de Educa\u00e7\u00e3o F\u00edsica os projetos de extens\u00e3o universit\u00e1ria permitem aos alunos a viv\u00eancia sobre o papel do educador f\u00edsico na comunidade, no ensino, na assist\u00eancia em sa\u00fade e na pesquisa.<br \/>\nAs atividades de extens\u00e3o do Curso de Bacharelado e Licenciatura em Educa\u00e7\u00e3o F\u00edsica (FPbe) seguem as diretrizes de extens\u00e3o estabelecidas pela RESOLU\u00c7\u00c3O CNE N\u00ba 7, DE 18 DE DEZEMBRO DE 2018, bem como pelo Regulamento Institucional de extens\u00e3o e s\u00e3o operacionalizadas pela Coordenadoria e Produ\u00e7\u00e3o e Extens\u00e3o \u2013 CPEx. Os projetos de extens\u00e3o do curso de Educa\u00e7\u00e3o F\u00edsica da Faculdade Peru\u00edbe s\u00e3o orientados e tutoreados por docentes do curso e envolvem:<\/p>\n<p>&nbsp;<\/p>\n<ul>\n<li>Grupo de Pesquisa GEPCES \u2013 Grupo de Estudos e Pesquisa da Ci\u00eancia do Esporte e Sa\u00fade<\/li>\n<li>Campanhas de sa\u00fade e Preven\u00e7\u00e3o do Sedentarismo<\/li>\n<li>Eventos na comunidade e institucional<\/li>\n<\/ul>\n","protected":false},"excerpt":{"rendered":"<p>A Extens\u00e3o Universit\u00e1ria representa o elo entre a institui\u00e7\u00e3o de ensino e a sociedade. As atividades desenvolvidas possibilitam o interc\u00e2mbio de informa\u00e7\u00f5es e experi\u00eancias. Deste modo, ela \u00e9 indispens\u00e1vel para a forma\u00e7\u00e3o do estudante e para o seu reconhecimento enquanto profissional e cidad\u00e3o. No curso de Educa\u00e7\u00e3o F\u00edsica os projetos<\/p>\n","protected":false},"author":6,"featured_media":0,"parent":360,"menu_order":0,"comment_status":"closed","ping_status":"closed","template":"templates\/template-pagina_menu_vertical.php","meta":{"footnotes":""},"categories":[],"tags":[],"class_list":["post-3761","page","type-page","status-publish","hentry"],"_links":{"self":[{"href":"https:\/\/portal.unisepe.com.br\/fpbe\/wp-json\/wp\/v2\/pages\/3761","targetHints":{"allow":["GET"]}}],"collection":[{"href":"https:\/\/portal.unisepe.com.br\/fpbe\/wp-json\/wp\/v2\/pages"}],"about":[{"href":"https:\/\/portal.unisepe.com.br\/fpbe\/wp-json\/wp\/v2\/types\/page"}],"author":[{"embeddable":true,"href":"https:\/\/portal.unisepe.com.br\/fpbe\/wp-json\/wp\/v2\/users\/6"}],"replies":[{"embeddable":true,"href":"https:\/\/portal.unisepe.com.br\/fpbe\/wp-json\/wp\/v2\/comments?post=3761"}],"version-history":[{"count":2,"href":"https:\/\/portal.unisepe.com.br\/fpbe\/wp-json\/wp\/v2\/pages\/3761\/revisions"}],"predecessor-version":[{"id":3763,"href":"https:\/\/portal.unisepe.com.br\/fpbe\/wp-json\/wp\/v2\/pages\/3761\/revisions\/3763"}],"up":[{"embeddable":true,"href":"https:\/\/portal.unisepe.com.br\/fpbe\/wp-json\/wp\/v2\/pages\/360"}],"wp:attachment":[{"href":"https:\/\/portal.unisepe.com.br\/fpbe\/wp-json\/wp\/v2\/media?parent=3761"}],"wp:term":[{"taxonomy":"category","embeddable":true,"href":"https:\/\/portal.unisepe.com.br\/fpbe\/wp-json\/wp\/v2\/categories?post=3761"},{"taxonomy":"post_tag","embeddable":true,"href":"https:\/\/portal.unisepe.com.br\/fpbe\/wp-json\/wp\/v2\/tags?post=3761"}],"curies":[{"name":"wp","href":"https:\/\/api.w.org\/{rel}","templated":true}]}}