{"id":377,"date":"2016-07-12T16:22:07","date_gmt":"2016-07-12T16:22:07","guid":{"rendered":"http:\/\/www.fvr.edu.br\/fvr\/site\/?page_id=377"},"modified":"2024-10-28T16:17:39","modified_gmt":"2024-10-28T19:17:39","slug":"enfermagem","status":"publish","type":"page","link":"https:\/\/portal.unisepe.com.br\/fpbe\/enfermagem\/","title":{"rendered":"Enfermagem"},"content":{"rendered":"<p style=\"text-align: right\"><a href=\"https:\/\/api.whatsapp.com\/send?phone=551334563055&amp;text=Ol\u00e1!\" class=\"btn btn-success\">Fazer inscri\u00e7\u00e3o!<\/a><\/p>\n<p><strong><img loading=\"lazy\" decoding=\"async\" class=\"size-full wp-image-264 alignleft\" src=\"http:\/\/portal.unisepe.com.br\/wp-content\/themes\/unisepe\/assets\/images\/cursos\/enfermagem.png\" alt=\"enfermagem\" width=\"150\" height=\"80\" \/><\/strong><\/p>\n<p>&nbsp;<\/p>\n<p>&nbsp;<\/p>\n<p><b><span data-contrast=\"none\">Miss\u00e3o Institucional<\/span><\/b><span data-ccp-props=\"{&quot;201341983&quot;:0,&quot;335551550&quot;:6,&quot;335551620&quot;:6,&quot;335559731&quot;:708,&quot;335559739&quot;:0,&quot;335559740&quot;:240}\">\u00a0<\/span><\/p>\n<p><span data-ccp-props=\"{&quot;201341983&quot;:0,&quot;335551550&quot;:6,&quot;335551620&quot;:6,&quot;335559731&quot;:708,&quot;335559739&quot;:0,&quot;335559740&quot;:240}\">\u00a0<\/span><\/p>\n<p><span data-contrast=\"auto\">Considerando sua inser\u00e7\u00e3o regional e \u00e0s diretrizes da FPBE, o curso de Enfermagem, tem como miss\u00e3o:<\/span><span data-ccp-props=\"{&quot;201341983&quot;:0,&quot;335559739&quot;:160,&quot;335559740&quot;:259}\">\u00a0<\/span><\/p>\n<p><b><i><span data-contrast=\"none\">\u201cFormar cidad\u00e3os com compet\u00eancia t\u00e9cnica e compromisso social, e transmitir valores \u00e9ticos de disciplina, respeito, liberdade e seriedade\u201d<\/span><\/i><\/b><span data-ccp-props=\"{&quot;201341983&quot;:0,&quot;335551550&quot;:6,&quot;335551620&quot;:6,&quot;335559739&quot;:0,&quot;335559740&quot;:240}\">\u00a0<\/span><\/p>\n<p><span data-ccp-props=\"{&quot;201341983&quot;:0,&quot;335551550&quot;:6,&quot;335551620&quot;:6,&quot;335559685&quot;:720,&quot;335559739&quot;:0,&quot;335559740&quot;:240}\">\u00a0<\/span><\/p>\n<p><span data-ccp-props=\"{&quot;201341983&quot;:0,&quot;335551550&quot;:6,&quot;335551620&quot;:6,&quot;335559685&quot;:720,&quot;335559739&quot;:0,&quot;335559740&quot;:240}\">\u00a0<\/span><\/p>\n<p><b><span data-contrast=\"none\">\u202fPerfil do Egresso\u202f<\/span><\/b><span data-ccp-props=\"{&quot;201341983&quot;:0,&quot;335551550&quot;:6,&quot;335551620&quot;:6,&quot;335559685&quot;:720,&quot;335559739&quot;:0,&quot;335559740&quot;:240}\">\u00a0<\/span><\/p>\n<p><span data-ccp-props=\"{&quot;201341983&quot;:0,&quot;335559739&quot;:0,&quot;335559740&quot;:240}\">\u00a0<\/span><\/p>\n<p><span data-contrast=\"none\">Os egressos do curso de gradua\u00e7\u00e3o em Enfermagem, da Faculdade Peru\u00edbe, ser\u00e3o enfermeiros, com forma\u00e7\u00e3o generalista, humanista, cr\u00edtica e reflexiva, qualificados para o exerc\u00edcio profissional de Enfermagem, com base no rigor cient\u00edfico e intelectual e pautado em princ\u00edpios \u00e9ticos. Este enfermeiro dever\u00e1 ser capaz de conhecer e intervir de forma interdisciplinar e sistematizada sobre os problemas\/situa\u00e7\u00f5es de sa\u00fade-doen\u00e7a mais prevalentes no perfil epidemiol\u00f3gico nacional, com \u00eanfase na sua regi\u00e3o de atua\u00e7\u00e3o, identificando as dimens\u00f5es biopsicossociais e culturais dos seus determinantes.\u202f<\/span><span data-ccp-props=\"{&quot;201341983&quot;:0,&quot;335551550&quot;:6,&quot;335551620&quot;:6,&quot;335559731&quot;:284,&quot;335559739&quot;:0,&quot;335559740&quot;:240}\">\u00a0<\/span><\/p>\n<p><span data-contrast=\"none\">Com sua forma\u00e7\u00e3o generalista ser\u00e3o capazes de atuar nos diversos n\u00edveis de aten\u00e7\u00e3o em sa\u00fade (promo\u00e7\u00e3o, preven\u00e7\u00e3o, recupera\u00e7\u00e3o e reabilita\u00e7\u00e3o) e em todas as fases do ciclo vital, comprometidos eticamente e politicamente com a valoriza\u00e7\u00e3o e a defesa da vida e sustentados pelos eixos humanistas, educacionais, biol\u00f3gicos, gerenciais, tecnol\u00f3gicas e de pesquisa que nortearam sua trajet\u00f3ria acad\u00eamica.\u202f<\/span><span data-ccp-props=\"{&quot;201341983&quot;:0,&quot;335551550&quot;:6,&quot;335551620&quot;:6,&quot;335559731&quot;:284,&quot;335559739&quot;:0,&quot;335559740&quot;:240}\">\u00a0<\/span><\/p>\n<p><span data-contrast=\"none\">Ser\u00e3o coordenadores da metodologia da assist\u00eancia de Enfermagem e respons\u00e1veis pela motiva\u00e7\u00e3o da atualiza\u00e7\u00e3o t\u00e9cnico-cient\u00edfica de sua equipe. Al\u00e9m de estarem capacitados para o julgamento cr\u00edtico e para avalia\u00e7\u00e3o cl\u00ednica de Enfermagem em qualquer cen\u00e1rio de atua\u00e7\u00e3o profissional, sabendo contextualizar suas a\u00e7\u00f5es e interven\u00e7\u00f5es, pautado na cientificidade, na legisla\u00e7\u00e3o em vigor e no exerc\u00edcio da cidadania, garantindo assim a autonomia do enfermeiro nos processos de tomada de decis\u00e3o para o cuidar junto ao ser humano-cidad\u00e3o, fam\u00edlia e coletividade.<\/span><span data-ccp-props=\"{&quot;201341983&quot;:0,&quot;335551550&quot;:6,&quot;335551620&quot;:6,&quot;335559731&quot;:284,&quot;335559739&quot;:0,&quot;335559740&quot;:240}\">\u00a0<\/span><\/p>\n<p><span data-ccp-props=\"{&quot;201341983&quot;:0,&quot;335551550&quot;:6,&quot;335551620&quot;:6,&quot;335559731&quot;:284,&quot;335559739&quot;:0,&quot;335559740&quot;:240}\">\u00a0<\/span><\/p>\n<p><b><span data-contrast=\"none\">As compet\u00eancias e habilidades\u00a0<\/span><\/b><span data-ccp-props=\"{&quot;201341983&quot;:0,&quot;335551550&quot;:6,&quot;335551620&quot;:6,&quot;335559731&quot;:708,&quot;335559739&quot;:0,&quot;335559740&quot;:240}\">\u00a0<\/span><\/p>\n<p><span data-ccp-props=\"{&quot;201341983&quot;:0,&quot;335551550&quot;:6,&quot;335551620&quot;:6,&quot;335559731&quot;:284,&quot;335559739&quot;:0,&quot;335559740&quot;:240}\">\u00a0<\/span><\/p>\n<p><span data-contrast=\"none\">As compet\u00eancias e habilidades do egresso do curso de Enfermagem da FPBE s\u00e3o trabalhadas durante toda a forma\u00e7\u00e3o do estudante por meio de conte\u00fados program\u00e1ticos interdisciplinares e pela participa\u00e7\u00e3o dos alunos em projetos de extens\u00e3o e de pesquisa. Est\u00e3o envolvidas nos n\u00facleos de forma\u00e7\u00e3o b\u00e1sica e espec\u00edfica, sendo fundamentadas a partir das Diretrizes Curriculares Nacionais para o Ensino de Gradua\u00e7\u00e3o em Enfermagem.\u202f<\/span><span data-ccp-props=\"{&quot;134233117&quot;:false,&quot;134233118&quot;:false,&quot;201341983&quot;:0,&quot;335551550&quot;:6,&quot;335551620&quot;:6,&quot;335559731&quot;:357,&quot;335559738&quot;:0,&quot;335559739&quot;:120,&quot;335559740&quot;:240}\">\u00a0<\/span><\/p>\n<p><span data-contrast=\"none\">A forma\u00e7\u00e3o do enfermeiro na FPBE tamb\u00e9m tem como meta atender as necessidades sociais da sa\u00fade, com \u00eanfase no Sistema \u00danico de Sa\u00fade (SUS), na integralidade da aten\u00e7\u00e3o \u00e0 sa\u00fade, na qualidade e na humaniza\u00e7\u00e3o do atendimento. Compet\u00eancias e habilidades gerais a serem desenvolvidas na forma\u00e7\u00e3o do enfermeiro conforme Diretrizes Curriculares Nacionais do Curso de Gradua\u00e7\u00e3o em Enfermagem.\u00a0<\/span><span data-ccp-props=\"{&quot;134233117&quot;:false,&quot;134233118&quot;:false,&quot;201341983&quot;:0,&quot;335551550&quot;:6,&quot;335551620&quot;:6,&quot;335559731&quot;:357,&quot;335559738&quot;:0,&quot;335559739&quot;:120,&quot;335559740&quot;:240}\">\u00a0<\/span><\/p>\n<p><span data-contrast=\"none\">Habilidades: <\/span><b><i><span data-contrast=\"none\">aten\u00e7\u00e3o b\u00e1sica, tomada de decis\u00f5es, comunica\u00e7\u00e3o, lideran\u00e7a, administra\u00e7\u00e3o e gerenciamento, educa\u00e7\u00e3o permanente, dentre outras.\u00a0<\/span><\/i><\/b><span data-ccp-props=\"{&quot;134233117&quot;:false,&quot;134233118&quot;:false,&quot;201341983&quot;:0,&quot;335551550&quot;:6,&quot;335551620&quot;:6,&quot;335559731&quot;:357,&quot;335559738&quot;:0,&quot;335559739&quot;:120,&quot;335559740&quot;:240}\">\u00a0<\/span><\/p>\n","protected":false},"excerpt":{"rendered":"<p>Fazer inscri\u00e7\u00e3o! &nbsp; &nbsp; Miss\u00e3o Institucional\u00a0 \u00a0 Considerando sua inser\u00e7\u00e3o regional e \u00e0s diretrizes da FPBE, o curso de Enfermagem, tem como miss\u00e3o:\u00a0 \u201cFormar cidad\u00e3os com compet\u00eancia t\u00e9cnica e compromisso social, e transmitir valores \u00e9ticos de disciplina, respeito, liberdade e seriedade\u201d\u00a0 \u00a0 \u00a0 \u202fPerfil do Egresso\u202f\u00a0 \u00a0 Os egressos do<\/p>\n","protected":false},"author":1,"featured_media":4975,"parent":0,"menu_order":0,"comment_status":"closed","ping_status":"closed","template":"templates\/template-curso_menu_vertical.php","meta":{"footnotes":""},"categories":[26],"tags":[34],"class_list":["post-377","page","type-page","status-publish","has-post-thumbnail","hentry","category-graduacao-presencial","tag-bacharelado"],"_links":{"self":[{"href":"https:\/\/portal.unisepe.com.br\/fpbe\/wp-json\/wp\/v2\/pages\/377","targetHints":{"allow":["GET"]}}],"collection":[{"href":"https:\/\/portal.unisepe.com.br\/fpbe\/wp-json\/wp\/v2\/pages"}],"about":[{"href":"https:\/\/portal.unisepe.com.br\/fpbe\/wp-json\/wp\/v2\/types\/page"}],"author":[{"embeddable":true,"href":"https:\/\/portal.unisepe.com.br\/fpbe\/wp-json\/wp\/v2\/users\/1"}],"replies":[{"embeddable":true,"href":"https:\/\/portal.unisepe.com.br\/fpbe\/wp-json\/wp\/v2\/comments?post=377"}],"version-history":[{"count":7,"href":"https:\/\/portal.unisepe.com.br\/fpbe\/wp-json\/wp\/v2\/pages\/377\/revisions"}],"predecessor-version":[{"id":4645,"href":"https:\/\/portal.unisepe.com.br\/fpbe\/wp-json\/wp\/v2\/pages\/377\/revisions\/4645"}],"wp:featuredmedia":[{"embeddable":true,"href":"https:\/\/portal.unisepe.com.br\/fpbe\/wp-json\/wp\/v2\/media\/4975"}],"wp:attachment":[{"href":"https:\/\/portal.unisepe.com.br\/fpbe\/wp-json\/wp\/v2\/media?parent=377"}],"wp:term":[{"taxonomy":"category","embeddable":true,"href":"https:\/\/portal.unisepe.com.br\/fpbe\/wp-json\/wp\/v2\/categories?post=377"},{"taxonomy":"post_tag","embeddable":true,"href":"https:\/\/portal.unisepe.com.br\/fpbe\/wp-json\/wp\/v2\/tags?post=377"}],"curies":[{"name":"wp","href":"https:\/\/api.w.org\/{rel}","templated":true}]}}