{"id":3829,"date":"2022-09-13T14:57:29","date_gmt":"2022-09-13T17:57:29","guid":{"rendered":"https:\/\/portal.unisepe.com.br\/fpbe\/?page_id=3829"},"modified":"2022-11-30T19:21:39","modified_gmt":"2022-11-30T22:21:39","slug":"fisioterapia-2","status":"publish","type":"page","link":"https:\/\/portal.unisepe.com.br\/fpbe\/links-cursos\/fisioterapia-2\/","title":{"rendered":"Fisioterapia"},"content":{"rendered":"<p style=\"text-align: center\"><strong>REVISTAS DE LIVRE ACESSO FISIOTERAPIA<\/strong><\/p>\n<p>&nbsp;<\/p>\n<ul>\n<li><a href=\"https:\/\/www.abrasco.org.br\/site\/\">ABRASCO \u2013 Associa\u00e7\u00e3o Brasileira de P\u00f3s Gradua\u00e7\u00e3o em Sa\u00fade Coletiva<\/a><\/li>\n<li><a href=\"https:\/\/www.actaortopedica.com\/\">Acta Ortop\u00e9dica Brasileira<\/a><\/li>\n<li><a href=\"https:\/\/assobrafir.com.br\/\">ASSOBRAFIR \u2013 Associa\u00e7\u00e3o Brasileira de Fisioterapia Cardiorrespirat\u00f3ria e Fisioterapia em Terapia Intensiva<\/a><\/li>\n<li><a href=\"http:\/\/www.rbf-bjpt.org.br\/\">BRAZILIAN JOURNAL OF PHSYCAL THERAPY \u2013 Revista Brasileira de Fisioterapia \u2013 Associa\u00e7\u00e3o Brasileira de Pesquisa e P\u00f3s-Gradua\u00e7\u00e3o em Fisioterapia<\/a><\/li>\n<li><a href=\"https:\/\/www.sciencedirect.com\/journal\/cardiovascular-pathology\">Cardiovascular Pathology<\/a><\/li>\n<li><a href=\"https:\/\/www.cochranelibrary.com\/\">Cochranne Library<\/a><\/li>\n<li><a href=\"https:\/\/www.coffito.gov.br\/nsite\/\" style=\"font-size: 0.95em\">COFFITO \u2013 Conselho Federal de Fisioterapia e Terapia Ocupacional<\/a><\/li>\n<li><a href=\"https:\/\/www.portalatlanticaeditora.com.br\/index.php\/fisioterapiabrasil\/article\/view\/813\" style=\"font-size: 0.95em\">Fisioterapia Brasil<\/a><\/li>\n<li><a href=\"https:\/\/www.revistas.usp.br\/fpusp\" style=\"font-size: 0.95em\">Fisioterapia e Pesquisa &#8211; Portal derevistas da USP<\/a><\/li>\n<li><a href=\"https:\/\/periodicos.pucpr.br\/index.php\/fisio\/index\" style=\"font-size: 0.95em\">Fisioterapia em Movimento<\/a><\/li>\n<li><a href=\"http:\/\/ifspt.org\/pt-br\/education\/journals\/\" style=\"font-size: 0.95em\">Fisioterapia Esportiva \u2013 IFSPT<\/a><\/li>\n<li><a href=\"https:\/\/rbme.org\/\">RBME Revista Brasileira de Medicina do Esporte<\/a><\/li>\n<li><a href=\"https:\/\/lilacs.bvsalud.org\/\" style=\"font-size: 0.95em\">Literatura Latino-Americana e do Caribe em Ci\u00eancias da Sa\u00fade &#8211; LILACS<\/a><\/li>\n<li><a href=\"http:\/\/seer.ufrgs.br\/Movimento\/index\" style=\"font-size: 0.95em\">Movimento: Revista de Educa\u00e7\u00e3o F\u00edsica da UFRGS<\/a><\/li>\n<li><a href=\"https:\/\/rbme.org\/\" style=\"font-size: 0.95em\">RBME Revista Brasileira de Medicina do Esporte<\/a><\/li>\n<li><a href=\"https:\/\/www.revistas.usp.br\/actafisiatrica\/about\" style=\"font-size: 0.95em\">Revista Acta Fisi\u00e1trica<\/a><\/li>\n<li><a href=\"https:\/\/www.scielo.br\/j\/rbcdh\/\">Revista Brasileira de Cineantropometria &amp; Desempenho Humano<\/a><\/li>\n<li><a href=\"https:\/\/www.redalyc.org\/toc.oa?id=2350\" style=\"font-size: 0.95em\">Revista Brasileira de Fisioterapia \u2013 Redalyc<\/a><\/li>\n<li><a href=\"http:\/\/www.rbpfex.com.br\/index.php\/rbpfex\/issue\/archive\" style=\"font-size: 0.95em\">Revista Brasileira de Prescri\u00e7\u00e3o e Fisiologia do Exerc\u00edcio<\/a><\/li>\n<li><a href=\"https:\/\/www.scielo.br\/j\/rbti\/a\/mHVYxRpJY3hHnMC8BnmPQwb\/abstract\/?lang=pt\">Revista Brasileira de Terapia Intensiva<\/a><\/li>\n<li><a href=\"https:\/\/periodicos.unifor.br\/RBPS\/article\/view\/1178\" style=\"font-size: 0.95em\">Revista Brasileira em Promo\u00e7\u00e3o da Sa\u00fade<\/a><\/li>\n<li><a href=\"http:\/\/www.rbqueimaduras.com.br\/details\/465\/pt-BR\/atuacao-da-fisioterapia-no-paciente-queimado-e-identificacao-do-perfil-clinico-em-um-centro-de-referencia-estadual\" style=\"font-size: 0.95em\">Revista Brasileiras de queimaduras e a import\u00e2ncia da Fisioterapia<\/a><\/li>\n<li><a href=\"https:\/\/www.seer.uscs.edu.br\/index.php\/revista_ciencias_saude\/article\/view\/2339\" style=\"font-size: 0.95em\">Revista de Aten\u00e7\u00e3o \u00e0 Sa\u00fade<\/a><\/li>\n<li><a href=\"https:\/\/acervomais.com.br\/index.php\/saude\/index\" style=\"font-size: 0.95em\">Revista Eletr\u00f4nica Acervo Sa\u00fade<\/a><\/li>\n<li><a href=\"https:\/\/revistaseletronicas.pucrs.br\/ojs\/index.php\/faenfi\/index\" style=\"font-size: 0.95em\">Revista Eletr\u00f4nica PUC Ci\u00eancia e Sa\u00fade\u00a0 <\/a><span style=\"font-size: 0.95em\">\u00a0<\/span><\/li>\n<li><a href=\"https:\/\/periodicos.ufrn.br\/extensaoesociedade\/article\/view\/20748\" style=\"font-size: 0.95em\">Revista Extens\u00e3o e Sociedade<\/a><\/li>\n<li><a href=\"http:\/\/www.fisioterapiaesaudefuncional.ufc.br\/index.php\/fisioterapia\/index\" style=\"font-size: 0.95em\">Revista fisioterapia &amp;Sa\u00fade Funcional<\/a><\/li>\n<li><a href=\"http:\/\/rfp-ptr.com.br\/\" style=\"font-size: 0.95em\">Revista Fisioterapia e Pesquisa<\/a><\/li>\n<li><a href=\"https:\/\/www.sciencedirect.com\/journal\/revista-iberoamericana-de-fisioterapia-y-kinesiologia\" style=\"font-size: 0.95em\">Revista Iberoamericana de Fisiterapia y Kinesiologia<\/a><\/li>\n<li><a href=\"https:\/\/www.novafisio.com.br\/\" style=\"font-size: 0.95em\">Revista Nova FISIO<\/a><\/li>\n<li><a href=\"https:\/\/www.researchgate.net\/journal\/Revista-Pesquisa-em-Fisioterapia-2238-2704\" style=\"font-size: 0.95em\">Revista Pesquisa em Fisioterapia<\/a><\/li>\n<li><a href=\"https:\/\/www5.bahiana.edu.br\/index.php\/fisioterapia\/index\" style=\"font-size: 0.95em\">Revista Pesquisa em Fisioterapia (RPF)<\/a><\/li>\n<li><a href=\"https:\/\/www.sanarsaude.com\/livro\/fisioterapia?orderBy=&amp;filterTheme=&amp;utm_term=livros%20fisioterapia&amp;utm_campaign=%5BEcom%5D+%5BGeral%5D+%5BSearch%5D+%5BLivros%5D+%5BROAS%5D+-+Livros+N%C3%BAcleos+Sem+Marca&amp;utm_source=google&amp;utm_medium=cpc&amp;hsa_acc=5238750109&amp;hsa_cam=16868775490&amp;hsa_grp=136920448473&amp;hsa_ad=592517933224&amp;hsa_src=g&amp;hsa_tgt=kwd-307271271267&amp;hsa_kw=livros%20fisioterapia&amp;hsa_mt=b&amp;hsa_net=adwords&amp;hsa_ver=3&amp;gclid=CjwKCAjw0dKXBhBPEiwA2bmObfBSJUz7wPmi0_XH5lLcnq2vUESBOL2D5wXep6d2jOx1MaJijJ8VexoCCX8QAvD_BwE\" style=\"font-size: 0.95em\">Sanar \u2013 Livros e apostilas para concursos e resid\u00eancias em Fisioterapia<\/a><\/li>\n<li><a href=\"https:\/\/www.coffito.gov.br\/nsite\/?page_id=2346\" style=\"font-size: 0.95em\">C\u00f3digo de \u00c9tica<\/a><\/li>\n<\/ul>\n<p>&nbsp;<\/p>\n<p style=\"text-align: center\"><strong>SITES DE PESQUISA<\/strong><\/p>\n<ul>\n<li><a href=\"https:\/\/scielo.org\/pt\/\">SciELO <\/a><\/li>\n<li><a href=\"https:\/\/pedro.org.au\/portuguese\/\">PeDro<\/a><\/li>\n<li><a href=\"http:\/\/www-periodicos-capes-gov-br.ezl.periodicos.capes.gov.br\/index.php?option=com_phome\">Portal de Peri\u00f3dicos CAPES <\/a><\/li>\n<li><a href=\"https:\/\/pubmed.ncbi.nlm.nih.gov\/\">PUBmed<\/a><\/li>\n<li><a href=\"https:\/\/bvsalud.org\/\">Biblioteca Virtual da Sa\u00fade\u00a0 &#8211; BIREME <\/a><\/li>\n<\/ul>\n","protected":false},"excerpt":{"rendered":"<p>REVISTAS DE LIVRE ACESSO FISIOTERAPIA &nbsp; ABRASCO \u2013 Associa\u00e7\u00e3o Brasileira de P\u00f3s Gradua\u00e7\u00e3o em Sa\u00fade Coletiva Acta Ortop\u00e9dica Brasileira ASSOBRAFIR \u2013 Associa\u00e7\u00e3o Brasileira de Fisioterapia Cardiorrespirat\u00f3ria e Fisioterapia em Terapia Intensiva BRAZILIAN JOURNAL OF PHSYCAL THERAPY \u2013 Revista Brasileira de Fisioterapia \u2013 Associa\u00e7\u00e3o Brasileira de Pesquisa e P\u00f3s-Gradua\u00e7\u00e3o em Fisioterapia<\/p>\n","protected":false},"author":6,"featured_media":0,"parent":2367,"menu_order":0,"comment_status":"closed","ping_status":"closed","template":"","meta":{"footnotes":""},"categories":[],"tags":[],"class_list":["post-3829","page","type-page","status-publish","hentry"],"_links":{"self":[{"href":"https:\/\/portal.unisepe.com.br\/fpbe\/wp-json\/wp\/v2\/pages\/3829","targetHints":{"allow":["GET"]}}],"collection":[{"href":"https:\/\/portal.unisepe.com.br\/fpbe\/wp-json\/wp\/v2\/pages"}],"about":[{"href":"https:\/\/portal.unisepe.com.br\/fpbe\/wp-json\/wp\/v2\/types\/page"}],"author":[{"embeddable":true,"href":"https:\/\/portal.unisepe.com.br\/fpbe\/wp-json\/wp\/v2\/users\/6"}],"replies":[{"embeddable":true,"href":"https:\/\/portal.unisepe.com.br\/fpbe\/wp-json\/wp\/v2\/comments?post=3829"}],"version-history":[{"count":4,"href":"https:\/\/portal.unisepe.com.br\/fpbe\/wp-json\/wp\/v2\/pages\/3829\/revisions"}],"predecessor-version":[{"id":3908,"href":"https:\/\/portal.unisepe.com.br\/fpbe\/wp-json\/wp\/v2\/pages\/3829\/revisions\/3908"}],"up":[{"embeddable":true,"href":"https:\/\/portal.unisepe.com.br\/fpbe\/wp-json\/wp\/v2\/pages\/2367"}],"wp:attachment":[{"href":"https:\/\/portal.unisepe.com.br\/fpbe\/wp-json\/wp\/v2\/media?parent=3829"}],"wp:term":[{"taxonomy":"category","embeddable":true,"href":"https:\/\/portal.unisepe.com.br\/fpbe\/wp-json\/wp\/v2\/categories?post=3829"},{"taxonomy":"post_tag","embeddable":true,"href":"https:\/\/portal.unisepe.com.br\/fpbe\/wp-json\/wp\/v2\/tags?post=3829"}],"curies":[{"name":"wp","href":"https:\/\/api.w.org\/{rel}","templated":true}]}}