{"id":3831,"date":"2022-10-10T15:16:59","date_gmt":"2022-10-10T18:16:59","guid":{"rendered":"https:\/\/portal.unisepe.com.br\/fpbe\/?page_id=3831"},"modified":"2024-07-15T11:51:08","modified_gmt":"2024-07-15T14:51:08","slug":"avaliacao-comunidade-externa","status":"publish","type":"page","link":"https:\/\/portal.unisepe.com.br\/fpbe\/comissao-propria-de-avaliacao\/avaliacao-comunidade-externa\/","title":{"rendered":"Avalia\u00e7\u00e3o Comunidade Externa"},"content":{"rendered":"<p>Essa pesquisa \u00e9 destinada \u00e0s pessoas que n\u00e3o s\u00e3o estudantes, professores ou servidores t\u00e9cnico administrativo da FPBE.<br \/>\nSua participa\u00e7\u00e3o \u00e9 volunt\u00e1ria e n\u00e3o \u00e9 necess\u00e1rio que se identifique.<\/p>\n<p style=\"text-align: justify\">A <span>Faculdade Peru\u00edbe<\/span> disponibiliza uma pesquisa para nos aproximar e entender melhor nossa comunidade externa.<\/p>\n<p>&nbsp;<\/p>\n<p style=\"text-align: center\"><a href=\"https:\/\/portal.unisepe.com.br\/unisepe\/geral\/pesquisas\/responder\/pesquisas\/?pesquisa_filial=0008&amp;pesquisa=55\" class=\"btn btn-primary \">Iniciar pesquisa<\/a><\/p>\n<p>&nbsp;<\/p>\n<ul>\n<li><a href=\"https:\/\/portal.unisepe.com.br\/fpbe\/wp-content\/uploads\/sites\/10008\/2024\/05\/55_Questionario_de_Autoavaliacao_Institucional_-_FPBE_Tipo_sintetico_Geral__22-05-2024_20241.pdf\" target=\"_blank\" rel=\"noopener noreferrer\">2024 &#8211; Avalia\u00e7\u00e3o da comunidade externa<\/a><\/li>\n<\/ul>\n<p>&nbsp;<\/p>\n","protected":false},"excerpt":{"rendered":"<p>Essa pesquisa \u00e9 destinada \u00e0s pessoas que n\u00e3o s\u00e3o estudantes, professores ou servidores t\u00e9cnico administrativo da FPBE. Sua participa\u00e7\u00e3o \u00e9 volunt\u00e1ria e n\u00e3o \u00e9 necess\u00e1rio que se identifique. A Faculdade Peru\u00edbe disponibiliza uma pesquisa para nos aproximar e entender melhor nossa comunidade externa. &nbsp; Iniciar pesquisa &nbsp; 2024 &#8211; Avalia\u00e7\u00e3o<\/p>\n","protected":false},"author":1,"featured_media":0,"parent":732,"menu_order":0,"comment_status":"closed","ping_status":"closed","template":"templates\/template-pagina_menu_vertical.php","meta":{"footnotes":""},"categories":[],"tags":[],"class_list":["post-3831","page","type-page","status-publish","hentry"],"_links":{"self":[{"href":"https:\/\/portal.unisepe.com.br\/fpbe\/wp-json\/wp\/v2\/pages\/3831","targetHints":{"allow":["GET"]}}],"collection":[{"href":"https:\/\/portal.unisepe.com.br\/fpbe\/wp-json\/wp\/v2\/pages"}],"about":[{"href":"https:\/\/portal.unisepe.com.br\/fpbe\/wp-json\/wp\/v2\/types\/page"}],"author":[{"embeddable":true,"href":"https:\/\/portal.unisepe.com.br\/fpbe\/wp-json\/wp\/v2\/users\/1"}],"replies":[{"embeddable":true,"href":"https:\/\/portal.unisepe.com.br\/fpbe\/wp-json\/wp\/v2\/comments?post=3831"}],"version-history":[{"count":4,"href":"https:\/\/portal.unisepe.com.br\/fpbe\/wp-json\/wp\/v2\/pages\/3831\/revisions"}],"predecessor-version":[{"id":4916,"href":"https:\/\/portal.unisepe.com.br\/fpbe\/wp-json\/wp\/v2\/pages\/3831\/revisions\/4916"}],"up":[{"embeddable":true,"href":"https:\/\/portal.unisepe.com.br\/fpbe\/wp-json\/wp\/v2\/pages\/732"}],"wp:attachment":[{"href":"https:\/\/portal.unisepe.com.br\/fpbe\/wp-json\/wp\/v2\/media?parent=3831"}],"wp:term":[{"taxonomy":"category","embeddable":true,"href":"https:\/\/portal.unisepe.com.br\/fpbe\/wp-json\/wp\/v2\/categories?post=3831"},{"taxonomy":"post_tag","embeddable":true,"href":"https:\/\/portal.unisepe.com.br\/fpbe\/wp-json\/wp\/v2\/tags?post=3831"}],"curies":[{"name":"wp","href":"https:\/\/api.w.org\/{rel}","templated":true}]}}